{"id":1213,"date":"2021-02-26T02:43:24","date_gmt":"2021-02-26T02:43:24","guid":{"rendered":"https:\/\/bgal.com.mx\/bgal\/?page_id=1213"},"modified":"2024-10-09T06:35:06","modified_gmt":"2024-10-09T06:35:06","slug":"veronica-garcia-herrera","status":"publish","type":"page","link":"https:\/\/bgal.com.mx\/en\/?page_id=1213","title":{"rendered":"Ver\u00f3nica Garc\u00eda"},"content":{"rendered":"<p><div class=\"fusion-fullwidth fullwidth-box fusion-builder-row-1 fusion-flex-container nonhundred-percent-fullwidth non-hundred-percent-height-scrolling\" style=\"background-color: rgba(255,255,255,0);background-position: center center;background-repeat: no-repeat;border-width: 0px 0px 0px 0px;border-color:#e2e2e2;border-style:solid;\" ><div class=\"fusion-builder-row fusion-row fusion-flex-align-items-flex-start\" style=\"max-width:1248px;margin-left: calc(-4% \/ 2 );margin-right: calc(-4% \/ 2 );\"><div class=\"fusion-layout-column fusion_builder_column fusion-builder-column-0 fusion_builder_column_1_2 1_2 fusion-flex-column fusion-animated\" data-animationType=\"slideInRight\" data-animationDuration=\"2.5\" data-animationOffset=\"100%\"><div class=\"fusion-column-wrapper fusion-flex-justify-content-flex-start fusion-content-layout-column\" style=\"background-position:left top;background-repeat:no-repeat;-webkit-background-size:cover;-moz-background-size:cover;-o-background-size:cover;background-size:cover;padding: 0px 0px 0px 0px;\"><div ><span class=\" fusion-imageframe imageframe-none imageframe-1 hover-type-zoomin\"><img decoding=\"async\" width=\"400\" height=\"468\" title=\"8\" src=\"https:\/\/bgal.com.mx\/en\/wp-content\/uploads\/2021\/06\/8-1-400x468.jpg\" class=\"img-responsive wp-image-1636\" srcset=\"https:\/\/bgal.com.mx\/en\/wp-content\/uploads\/2021\/06\/8-1-200x234.jpg 200w, https:\/\/bgal.com.mx\/en\/wp-content\/uploads\/2021\/06\/8-1-400x468.jpg 400w, https:\/\/bgal.com.mx\/en\/wp-content\/uploads\/2021\/06\/8-1.jpg 585w\" sizes=\"(max-width: 640px) 100vw, 400px\" \/><\/span><\/div><p>\u00a0<\/p><div class=\"fusion-text fusion-text-1\" style=\"transform:translate3d(0,0,0);\"><p><i class=\"fb-icon-element-1 fb-icon-element fontawesome-icon fa-envelope-open-text fas circle-yes fusion-text-flow\" style=\"font-size:14.08px;line-height:26.16px;height:28.16px;width:28.16px;border-width:1px;margin-right:8px;\"><\/i><style>i.fb-icon-element.fontawesome-icon.fb-icon-element-1{ color: #ffffff; background-color: #4a4e57; border-color: #4a4e57;}i.fb-icon-element.fontawesome-icon.fb-icon-element-1:hover { color: #ffffff; background-color: #ec6733; border-color: #ec6733;}<\/style> <a href=\"veronica.garcia@bgal.com.mx\">veronica.garcia@bgal.com.mx<\/a><\/p>\n<p><strong>PRACTICE AREAS<\/strong><\/p>\n<ul>\n<li>Strategies for the protection of inventions<\/li>\n<li>Patent portfolio administration and management.<\/li>\n<li>Advice on patent infringement risks.<\/li>\n<li>Industrial designs<\/li>\n<li>Utility models.<\/li>\n<li>Plant variety protection<\/li>\n<li>Patent litigation.<\/li>\n<\/ul>\n<p><strong>LANGUAGES<\/strong><\/p>\n<ul>\n<li>Spanish<\/li>\n<li>English<\/li>\n<\/ul>\n<\/div><\/div><\/div><style type=\"text\/css\">.fusion-body .fusion-builder-column-0{width:50% !important;margin-top : 0px;margin-bottom : 0px;}.fusion-builder-column-0 > .fusion-column-wrapper {padding-top : 0px !important;padding-right : 0px !important;margin-right : 3.84%;padding-bottom : 0px !important;padding-left : 0px !important;margin-left : 3.84%;}@media only screen and (max-width:1024px) {.fusion-body .fusion-builder-column-0{width:50% !important;order : 0;margin-top : -40px;}.fusion-builder-column-0 > .fusion-column-wrapper {margin-right : 3.84%;margin-left : 3.84%;}}@media only screen and (max-width:640px) {.fusion-body .fusion-builder-column-0{width:100% !important;order : 0;margin-top : 0;}.fusion-builder-column-0 > .fusion-column-wrapper {padding-top : 6vh !important;margin-right : 1.92%;margin-left : 1.92%;}}<\/style><div class=\"fusion-layout-column fusion_builder_column fusion-builder-column-1 fusion_builder_column_1_2 1_2 fusion-flex-column fusion-animated\" data-animationType=\"slideInLeft\" data-animationDuration=\"2.5\" data-animationOffset=\"100%\"><div class=\"fusion-column-wrapper fusion-flex-justify-content-flex-start fusion-content-layout-column\" style=\"background-position:left top;background-repeat:no-repeat;-webkit-background-size:cover;-moz-background-size:cover;-o-background-size:cover;background-size:cover;padding: 5vh 2vw 0px 0px;\"><div class=\"fusion-text fusion-text-2\" style=\"transform:translate3d(0,0,0);\"><p style=\"text-align: justify;\">Ver\u00f3nica has a master\u2019s in sciences and administration focusing on Intellectual Property. She has a broad professional background of over two decades of experience in patent consulting, spanning different fields, including the pharmaceutical, biotechnological, mechanical, and electrical sectors and industrial designs.<\/p>\n<p style=\"text-align: justify;\">Her practice approach mainly focuses on patent filing and prosecution, patent infringement and nullity case litigation, and building solid and well-grounded strategies to protect inventions. Throughout her professional career, Ver\u00f3nica has successfully represented various national and international clients, including companies such as Buckman Laboratories, Nanocoating Technologies, and CSP Technologies.<\/p>\n<\/div><\/div><\/div><style type=\"text\/css\">.fusion-body .fusion-builder-column-1{width:50% !important;margin-top : 0px;margin-bottom : 0px;}.fusion-builder-column-1 > .fusion-column-wrapper {padding-top : 5vh !important;padding-right : 2vw !important;margin-right : 3.84%;padding-bottom : 0px !important;padding-left : 0px !important;margin-left : 3.84%;}@media only screen and (max-width:1024px) {.fusion-body .fusion-builder-column-1{width:50% !important;order : 0;}.fusion-builder-column-1 > .fusion-column-wrapper {padding-top : 8vh !important;margin-right : 3.84%;padding-left : 4vh !important;margin-left : 3.84%;}}@media only screen and (max-width:640px) {.fusion-body .fusion-builder-column-1{width:100% !important;order : 1;}.fusion-builder-column-1 > .fusion-column-wrapper {padding-top : 5vh !important;margin-right : 1.92%;margin-left : 1.92%;}}<\/style><\/div><style type=\"text\/css\">.fusion-body .fusion-flex-container.fusion-builder-row-1{ padding-top : 0px;margin-top : 0px;padding-right : 0px;padding-bottom : 0px;margin-bottom : 0px;padding-left : 0px;}<\/style><\/div><div class=\"fusion-fullwidth fullwidth-box fusion-builder-row-2 fusion-flex-container nonhundred-percent-fullwidth non-hundred-percent-height-scrolling\" style=\"background-color: rgba(255,255,255,0);background-position: center center;background-repeat: no-repeat;border-width: 0px 0px 0px 0px;border-color:#e2e2e2;border-style:solid;\" ><div class=\"fusion-builder-row fusion-row fusion-flex-align-items-flex-start\" style=\"max-width:1248px;margin-left: calc(-4% \/ 2 );margin-right: calc(-4% \/ 2 );\"><div class=\"fusion-layout-column fusion_builder_column fusion-builder-column-2 fusion_builder_column_1_1 1_1 fusion-flex-column\"><div class=\"fusion-column-wrapper fusion-flex-justify-content-flex-start fusion-content-layout-column\" style=\"background-position:left top;background-repeat:no-repeat;-webkit-background-size:cover;-moz-background-size:cover;-o-background-size:cover;background-size:cover;padding: 0px 0px 0px 0px;\"><br>\n<br><div class=\"fusion-tabs fusion-tabs-1 classic horizontal-tabs icon-position-left\"><style type=\"text\/css\">.fusion-tabs.fusion-tabs-1 .nav-tabs li a.tab-link{border-top-color:#f9f9fb;background-color:#f9f9fb;}.fusion-tabs.fusion-tabs-1 .nav-tabs{background-color:#ffffff;}.fusion-tabs.fusion-tabs-1 .nav-tabs li.active a.tab-link,.fusion-tabs.fusion-tabs-1 .nav-tabs li.active a.tab-link:hover,.fusion-tabs.fusion-tabs-1 .nav-tabs li.active a.tab-link:focus{border-right-color:#ffffff;}.fusion-tabs.fusion-tabs-1 .nav-tabs li.active a.tab-link,.fusion-tabs.fusion-tabs-1 .nav-tabs li.active a.tab-link:hover,.fusion-tabs.fusion-tabs-1 .nav-tabs li.active a.tab-link:focus{background-color:#ffffff;}.fusion-tabs.fusion-tabs-1 .nav-tabs li a:hover{background-color:#ffffff;border-top-color:#ffffff;}.fusion-tabs.fusion-tabs-1 .tab-pane{background-color:#ffffff;}.fusion-tabs.fusion-tabs-1 .nav,.fusion-tabs.fusion-tabs-1 .nav-tabs,.fusion-tabs.fusion-tabs-1 .tab-content .tab-pane{border-color:#e2e2e2;}<\/style><div class=\"nav\"><ul class=\"nav-tabs nav-justified\" role=\"tablist\"><li class=\"active\"><a class=\"tab-link\" data-toggle=\"tab\" role=\"tab\" aria-controls=\"tab-e8b97e8a84efb12af77\" aria-selected=\"true\" id=\"fusion-tab-education\" href=\"#tab-e8b97e8a84efb12af77\"><h4 class=\"fusion-tab-heading\">EDUCATION <\/h4><\/a><\/li><li><a class=\"tab-link\" data-toggle=\"tab\" role=\"tab\" aria-controls=\"tab-e44823e6f4fc90594c3\" aria-selected=\"false\" tabindex=\"-1\" id=\"fusion-tab-professionalexperience\" href=\"#tab-e44823e6f4fc90594c3\"><h4 class=\"fusion-tab-heading\">PROFESSIONAL EXPERIENCE<\/h4><\/a><\/li><\/ul><\/div><div class=\"tab-content\"><div class=\"nav fusion-mobile-tab-nav\"><ul class=\"nav-tabs nav-justified\"><li class=\"active\"><a class=\"tab-link\" data-toggle=\"tab\" role=\"tab\" aria-controls=\"tab-e8b97e8a84efb12af77\" aria-selected=\"true\" id=\"mobile-fusion-tab-education\" href=\"#tab-e8b97e8a84efb12af77\"><h4 class=\"fusion-tab-heading\">EDUCATION <\/h4><\/a><\/li><\/ul><\/div><div class=\"tab-pane fade fusion-clearfix in active\" role=\"tabpanel\" tabindex=\"0\" aria-labelledby=\"fusion-tab-education\" id=\"tab-e8b97e8a84efb12af77\">\n<ul>\n<li>Master\u2019s degree in Data Sciences, Universidad Tecnol\u00f3gica Latinoamericana en L\u00ednea (UTEL), 2023.<\/li>\n<li>Master\u2019s degree in Administration, Instituto Tecnol\u00f3gico Aut\u00f3nomo de M\u00e9xico (ITAM), 2010.<\/li>\n<li>Specialization degree in Intellectual Property, Universidad Panamericana\u00a0(UP), 2005.<\/li>\n<li>Master\u2019s in Sciences specializing in Molecular Biomedicine, Centro de Investigaci\u00f3n y Estudios avanzados del I.P.N. (CINVESTAV), 2001.<\/li>\n<li>Bachelor\u2019s degree in Pharmaceutical Chemist Biology,\u00a0Universidad Nacional Aut\u00f3noma de M\u00e9xico (UNAM),\u00a01999.<\/li>\n<\/ul>\n<\/div><div class=\"nav fusion-mobile-tab-nav\"><ul class=\"nav-tabs nav-justified\"><li><a class=\"tab-link\" data-toggle=\"tab\" role=\"tab\" aria-controls=\"tab-e44823e6f4fc90594c3\" aria-selected=\"false\" tabindex=\"-1\" id=\"mobile-fusion-tab-professionalexperience\" href=\"#tab-e44823e6f4fc90594c3\"><h4 class=\"fusion-tab-heading\">PROFESSIONAL EXPERIENCE<\/h4><\/a><\/li><\/ul><\/div><div class=\"tab-pane fade fusion-clearfix\" role=\"tabpanel\" tabindex=\"0\" aria-labelledby=\"fusion-tab-professionalexperience\" id=\"tab-e44823e6f4fc90594c3\">\n<ul>\n<li>BGAL Asociados, S.C. (Of Counsel, current)<\/li>\n<li>Mijares, Angoitia, Cort\u00e9s y Fuentes, S.C. (Associate\/Responsible for the Patent Sector, 2012-2018)<\/li>\n<li>Teva Pharmaceuticals Mexico, S.A. (Patent Coordinator and Chief of Research and Development Projects, 2009-2012)<\/li>\n<li>Ladr\u00f3n de Guevara, Garc\u00eda, Fuentes y Asociados, S.C. (Associate, 2002-2009).<\/li>\n<\/ul>\n<\/div><\/div><\/div><\/div><\/div><style type=\"text\/css\">.fusion-body .fusion-builder-column-2{width:100% !important;margin-top : 0px;margin-bottom : 20px;}.fusion-builder-column-2 > .fusion-column-wrapper {padding-top : 0px !important;padding-right : 0px !important;margin-right : 1.92%;padding-bottom : 0px !important;padding-left : 0px !important;margin-left : 1.92%;}@media only screen and (max-width:1024px) {.fusion-body .fusion-builder-column-2{width:100% !important;order : 0;}.fusion-builder-column-2 > .fusion-column-wrapper {margin-right : 1.92%;margin-left : 1.92%;}}@media only screen and (max-width:640px) {.fusion-body .fusion-builder-column-2{width:100% !important;order : 0;}.fusion-builder-column-2 > .fusion-column-wrapper {margin-right : 1.92%;margin-left : 1.92%;}}<\/style><\/div><style type=\"text\/css\">.fusion-body .fusion-flex-container.fusion-builder-row-2{ padding-top : 0px;margin-top : 0px;padding-right : 0px;padding-bottom : 0px;margin-bottom : 0px;padding-left : 0px;}<\/style><\/div><\/p>\n","protected":false},"excerpt":{"rendered":"","protected":false},"author":1,"featured_media":0,"parent":0,"menu_order":0,"comment_status":"closed","ping_status":"closed","template":"100-width.php","meta":{"footnotes":""},"class_list":["post-1213","page","type-page","status-publish","hentry"],"_links":{"self":[{"href":"https:\/\/bgal.com.mx\/en\/index.php?rest_route=\/wp\/v2\/pages\/1213"}],"collection":[{"href":"https:\/\/bgal.com.mx\/en\/index.php?rest_route=\/wp\/v2\/pages"}],"about":[{"href":"https:\/\/bgal.com.mx\/en\/index.php?rest_route=\/wp\/v2\/types\/page"}],"author":[{"embeddable":true,"href":"https:\/\/bgal.com.mx\/en\/index.php?rest_route=\/wp\/v2\/users\/1"}],"replies":[{"embeddable":true,"href":"https:\/\/bgal.com.mx\/en\/index.php?rest_route=%2Fwp%2Fv2%2Fcomments&post=1213"}],"version-history":[{"count":13,"href":"https:\/\/bgal.com.mx\/en\/index.php?rest_route=\/wp\/v2\/pages\/1213\/revisions"}],"predecessor-version":[{"id":2157,"href":"https:\/\/bgal.com.mx\/en\/index.php?rest_route=\/wp\/v2\/pages\/1213\/revisions\/2157"}],"wp:attachment":[{"href":"https:\/\/bgal.com.mx\/en\/index.php?rest_route=%2Fwp%2Fv2%2Fmedia&parent=1213"}],"curies":[{"name":"wp","href":"https:\/\/api.w.org\/{rel}","templated":true}]}}