{"id":1230,"date":"2021-02-27T02:11:41","date_gmt":"2021-02-27T02:11:41","guid":{"rendered":"https:\/\/bgal.com.mx\/bgal\/?page_id=1230"},"modified":"2022-11-04T04:47:08","modified_gmt":"2022-11-04T04:47:08","slug":"reconocimientos","status":"publish","type":"page","link":"https:\/\/bgal.com.mx\/en\/?page_id=1230","title":{"rendered":"Recognitions &#8211; 2021"},"content":{"rendered":"<p><div class=\"fusion-fullwidth fullwidth-box fusion-builder-row-1 fusion-flex-container nonhundred-percent-fullwidth non-hundred-percent-height-scrolling\" style=\"background-color: rgba(255,255,255,0);background-position: center center;background-repeat: no-repeat;border-width: 0px 0px 0px 0px;border-color:#e2e2e2;border-style:solid;\" ><div class=\"fusion-builder-row fusion-row fusion-flex-align-items-flex-start\" style=\"max-width:1248px;margin-left: calc(-4% \/ 2 );margin-right: calc(-4% \/ 2 );\"><div class=\"fusion-layout-column fusion_builder_column fusion-builder-column-0 fusion_builder_column_1_1 1_1 fusion-flex-column\"><div class=\"fusion-column-wrapper fusion-flex-justify-content-flex-start fusion-content-layout-column\" style=\"background-position:left top;background-repeat:no-repeat;-webkit-background-size:cover;-moz-background-size:cover;-o-background-size:cover;background-size:cover;padding: 0px 0px 0px 0px;\"><style type='text\/css'>.reading-box-container-1 .element-bottomshadow:before,.reading-box-container-1 .element-bottomshadow:after{opacity:0.7;}<\/style><div class=\"fusion-reading-box-container reading-box-container-1 fusion-animated\" data-animationType=\"slideInLeft\" data-animationDuration=\"3.0\" data-animationOffset=\"50%\" style=\"margin-top:0px;margin-bottom:20px;\"><div class=\"reading-box element-bottomshadow\" style=\"background-color:#f9f9fb;border-width:1px;border-color:rgba(226,226,226,0);border-left-width:3px;border-left-color:var(--primary_color);border-style:solid;\"><h2>WTR 1000<\/h2><div class=\"reading-box-additional fusion-reading-box-additional\">\n<p>BGAL Asociados broke into the WTR 1000 ranking this year, thanks to the excellent work that its founding partners Inti Alva and Flor Berm\u00fadez have done in the field of intellectual property law in Mexico.<\/p>\n<\/div><div class=\"fusion-clearfix\"><\/div><\/div><\/div><p>\u00a0<\/p><style type='text\/css'>.reading-box-container-2 .element-bottomshadow:before,.reading-box-container-2 .element-bottomshadow:after{opacity:0.7;}<\/style><div class=\"fusion-reading-box-container reading-box-container-2 fusion-animated\" data-animationType=\"slideInRight\" data-animationDuration=\"3.0\" data-animationOffset=\"100%\" style=\"margin-top:0px;margin-bottom:20px;\"><div class=\"reading-box element-bottomshadow\" style=\"background-color:#f9f9fb;border-width:1px;border-color:rgba(226,226,226,0);border-left-width:3px;border-left-color:var(--primary_color);border-style:solid;\"><h2>MEDIA LAW INTERNATIONAL<\/h2><div class=\"reading-box-additional fusion-reading-box-additional\">\n<p>Due to the outstanding work done by the BGAL Associates team, Media Law International 2021 places them in Band 3 of the 2021 ranking.<\/p>\n<\/div><div class=\"fusion-clearfix\"><\/div><\/div><\/div><p>\u00a0<\/p><style type='text\/css'>.reading-box-container-3 .element-bottomshadow:before,.reading-box-container-3 .element-bottomshadow:after{opacity:0.7;}<\/style><div class=\"fusion-reading-box-container reading-box-container-3 fusion-animated\" data-animationType=\"slideInLeft\" data-animationDuration=\"3.0\" data-animationOffset=\"100%\" style=\"margin-top:0px;margin-bottom:20px;\"><div class=\"reading-box element-bottomshadow\" style=\"background-color:#f9f9fb;border-width:1px;border-color:rgba(226,226,226,0);border-left-width:3px;border-left-color:var(--primary_color);border-style:solid;\"><h2>THE BEST LAWYERS IN MEXICO<\/h2><div class=\"reading-box-additional fusion-reading-box-additional\">\n<p>As a result of its extensive knowledge and experience in intellectual property and Administrative and Regulatory Law, BGAL Asociados\u00a0 ranked in\u00a0 Tops Best Lawyers publication in Mexico 2021.<\/p>\n<\/div><div class=\"fusion-clearfix\"><\/div><\/div><\/div><p>\u00a0<\/p><style type='text\/css'>.reading-box-container-4 .element-bottomshadow:before,.reading-box-container-4 .element-bottomshadow:after{opacity:0.7;}<\/style><div class=\"fusion-reading-box-container reading-box-container-4 fusion-animated\" data-animationType=\"slideInRight\" data-animationDuration=\"3.0\" data-animationOffset=\"100%\" style=\"margin-top:0px;margin-bottom:20px;\"><div class=\"reading-box element-bottomshadow\" style=\"background-color:#f9f9fb;border-width:1px;border-color:rgba(226,226,226,0);border-left-width:3px;border-left-color:var(--primary_color);border-style:solid;\"><h2>BEST LAWYERS - LAW FIRM OF THE YEAR M\u00c9XICO<\/h2><div class=\"reading-box-additional fusion-reading-box-additional\">\n<p>Inti Alva, Flor Berm\u00fadez, and Ver\u00f3nica Garc\u00eda were recognized for their strong\u00a0 commitment in the practice of specialized Intellectual Property law in Mexico.<\/p>\n<\/div><div class=\"fusion-clearfix\"><\/div><\/div><\/div><p>\u00a0<\/p><style type='text\/css'>.reading-box-container-5 .element-bottomshadow:before,.reading-box-container-5 .element-bottomshadow:after{opacity:0.7;}<\/style><div class=\"fusion-reading-box-container reading-box-container-5 fusion-animated\" data-animationType=\"slideInRight\" data-animationDuration=\"3.0\" data-animationOffset=\"100%\" style=\"margin-top:0px;margin-bottom:20px;\"><div class=\"reading-box element-bottomshadow\" style=\"background-color:#f9f9fb;border-width:1px;border-color:rgba(226,226,226,0);border-left-width:3px;border-left-color:var(--primary_color);border-style:solid;\"><h2>LATIN LAWYER 2021<\/h2><div class=\"reading-box-additional fusion-reading-box-additional\">\n<p>BGAL Asociados was recognized by Latin Lawyer 2021 as a Recommended Law Firm.<\/p>\n<p><span style=\"font-weight: 400;\">\u00a0<\/span><\/p>\n<\/div><div class=\"fusion-clearfix\"><\/div><\/div><\/div><p>\u00a0<\/p><\/div><\/div><style type=\"text\/css\">.fusion-body .fusion-builder-column-0{width:100% !important;margin-top : 0px;margin-bottom : 20px;}.fusion-builder-column-0 > .fusion-column-wrapper {padding-top : 0px !important;padding-right : 0px !important;margin-right : 1.92%;padding-bottom : 0px !important;padding-left : 0px !important;margin-left : 1.92%;}@media only screen and (max-width:1024px) {.fusion-body .fusion-builder-column-0{width:100% !important;order : 0;}.fusion-builder-column-0 > .fusion-column-wrapper {margin-right : 1.92%;margin-left : 1.92%;}}@media only screen and (max-width:640px) {.fusion-body .fusion-builder-column-0{width:100% !important;order : 0;}.fusion-builder-column-0 > .fusion-column-wrapper {margin-right : 1.92%;margin-left : 1.92%;}}<\/style><\/div><style type=\"text\/css\">.fusion-body .fusion-flex-container.fusion-builder-row-1{ padding-top : 0px;margin-top : 0px;padding-right : 0px;padding-bottom : 0px;margin-bottom : 0px;padding-left : 0px;}<\/style><\/div><div class=\"fusion-fullwidth fullwidth-box fusion-builder-row-2 fusion-flex-container nonhundred-percent-fullwidth non-hundred-percent-height-scrolling fusion-animated\" style=\"background-color: rgba(255,255,255,0);background-position: center center;background-repeat: no-repeat;border-width: 0px 0px 0px 0px;border-color:#e2e2e2;border-style:solid;\" data-animationType=\"slideInUp\" data-animationDuration=\"3.0\" data-animationOffset=\"100%\" ><div class=\"fusion-builder-row fusion-row fusion-flex-align-items-flex-start\" style=\"max-width:1248px;margin-left: calc(-4% \/ 2 );margin-right: calc(-4% \/ 2 );\"><div class=\"fusion-layout-column fusion_builder_column fusion-builder-column-1 fusion_builder_column_1_4 1_4 fusion-flex-column\"><div class=\"fusion-column-wrapper fusion-flex-justify-content-flex-start fusion-content-layout-column\" style=\"background-position:left top;background-repeat:no-repeat;-webkit-background-size:cover;-moz-background-size:cover;-o-background-size:cover;background-size:cover;padding: 0px 0px 0px 0px;\"><div class=\"fusion-text fusion-text-1\" style=\"transform:translate3d(0,0,0);\"><p><img decoding=\"async\" class=\"size-full wp-image-1239 aligncenter\" src=\"https:\/\/bgal.com.mx\/bgal\/wp-content\/uploads\/2021\/02\/001.jpg\" alt=\"\" width=\"300\" height=\"300\" srcset=\"https:\/\/bgal.com.mx\/en\/wp-content\/uploads\/2021\/02\/001-66x66.jpg 66w, https:\/\/bgal.com.mx\/en\/wp-content\/uploads\/2021\/02\/001-150x150.jpg 150w, https:\/\/bgal.com.mx\/en\/wp-content\/uploads\/2021\/02\/001-200x200.jpg 200w, https:\/\/bgal.com.mx\/en\/wp-content\/uploads\/2021\/02\/001.jpg 300w\" sizes=\"(max-width: 300px) 100vw, 300px\" \/><\/p>\n<\/div><\/div><\/div><style type=\"text\/css\">.fusion-body .fusion-builder-column-1{width:25% !important;margin-top : 0px;margin-bottom : 20px;}.fusion-builder-column-1 > .fusion-column-wrapper {padding-top : 0px !important;padding-right : 0px !important;margin-right : 7.68%;padding-bottom : 0px !important;padding-left : 0px !important;margin-left : 7.68%;}@media only screen and (max-width:1024px) {.fusion-body .fusion-builder-column-1{width:25% !important;order : 0;}.fusion-builder-column-1 > .fusion-column-wrapper {margin-right : 7.68%;margin-left : 7.68%;}}@media only screen and (max-width:640px) {.fusion-body .fusion-builder-column-1{width:100% !important;order : 0;}.fusion-builder-column-1 > .fusion-column-wrapper {margin-right : 1.92%;margin-left : 1.92%;}}<\/style><div class=\"fusion-layout-column fusion_builder_column fusion-builder-column-2 fusion_builder_column_1_4 1_4 fusion-flex-column\"><div class=\"fusion-column-wrapper fusion-flex-justify-content-flex-start fusion-content-layout-column\" style=\"background-position:left top;background-repeat:no-repeat;-webkit-background-size:cover;-moz-background-size:cover;-o-background-size:cover;background-size:cover;padding: 0px 0px 0px 0px;\"><div class=\"fusion-text fusion-text-2\" style=\"transform:translate3d(0,0,0);\"><p><img decoding=\"async\" class=\"wp-image-1241 size-full aligncenter\" src=\"https:\/\/bgal.com.mx\/bgal\/wp-content\/uploads\/2021\/02\/002-1.jpg\" alt=\"\" width=\"300\" height=\"300\" srcset=\"https:\/\/bgal.com.mx\/en\/wp-content\/uploads\/2021\/02\/002-1-66x66.jpg 66w, https:\/\/bgal.com.mx\/en\/wp-content\/uploads\/2021\/02\/002-1-150x150.jpg 150w, https:\/\/bgal.com.mx\/en\/wp-content\/uploads\/2021\/02\/002-1-200x200.jpg 200w, https:\/\/bgal.com.mx\/en\/wp-content\/uploads\/2021\/02\/002-1.jpg 300w\" sizes=\"(max-width: 300px) 100vw, 300px\" \/><\/p>\n<\/div><\/div><\/div><style type=\"text\/css\">.fusion-body .fusion-builder-column-2{width:25% !important;margin-top : 0px;margin-bottom : 20px;}.fusion-builder-column-2 > .fusion-column-wrapper {padding-top : 0px !important;padding-right : 0px !important;margin-right : 7.68%;padding-bottom : 0px !important;padding-left : 0px !important;margin-left : 7.68%;}@media only screen and (max-width:1024px) {.fusion-body .fusion-builder-column-2{width:25% !important;order : 0;}.fusion-builder-column-2 > .fusion-column-wrapper {margin-right : 7.68%;margin-left : 7.68%;}}@media only screen and (max-width:640px) {.fusion-body .fusion-builder-column-2{width:100% !important;order : 0;}.fusion-builder-column-2 > .fusion-column-wrapper {margin-right : 1.92%;margin-left : 1.92%;}}<\/style><div class=\"fusion-layout-column fusion_builder_column fusion-builder-column-3 fusion_builder_column_1_4 1_4 fusion-flex-column\"><div class=\"fusion-column-wrapper fusion-flex-justify-content-flex-start fusion-content-layout-column\" style=\"background-position:left top;background-repeat:no-repeat;-webkit-background-size:cover;-moz-background-size:cover;-o-background-size:cover;background-size:cover;padding: 0px 0px 0px 0px;\"><div class=\"fusion-text fusion-text-3\" style=\"transform:translate3d(0,0,0);\"><p><img decoding=\"async\" class=\"wp-image-1242 size-full aligncenter\" src=\"https:\/\/bgal.com.mx\/bgal\/wp-content\/uploads\/2021\/02\/003.jpg\" alt=\"\" width=\"300\" height=\"300\" srcset=\"https:\/\/bgal.com.mx\/en\/wp-content\/uploads\/2021\/02\/003-66x66.jpg 66w, https:\/\/bgal.com.mx\/en\/wp-content\/uploads\/2021\/02\/003-150x150.jpg 150w, https:\/\/bgal.com.mx\/en\/wp-content\/uploads\/2021\/02\/003-200x200.jpg 200w, https:\/\/bgal.com.mx\/en\/wp-content\/uploads\/2021\/02\/003.jpg 300w\" sizes=\"(max-width: 300px) 100vw, 300px\" \/><\/p>\n<\/div><\/div><\/div><style type=\"text\/css\">.fusion-body .fusion-builder-column-3{width:25% !important;margin-top : 0px;margin-bottom : 20px;}.fusion-builder-column-3 > .fusion-column-wrapper {padding-top : 0px !important;padding-right : 0px !important;margin-right : 7.68%;padding-bottom : 0px !important;padding-left : 0px !important;margin-left : 7.68%;}@media only screen and (max-width:1024px) {.fusion-body .fusion-builder-column-3{width:25% !important;order : 0;}.fusion-builder-column-3 > .fusion-column-wrapper {margin-right : 7.68%;margin-left : 7.68%;}}@media only screen and (max-width:640px) {.fusion-body .fusion-builder-column-3{width:100% !important;order : 0;}.fusion-builder-column-3 > .fusion-column-wrapper {margin-right : 1.92%;margin-left : 1.92%;}}<\/style><div class=\"fusion-layout-column fusion_builder_column fusion-builder-column-4 fusion_builder_column_1_4 1_4 fusion-flex-column\"><div class=\"fusion-column-wrapper fusion-flex-justify-content-flex-start fusion-content-layout-column\" style=\"background-position:left top;background-repeat:no-repeat;-webkit-background-size:cover;-moz-background-size:cover;-o-background-size:cover;background-size:cover;padding: 0px 0px 0px 0px;\"><div class=\"fusion-text fusion-text-4\" style=\"transform:translate3d(0,0,0);\"><p><img decoding=\"async\" class=\"wp-image-1243 size-full aligncenter\" src=\"https:\/\/bgal.com.mx\/bgal\/wp-content\/uploads\/2021\/02\/004.jpg\" alt=\"\" width=\"300\" height=\"300\" srcset=\"https:\/\/bgal.com.mx\/en\/wp-content\/uploads\/2021\/02\/004-66x66.jpg 66w, https:\/\/bgal.com.mx\/en\/wp-content\/uploads\/2021\/02\/004-150x150.jpg 150w, https:\/\/bgal.com.mx\/en\/wp-content\/uploads\/2021\/02\/004-200x200.jpg 200w, https:\/\/bgal.com.mx\/en\/wp-content\/uploads\/2021\/02\/004.jpg 300w\" sizes=\"(max-width: 300px) 100vw, 300px\" \/><\/p>\n<\/div><\/div><\/div><style type=\"text\/css\">.fusion-body .fusion-builder-column-4{width:25% !important;margin-top : 0px;margin-bottom : 20px;}.fusion-builder-column-4 > .fusion-column-wrapper {padding-top : 0px !important;padding-right : 0px !important;margin-right : 7.68%;padding-bottom : 0px !important;padding-left : 0px !important;margin-left : 7.68%;}@media only screen and (max-width:1024px) {.fusion-body .fusion-builder-column-4{width:25% !important;order : 0;}.fusion-builder-column-4 > .fusion-column-wrapper {margin-right : 7.68%;margin-left : 7.68%;}}@media only screen and (max-width:640px) {.fusion-body .fusion-builder-column-4{width:100% !important;order : 0;}.fusion-builder-column-4 > .fusion-column-wrapper {margin-right : 1.92%;margin-left : 1.92%;}}<\/style><\/div><style type=\"text\/css\">.fusion-body .fusion-flex-container.fusion-builder-row-2{ padding-top : 0px;margin-top : 0px;padding-right : 0px;padding-bottom : 0px;margin-bottom : 0px;padding-left : 0px;}<\/style><\/div><div class=\"fusion-fullwidth fullwidth-box fusion-builder-row-3 fusion-flex-container nonhundred-percent-fullwidth non-hundred-percent-height-scrolling fusion-animated\" style=\"background-color: rgba(255,255,255,0);background-position: center center;background-repeat: no-repeat;border-width: 0px 0px 0px 0px;border-color:#e2e2e2;border-style:solid;\" data-animationType=\"slideInUp\" data-animationDuration=\"3.0\" data-animationOffset=\"100%\" ><div class=\"fusion-builder-row fusion-row fusion-flex-align-items-flex-start\" style=\"max-width:1248px;margin-left: calc(-4% \/ 2 );margin-right: calc(-4% \/ 2 );\"><div class=\"fusion-layout-column fusion_builder_column fusion-builder-column-5 fusion_builder_column_1_4 1_4 fusion-flex-column\"><div class=\"fusion-column-wrapper fusion-flex-justify-content-flex-start fusion-content-layout-column\" style=\"background-position:left top;background-repeat:no-repeat;-webkit-background-size:cover;-moz-background-size:cover;-o-background-size:cover;background-size:cover;padding: 0px 0px 0px 0px;\"><div class=\"fusion-text fusion-text-5\" style=\"transform:translate3d(0,0,0);\"><p><img decoding=\"async\" class=\"size-full wp-image-1732 aligncenter\" src=\"https:\/\/bgal.com.mx\/en\/wp-content\/uploads\/2021\/10\/WIPR-Leaders_2021-300x114-1-200x76-1.png\" alt=\"\" width=\"200\" height=\"76\" \/><\/p>\n<\/div><\/div><\/div><style type=\"text\/css\">.fusion-body .fusion-builder-column-5{width:25% !important;margin-top : 0px;margin-bottom : 20px;}.fusion-builder-column-5 > .fusion-column-wrapper {padding-top : 0px !important;padding-right : 0px !important;margin-right : 7.68%;padding-bottom : 0px !important;padding-left : 0px !important;margin-left : 7.68%;}@media only screen and (max-width:1024px) {.fusion-body .fusion-builder-column-5{width:25% !important;order : 0;}.fusion-builder-column-5 > .fusion-column-wrapper {margin-right : 7.68%;margin-left : 7.68%;}}@media only screen and (max-width:640px) {.fusion-body .fusion-builder-column-5{width:100% !important;order : 0;}.fusion-builder-column-5 > .fusion-column-wrapper {margin-right : 1.92%;margin-left : 1.92%;}}<\/style><div class=\"fusion-layout-column fusion_builder_column fusion-builder-column-6 fusion_builder_column_1_4 1_4 fusion-flex-column\"><div class=\"fusion-column-wrapper fusion-flex-justify-content-flex-start fusion-content-layout-column\" style=\"background-position:left top;background-repeat:no-repeat;-webkit-background-size:cover;-moz-background-size:cover;-o-background-size:cover;background-size:cover;padding: 0px 0px 0px 0px;\"><div class=\"fusion-text fusion-text-6\" style=\"transform:translate3d(0,0,0);\"><p><img decoding=\"async\" class=\"size-full wp-image-1733 aligncenter\" src=\"https:\/\/bgal.com.mx\/en\/wp-content\/uploads\/2021\/10\/301.jpg\" alt=\"\" width=\"300\" height=\"300\" srcset=\"https:\/\/bgal.com.mx\/en\/wp-content\/uploads\/2021\/10\/301-66x66.jpg 66w, https:\/\/bgal.com.mx\/en\/wp-content\/uploads\/2021\/10\/301-150x150.jpg 150w, https:\/\/bgal.com.mx\/en\/wp-content\/uploads\/2021\/10\/301-200x200.jpg 200w, https:\/\/bgal.com.mx\/en\/wp-content\/uploads\/2021\/10\/301.jpg 300w\" sizes=\"(max-width: 300px) 100vw, 300px\" \/><\/p>\n<\/div><\/div><\/div><style type=\"text\/css\">.fusion-body .fusion-builder-column-6{width:25% !important;margin-top : 0px;margin-bottom : 20px;}.fusion-builder-column-6 > .fusion-column-wrapper {padding-top : 0px !important;padding-right : 0px !important;margin-right : 7.68%;padding-bottom : 0px !important;padding-left : 0px !important;margin-left : 7.68%;}@media only screen and (max-width:1024px) {.fusion-body .fusion-builder-column-6{width:25% !important;order : 0;}.fusion-builder-column-6 > .fusion-column-wrapper {margin-right : 7.68%;margin-left : 7.68%;}}@media only screen and (max-width:640px) {.fusion-body .fusion-builder-column-6{width:100% !important;order : 0;}.fusion-builder-column-6 > .fusion-column-wrapper {margin-right : 1.92%;margin-left : 1.92%;}}<\/style><div class=\"fusion-layout-column fusion_builder_column fusion-builder-column-7 fusion_builder_column_1_4 1_4 fusion-flex-column\"><div class=\"fusion-column-wrapper fusion-flex-justify-content-flex-start fusion-content-layout-column\" style=\"background-position:left top;background-repeat:no-repeat;-webkit-background-size:cover;-moz-background-size:cover;-o-background-size:cover;background-size:cover;padding: 0px 0px 0px 0px;\"><\/div><\/div><style type=\"text\/css\">.fusion-body .fusion-builder-column-7{width:25% !important;margin-top : 0px;margin-bottom : 20px;}.fusion-builder-column-7 > .fusion-column-wrapper {padding-top : 0px !important;padding-right : 0px !important;margin-right : 7.68%;padding-bottom : 0px !important;padding-left : 0px !important;margin-left : 7.68%;}@media only screen and (max-width:1024px) {.fusion-body .fusion-builder-column-7{width:25% !important;order : 0;}.fusion-builder-column-7 > .fusion-column-wrapper {margin-right : 7.68%;margin-left : 7.68%;}}@media only screen and (max-width:640px) {.fusion-body .fusion-builder-column-7{width:100% !important;order : 0;}.fusion-builder-column-7 > .fusion-column-wrapper {margin-right : 1.92%;margin-left : 1.92%;}}<\/style><div class=\"fusion-layout-column fusion_builder_column fusion-builder-column-8 fusion_builder_column_1_4 1_4 fusion-flex-column\"><div class=\"fusion-column-wrapper fusion-flex-justify-content-flex-start fusion-content-layout-column\" style=\"background-position:left top;background-repeat:no-repeat;-webkit-background-size:cover;-moz-background-size:cover;-o-background-size:cover;background-size:cover;padding: 0px 0px 0px 0px;\"><\/div><\/div><style type=\"text\/css\">.fusion-body .fusion-builder-column-8{width:25% !important;margin-top : 0px;margin-bottom : 20px;}.fusion-builder-column-8 > .fusion-column-wrapper {padding-top : 0px !important;padding-right : 0px !important;margin-right : 7.68%;padding-bottom : 0px !important;padding-left : 0px !important;margin-left : 7.68%;}@media only screen and (max-width:1024px) {.fusion-body .fusion-builder-column-8{width:25% !important;order : 0;}.fusion-builder-column-8 > .fusion-column-wrapper {margin-right : 7.68%;margin-left : 7.68%;}}@media only screen and (max-width:640px) {.fusion-body .fusion-builder-column-8{width:100% !important;order : 0;}.fusion-builder-column-8 > .fusion-column-wrapper {margin-right : 1.92%;margin-left : 1.92%;}}<\/style><\/div><style type=\"text\/css\">.fusion-body .fusion-flex-container.fusion-builder-row-3{ padding-top : 0px;margin-top : 0px;padding-right : 0px;padding-bottom : 0px;margin-bottom : 0px;padding-left : 0px;}<\/style><\/div><\/p>\n","protected":false},"excerpt":{"rendered":"","protected":false},"author":1,"featured_media":0,"parent":0,"menu_order":0,"comment_status":"closed","ping_status":"closed","template":"100-width.php","meta":{"footnotes":""},"class_list":["post-1230","page","type-page","status-publish","hentry"],"_links":{"self":[{"href":"https:\/\/bgal.com.mx\/en\/index.php?rest_route=\/wp\/v2\/pages\/1230"}],"collection":[{"href":"https:\/\/bgal.com.mx\/en\/index.php?rest_route=\/wp\/v2\/pages"}],"about":[{"href":"https:\/\/bgal.com.mx\/en\/index.php?rest_route=\/wp\/v2\/types\/page"}],"author":[{"embeddable":true,"href":"https:\/\/bgal.com.mx\/en\/index.php?rest_route=\/wp\/v2\/users\/1"}],"replies":[{"embeddable":true,"href":"https:\/\/bgal.com.mx\/en\/index.php?rest_route=%2Fwp%2Fv2%2Fcomments&post=1230"}],"version-history":[{"count":23,"href":"https:\/\/bgal.com.mx\/en\/index.php?rest_route=\/wp\/v2\/pages\/1230\/revisions"}],"predecessor-version":[{"id":1928,"href":"https:\/\/bgal.com.mx\/en\/index.php?rest_route=\/wp\/v2\/pages\/1230\/revisions\/1928"}],"wp:attachment":[{"href":"https:\/\/bgal.com.mx\/en\/index.php?rest_route=%2Fwp%2Fv2%2Fmedia&parent=1230"}],"curies":[{"name":"wp","href":"https:\/\/api.w.org\/{rel}","templated":true}]}}