{"id":1641,"date":"2021-06-08T18:45:24","date_gmt":"2021-06-08T18:45:24","guid":{"rendered":"https:\/\/bgal.com.mx\/en\/?page_id=1641"},"modified":"2025-04-17T14:59:57","modified_gmt":"2025-04-17T14:59:57","slug":"john-m-murphy","status":"publish","type":"page","link":"https:\/\/bgal.com.mx\/en\/?page_id=1641","title":{"rendered":"John Murphy"},"content":{"rendered":"<p><div class=\"fusion-fullwidth fullwidth-box fusion-builder-row-1 fusion-flex-container nonhundred-percent-fullwidth non-hundred-percent-height-scrolling\" style=\"background-color: rgba(255,255,255,0);background-position: center center;background-repeat: no-repeat;border-width: 0px 0px 0px 0px;border-color:#e2e2e2;border-style:solid;\" ><div class=\"fusion-builder-row fusion-row fusion-flex-align-items-flex-start\" style=\"max-width:1248px;margin-left: calc(-4% \/ 2 );margin-right: calc(-4% \/ 2 );\"><div class=\"fusion-layout-column fusion_builder_column fusion-builder-column-0 fusion_builder_column_1_2 1_2 fusion-flex-column fusion-animated\" data-animationType=\"slideInRight\" data-animationDuration=\"2.5\" data-animationOffset=\"100%\"><div class=\"fusion-column-wrapper fusion-flex-justify-content-flex-start fusion-content-layout-column\" style=\"background-position:left top;background-repeat:no-repeat;-webkit-background-size:cover;-moz-background-size:cover;-o-background-size:cover;background-size:cover;padding: 0px 0px 0px 0px;\"><div ><span class=\" fusion-imageframe imageframe-none imageframe-1 hover-type-zoomin\"><img decoding=\"async\" width=\"585\" height=\"685\" title=\"1\" src=\"https:\/\/bgal.com.mx\/en\/wp-content\/uploads\/2025\/04\/1-1.jpg\" class=\"img-responsive wp-image-2218\" srcset=\"https:\/\/bgal.com.mx\/en\/wp-content\/uploads\/2025\/04\/1-1-200x234.jpg 200w, https:\/\/bgal.com.mx\/en\/wp-content\/uploads\/2025\/04\/1-1-400x468.jpg 400w, https:\/\/bgal.com.mx\/en\/wp-content\/uploads\/2025\/04\/1-1.jpg 585w\" sizes=\"(max-width: 640px) 100vw, 585px\" \/><\/span><\/div><p>\u00a0<\/p><div class=\"fusion-text fusion-text-1\" style=\"transform:translate3d(0,0,0);\"><p><i class=\"fb-icon-element-1 fb-icon-element fontawesome-icon fa-envelope-open-text fas circle-yes fusion-text-flow\" style=\"font-size:14.08px;line-height:26.16px;height:28.16px;width:28.16px;border-width:1px;margin-right:8px;\"><\/i><style>i.fb-icon-element.fontawesome-icon.fb-icon-element-1{ color: #ffffff; background-color: #4a4e57; border-color: #4a4e57;}i.fb-icon-element.fontawesome-icon.fb-icon-element-1:hover { color: #ffffff; background-color: #ec6733; border-color: #ec6733;}<\/style> <a href=\"#\">john.murphy@bgal.com.mx<\/a><\/p>\n<p><strong>PRACTICE AREAS<br \/>\n<\/strong><\/p>\n<ul>\n<li>Trademark, copyright, and unfair competition litigation in the United States and Mexico.<\/li>\n<li>Proceedings before the U.S. Trademark Trial and Appeal Board.<\/li>\n<li>Alternative Dispute Resolution<\/li>\n<li>Trademark prosecution and portfolio management in the United States.<\/li>\n<li>Trademark licensing.<\/li>\n<li>Trademark agreements.<\/li>\n<li>Domain name enforcement proceedings.<\/li>\n<li>Prosecution of criminal actions for trademark enforcement in Mexico.<\/li>\n<\/ul>\n<p><strong>LANGUAGES <\/strong><\/p>\n<ul>\n<li>Spanish<\/li>\n<li>English<\/li>\n<\/ul>\n<\/div><\/div><\/div><style type=\"text\/css\">.fusion-body .fusion-builder-column-0{width:50% !important;margin-top : 0px;margin-bottom : 0px;}.fusion-builder-column-0 > .fusion-column-wrapper {padding-top : 0px !important;padding-right : 0px !important;margin-right : 3.84%;padding-bottom : 0px !important;padding-left : 0px !important;margin-left : 3.84%;}@media only screen and (max-width:1024px) {.fusion-body .fusion-builder-column-0{width:50% !important;order : 0;margin-top : -40px;}.fusion-builder-column-0 > .fusion-column-wrapper {margin-right : 3.84%;margin-left : 3.84%;}}@media only screen and (max-width:640px) {.fusion-body .fusion-builder-column-0{width:100% !important;order : 0;margin-top : 0;}.fusion-builder-column-0 > .fusion-column-wrapper {padding-top : 6vh !important;margin-right : 1.92%;margin-left : 1.92%;}}<\/style><div class=\"fusion-layout-column fusion_builder_column fusion-builder-column-1 fusion_builder_column_1_2 1_2 fusion-flex-column fusion-animated\" data-animationType=\"slideInLeft\" data-animationDuration=\"2.5\" data-animationOffset=\"100%\"><div class=\"fusion-column-wrapper fusion-flex-justify-content-flex-start fusion-content-layout-column\" style=\"background-position:left top;background-repeat:no-repeat;-webkit-background-size:cover;-moz-background-size:cover;-o-background-size:cover;background-size:cover;padding: 5vh 2vw 0px 0px;\"><div class=\"fusion-text fusion-text-2\" style=\"transform:translate3d(0,0,0);\"><p style=\"text-align: justify;\">John is Of Counsel in BGAL ASOCIADOS and has over 30 years of experience in trademark, trade dress, and unfair competition law, mainly focused on the United States legislation and practice.<\/p>\n<p style=\"text-align: justify;\">John&#8217;s commitment to his clients is evident in his representation in disputes before the United States Patent and Trademark Office and the US federal courts.\u00a0 His legal professional practice involves conducting trademark searches and drafting opinions on trademark registration, trademark prosecution and maintenance, and proceedings before the Trademark Trial and Appeal Board, including opposition and cancellation proceedings and ex-parte appeals. He has broad experience drafting trademark licenses, settlement and coexistence agreements, and other IP transactional matters.<\/p>\n<p style=\"text-align: justify;\">John is a member of the Illinois Bar and has represented clients in federal district courts throughout the United States.<\/p>\n<\/div><\/div><\/div><style type=\"text\/css\">.fusion-body .fusion-builder-column-1{width:50% !important;margin-top : 0px;margin-bottom : 0px;}.fusion-builder-column-1 > .fusion-column-wrapper {padding-top : 5vh !important;padding-right : 2vw !important;margin-right : 3.84%;padding-bottom : 0px !important;padding-left : 0px !important;margin-left : 3.84%;}@media only screen and (max-width:1024px) {.fusion-body .fusion-builder-column-1{width:50% !important;order : 0;}.fusion-builder-column-1 > .fusion-column-wrapper {padding-top : 8vh !important;margin-right : 3.84%;padding-left : 4vh !important;margin-left : 3.84%;}}@media only screen and (max-width:640px) {.fusion-body .fusion-builder-column-1{width:100% !important;order : 1;}.fusion-builder-column-1 > .fusion-column-wrapper {padding-top : 5vh !important;margin-right : 1.92%;margin-left : 1.92%;}}<\/style><\/div><style type=\"text\/css\">.fusion-body .fusion-flex-container.fusion-builder-row-1{ padding-top : 0px;margin-top : 0px;padding-right : 0px;padding-bottom : 0px;margin-bottom : 0px;padding-left : 0px;}<\/style><\/div><div class=\"fusion-fullwidth fullwidth-box fusion-builder-row-2 fusion-flex-container nonhundred-percent-fullwidth non-hundred-percent-height-scrolling\" style=\"background-color: rgba(255,255,255,0);background-position: center center;background-repeat: no-repeat;border-width: 0px 0px 0px 0px;border-color:#e2e2e2;border-style:solid;\" ><div class=\"fusion-builder-row fusion-row fusion-flex-align-items-flex-start\" style=\"max-width:1248px;margin-left: calc(-4% \/ 2 );margin-right: calc(-4% \/ 2 );\"><div class=\"fusion-layout-column fusion_builder_column fusion-builder-column-2 fusion_builder_column_1_1 1_1 fusion-flex-column\"><div class=\"fusion-column-wrapper fusion-flex-justify-content-flex-start fusion-content-layout-column\" style=\"background-position:left top;background-repeat:no-repeat;-webkit-background-size:cover;-moz-background-size:cover;-o-background-size:cover;background-size:cover;padding: 0px 0px 0px 0px;\"><br>\n<br><div class=\"fusion-tabs fusion-tabs-1 classic horizontal-tabs icon-position-left\"><style type=\"text\/css\">.fusion-tabs.fusion-tabs-1 .nav-tabs li a.tab-link{border-top-color:#f9f9fb;background-color:#f9f9fb;}.fusion-tabs.fusion-tabs-1 .nav-tabs{background-color:#ffffff;}.fusion-tabs.fusion-tabs-1 .nav-tabs li.active a.tab-link,.fusion-tabs.fusion-tabs-1 .nav-tabs li.active a.tab-link:hover,.fusion-tabs.fusion-tabs-1 .nav-tabs li.active a.tab-link:focus{border-right-color:#ffffff;}.fusion-tabs.fusion-tabs-1 .nav-tabs li.active a.tab-link,.fusion-tabs.fusion-tabs-1 .nav-tabs li.active a.tab-link:hover,.fusion-tabs.fusion-tabs-1 .nav-tabs li.active a.tab-link:focus{background-color:#ffffff;}.fusion-tabs.fusion-tabs-1 .nav-tabs li a:hover{background-color:#ffffff;border-top-color:#ffffff;}.fusion-tabs.fusion-tabs-1 .tab-pane{background-color:#ffffff;}.fusion-tabs.fusion-tabs-1 .nav,.fusion-tabs.fusion-tabs-1 .nav-tabs,.fusion-tabs.fusion-tabs-1 .tab-content .tab-pane{border-color:#e2e2e2;}<\/style><div class=\"nav\"><ul class=\"nav-tabs nav-justified\" role=\"tablist\"><li class=\"active\"><a class=\"tab-link\" data-toggle=\"tab\" role=\"tab\" aria-controls=\"tab-fc59039de500640a39d\" aria-selected=\"true\" id=\"fusion-tab-education\" href=\"#tab-fc59039de500640a39d\"><h4 class=\"fusion-tab-heading\">EDUCATION <\/h4><\/a><\/li><li><a class=\"tab-link\" data-toggle=\"tab\" role=\"tab\" aria-controls=\"tab-1d9342ec0f16d26e4b0\" aria-selected=\"false\" tabindex=\"-1\" id=\"fusion-tab-professionalexperience\" href=\"#tab-1d9342ec0f16d26e4b0\"><h4 class=\"fusion-tab-heading\">PROFESSIONAL EXPERIENCE<\/h4><\/a><\/li><li><a class=\"tab-link\" data-toggle=\"tab\" role=\"tab\" aria-controls=\"tab-3032c580b0db831bfec\" aria-selected=\"false\" tabindex=\"-1\" id=\"fusion-tab-selectedpublications\" href=\"#tab-3032c580b0db831bfec\"><h4 class=\"fusion-tab-heading\">SELECTED PUBLICATIONS<\/h4><\/a><\/li><\/ul><\/div><div class=\"tab-content\"><div class=\"nav fusion-mobile-tab-nav\"><ul class=\"nav-tabs nav-justified\"><li class=\"active\"><a class=\"tab-link\" data-toggle=\"tab\" role=\"tab\" aria-controls=\"tab-fc59039de500640a39d\" aria-selected=\"true\" id=\"mobile-fusion-tab-education\" href=\"#tab-fc59039de500640a39d\"><h4 class=\"fusion-tab-heading\">EDUCATION <\/h4><\/a><\/li><\/ul><\/div><div class=\"tab-pane fade fusion-clearfix in active\" role=\"tabpanel\" tabindex=\"0\" aria-labelledby=\"fusion-tab-education\" id=\"tab-fc59039de500640a39d\">\n<ul>\n<li>Wesleyan University, Middletown, Connecticut. Bachelor of Arts in Government with High Honors, 1987. Phi Beta Kappa.<\/li>\n<li>Northwestern University Pritzker School of Law, Chicago, Illinois. Juris Doctor, 1990.<\/li>\n<li>Admitted by the Supreme Court of Illinois (1990), U.S. District Court for the Northern District of Illinois (1991), and U.S. Court of Appeals for the Seventh Circuit (1991).<\/li>\n<\/ul>\n<\/div><div class=\"nav fusion-mobile-tab-nav\"><ul class=\"nav-tabs nav-justified\"><li><a class=\"tab-link\" data-toggle=\"tab\" role=\"tab\" aria-controls=\"tab-1d9342ec0f16d26e4b0\" aria-selected=\"false\" tabindex=\"-1\" id=\"mobile-fusion-tab-professionalexperience\" href=\"#tab-1d9342ec0f16d26e4b0\"><h4 class=\"fusion-tab-heading\">PROFESSIONAL EXPERIENCE<\/h4><\/a><\/li><\/ul><\/div><div class=\"tab-pane fade fusion-clearfix\" role=\"tabpanel\" tabindex=\"0\" aria-labelledby=\"fusion-tab-professionalexperience\" id=\"tab-1d9342ec0f16d26e4b0\">\n<ul>\n<li>BGAL Asociados, S.C. (Of Counsel, 2020-present).<\/li>\n<li>Arochi &amp; Lindner, S.C. (Of Counsel, 2005-2020).<\/li>\n<li>Pattishall, McAuliffe, Newbury, Hilliard &amp; Geraldson, LLC (Associate, 1990-1997; Partner, 1997-2004).<\/li>\n<\/ul>\n<\/div><div class=\"nav fusion-mobile-tab-nav\"><ul class=\"nav-tabs nav-justified\"><li><a class=\"tab-link\" data-toggle=\"tab\" role=\"tab\" aria-controls=\"tab-3032c580b0db831bfec\" aria-selected=\"false\" tabindex=\"-1\" id=\"mobile-fusion-tab-selectedpublications\" href=\"#tab-3032c580b0db831bfec\"><h4 class=\"fusion-tab-heading\">SELECTED PUBLICATIONS<\/h4><\/a><\/li><\/ul><\/div><div class=\"tab-pane fade fusion-clearfix\" role=\"tabpanel\" tabindex=\"0\" aria-labelledby=\"fusion-tab-selectedpublications\" id=\"tab-3032c580b0db831bfec\">\n<ul>\n<li>The New Trademark Opposition System in Mexico, 107 Trademark Reporter 746 (May-June 2017).<\/li>\n<li>Famous Marks in Mexico: Past, Present and Future, 105 Trademark Reporter 1060 (September-October 2015).<\/li>\n<li>An\u00e1lisis de la probabilidad de confusi\u00f3n y diluci\u00f3n en la ley de marcas de Estados Unidos (The analysis of likelihood of confusion and dilution in the United States trademark law, Foro (1er Semestre 2010).<\/li>\n<li>The Confusing Similarity Standard in Mexican Trademark Law, 96 Trademark Reporter 1182 (November-December 2006).<\/li>\n<li>The (Unfortunate) Significance of Intent in TTAB Proceedings Under Section 2(d) of the Lanham Act, 34 AIPLA Quarterly Journal 177 (Spring 2006).<\/li>\n<li>Playing the Numbers: A Quantitative Look at Section 2(d) Cases Before the Trademark Trial and Appeal Board, 94 Trademark Reporter 800 (July-August 2004).<\/li>\n<\/ul>\n<\/div><\/div><\/div><\/div><\/div><style type=\"text\/css\">.fusion-body .fusion-builder-column-2{width:100% !important;margin-top : 0px;margin-bottom : 20px;}.fusion-builder-column-2 > .fusion-column-wrapper {padding-top : 0px !important;padding-right : 0px !important;margin-right : 1.92%;padding-bottom : 0px !important;padding-left : 0px !important;margin-left : 1.92%;}@media only screen and (max-width:1024px) {.fusion-body .fusion-builder-column-2{width:100% !important;order : 0;}.fusion-builder-column-2 > .fusion-column-wrapper {margin-right : 1.92%;margin-left : 1.92%;}}@media only screen and (max-width:640px) {.fusion-body .fusion-builder-column-2{width:100% !important;order : 0;}.fusion-builder-column-2 > .fusion-column-wrapper {margin-right : 1.92%;margin-left : 1.92%;}}<\/style><\/div><style type=\"text\/css\">.fusion-body .fusion-flex-container.fusion-builder-row-2{ padding-top : 0px;margin-top : 0px;padding-right : 0px;padding-bottom : 0px;margin-bottom : 0px;padding-left : 0px;}<\/style><\/div><\/p>\n","protected":false},"excerpt":{"rendered":"","protected":false},"author":1,"featured_media":0,"parent":0,"menu_order":0,"comment_status":"closed","ping_status":"closed","template":"100-width.php","meta":{"footnotes":""},"class_list":["post-1641","page","type-page","status-publish","hentry"],"_links":{"self":[{"href":"https:\/\/bgal.com.mx\/en\/index.php?rest_route=\/wp\/v2\/pages\/1641"}],"collection":[{"href":"https:\/\/bgal.com.mx\/en\/index.php?rest_route=\/wp\/v2\/pages"}],"about":[{"href":"https:\/\/bgal.com.mx\/en\/index.php?rest_route=\/wp\/v2\/types\/page"}],"author":[{"embeddable":true,"href":"https:\/\/bgal.com.mx\/en\/index.php?rest_route=\/wp\/v2\/users\/1"}],"replies":[{"embeddable":true,"href":"https:\/\/bgal.com.mx\/en\/index.php?rest_route=%2Fwp%2Fv2%2Fcomments&post=1641"}],"version-history":[{"count":15,"href":"https:\/\/bgal.com.mx\/en\/index.php?rest_route=\/wp\/v2\/pages\/1641\/revisions"}],"predecessor-version":[{"id":2260,"href":"https:\/\/bgal.com.mx\/en\/index.php?rest_route=\/wp\/v2\/pages\/1641\/revisions\/2260"}],"wp:attachment":[{"href":"https:\/\/bgal.com.mx\/en\/index.php?rest_route=%2Fwp%2Fv2%2Fmedia&parent=1641"}],"curies":[{"name":"wp","href":"https:\/\/api.w.org\/{rel}","templated":true}]}}