{"id":1168,"date":"2021-02-22T03:32:18","date_gmt":"2021-02-22T03:32:18","guid":{"rendered":"https:\/\/bgal.com.mx\/bgal\/?page_id=1168"},"modified":"2024-03-01T01:53:59","modified_gmt":"2024-03-01T01:53:59","slug":"propiedad-intelectual","status":"publish","type":"page","link":"https:\/\/bgal.com.mx\/?page_id=1168","title":{"rendered":"Propiedad Intelectual"},"content":{"rendered":"<div class=\"fusion-fullwidth fullwidth-box fusion-builder-row-1 fusion-flex-container nonhundred-percent-fullwidth non-hundred-percent-height-scrolling\" style=\"background-color: rgba(255,255,255,0);background-position: center center;background-repeat: no-repeat;border-width: 0px 0px 0px 0px;border-color:#e2e2e2;border-style:solid;\" ><div class=\"fusion-builder-row fusion-row fusion-flex-align-items-flex-start\" style=\"max-width:1248px;margin-left: calc(-4% \/ 2 );margin-right: calc(-4% \/ 2 );\"><div class=\"fusion-layout-column fusion_builder_column fusion-builder-column-0 fusion_builder_column_1_2 1_2 fusion-flex-column fusion-animated\" data-animationType=\"slideInLeft\" data-animationDuration=\"2.5\" data-animationOffset=\"100%\"><div class=\"fusion-column-wrapper fusion-flex-justify-content-flex-start fusion-content-layout-column\" style=\"background-position:left top;background-repeat:no-repeat;-webkit-background-size:cover;-moz-background-size:cover;-o-background-size:cover;background-size:cover;padding: 5vh 5vw 0px 0px;\"><div class=\"fusion-text fusion-text-1\" style=\"transform:translate3d(0,0,0);\"><p style=\"text-align: justify;\">La importancia de la propiedad intelectual radica en la protecci\u00f3n de las creaciones intelectuales del ser humano, procurando fomentar un entorno propicio para que prosperen la creatividad y la innovaci\u00f3n.<\/p>\n<p style=\"text-align: justify;\">En BGAL nos encargamos del registro, administraci\u00f3n y protecci\u00f3n de todo tipo de derechos de propiedad intelectual.<\/p>\n<\/div><style type=\"text\/css\">.fusion-accordian  #accordion-1168-1 .panel-title a .fa-fusion-box{ color: #ffffff;}.fusion-accordian  #accordion-1168-1 .panel-title a .fa-fusion-box:before{ font-size: 16px; width: 16px;}.fusion-accordian  #accordion-1168-1 .fa-fusion-box { background-color: #212934;border-color: #212934;}.fusion-accordian  #accordion-1168-1 .panel-title a:hover, #accordion-1168-1 .fusion-toggle-boxed-mode:hover .panel-title a { color: #ec6733;}.fusion-accordian  #accordion-1168-1 .panel-title .active .fa-fusion-box,.fusion-accordian  #accordion-1168-1 .panel-title a:hover .fa-fusion-box { background-color: #ec6733!important;border-color: #ec6733!important;}<\/style><div class=\"accordian fusion-accordian\"><div class=\"panel-group\" id=\"accordion-1168-1\" role=\"tablist\"><div class=\"fusion-panel panel-default\" role=\"tabpanel\"><div class=\"panel-heading\"><h4 class=\"panel-title toggle\"><a class=\"active\" aria-expanded=\"true\" aria-selected=\"true\" aria-controls=\"277d34505b2d9e2ec\" role=\"tab\" data-toggle=\"collapse\" data-parent=\"#accordion-1168-1\" data-target=\"#277d34505b2d9e2ec\" href=\"#277d34505b2d9e2ec\"><span class=\"fusion-toggle-icon-wrapper\" aria-hidden=\"true\"><i class=\"fa-fusion-box\" aria-hidden=\"true\"><\/i><\/span><span class=\"fusion-toggle-heading\">1. DERECHOS DE AUTOR<\/span><\/a><\/h4><\/div><div id=\"277d34505b2d9e2ec\" class=\"panel-collapse collapse in\"><div class=\"panel-body toggle-content fusion-clearfix\">\n<p style=\"text-align: justify;\">Entendiendo la importancia de la protecci\u00f3n a las y los creadores de sus obras literarias y art\u00edsticas, los derechos de autor se encargan de aquella, ampar\u00e1ndolos de los usos que personas de todo el mundo puedan ejercer sobre ellas y m\u00e1s a\u00fan, en una \u00e9poca digital como la que se vive actualmente donde el acceso a las obras es inmediato y pr\u00e1cticamente ilimitado.<\/p>\n<p style=\"text-align: justify;\"><strong>Servicios:<\/strong><\/p>\n<ul>\n<li style=\"text-align: justify;\">Litigio de derechos de autor y derechos conexos<\/li>\n<li style=\"text-align: justify;\">Solicitud de registro de obras literarias y art\u00edsticas<\/li>\n<li style=\"text-align: justify;\">Solicitud de registro de reservas de derechos al uso exclusivo<\/li>\n<li style=\"text-align: justify;\">Combate a la pirater\u00eda de derechos de autor<\/li>\n<li style=\"text-align: justify;\">Auditor\u00eda de derechos de autor<\/li>\n<li style=\"text-align: justify;\">Elaboraci\u00f3n y revisi\u00f3n de convenios y contratos<\/li>\n<li style=\"text-align: justify;\">Administraci\u00f3n de carteras de derechos de autor<\/li>\n<li style=\"text-align: justify;\">Consultor\u00eda y opiniones especializadas<\/li>\n<li style=\"text-align: justify;\">B\u00fasquedas de antecedentes registrales<\/li>\n<li style=\"text-align: justify;\">Procedimientos de Notice and Take Down<\/li>\n<li style=\"text-align: justify;\">Asesor\u00eda en uso de materiales de terceros<\/li>\n<\/ul>\n<\/div><\/div><\/div><div class=\"fusion-panel panel-default\" role=\"tabpanel\"><div class=\"panel-heading\"><h4 class=\"panel-title toggle\"><a aria-expanded=\"false\" aria-selected=\"false\" aria-controls=\"5baddfafb5dbb90a1\" role=\"tab\" data-toggle=\"collapse\" data-parent=\"#accordion-1168-1\" data-target=\"#5baddfafb5dbb90a1\" href=\"#5baddfafb5dbb90a1\"><span class=\"fusion-toggle-icon-wrapper\" aria-hidden=\"true\"><i class=\"fa-fusion-box\" aria-hidden=\"true\"><\/i><\/span><span class=\"fusion-toggle-heading\">2. MARCAS Y OTROS SIGNOS DISTINTIVOS <\/span><\/a><\/h4><\/div><div id=\"5baddfafb5dbb90a1\" class=\"panel-collapse collapse \"><div class=\"panel-body toggle-content fusion-clearfix\">\n<p style=\"text-align: justify;\">La importancia de los signos distintivos radica en la identificaci\u00f3n de productos o servicios respecto al resto de los competidores para que, de esta manera, el p\u00fablico consumidor sea capaz de distinguirlo de sus semejantes en el mercado. Por tanto, debe brindarse la protecci\u00f3n correspondiente frente a las posibles imitaciones de terceros que, con dolo o inconscientemente, puedan aprovecharse de esfuerzo, la notoriedad y mercado alcanzado por otros.<br \/>\n<strong>Servicios:<\/strong><br \/>\n\u2022 Litigio de marcas<br \/>\n\u2022 Solicitudes de registro de marcas, nombres y avisos comerciales<br \/>\n\u2022 Solicitudes de protecci\u00f3n de denominaciones de origen<br \/>\n\u2022 Investigaciones y combate a la falsificaci\u00f3n de marcas<br \/>\n\u2022 Consultor\u00eda y opiniones especializadas<br \/>\n\u2022 Desarrollo y gesti\u00f3n de estrategias de protecci\u00f3n, mantenimiento y defensa de portafolios de marcas<br \/>\n\u2022 Elaboraci\u00f3n de convenios<br \/>\n\u2022 Negociaci\u00f3n de contratos<\/p>\n<\/div><\/div><\/div><div class=\"fusion-panel panel-default\" role=\"tabpanel\"><div class=\"panel-heading\"><h4 class=\"panel-title toggle\"><a aria-expanded=\"false\" aria-selected=\"false\" aria-controls=\"dfc4036a9a7b3a693\" role=\"tab\" data-toggle=\"collapse\" data-parent=\"#accordion-1168-1\" data-target=\"#dfc4036a9a7b3a693\" href=\"#dfc4036a9a7b3a693\"><span class=\"fusion-toggle-icon-wrapper\" aria-hidden=\"true\"><i class=\"fa-fusion-box\" aria-hidden=\"true\"><\/i><\/span><span class=\"fusion-toggle-heading\">3. INVENCIONES<\/span><\/a><\/h4><\/div><div id=\"dfc4036a9a7b3a693\" class=\"panel-collapse collapse \"><div class=\"panel-body toggle-content fusion-clearfix\">\n<p style=\"text-align: justify;\">Comprendiendo la importancia que la innovaci\u00f3n representa, nos encargamos de entender y analizar las invenciones (patentes, modelos de utilidad, dise\u00f1os industriales, secretos industriales, trazados de circuitos integrados y variedades vegetales) de cada uno de nuestros clientes, ofreciendo servicios de registro, administraci\u00f3n, protecci\u00f3n y defensa estrat\u00e9gica.<br \/>\n<strong>Servicios:<\/strong><br \/>\n\u2022 Litigio entorno a invenciones<br \/>\n\u2022 Solicitud de patentes, registro de dise\u00f1os industriales y modelos de utilidad<br \/>\n\u2022 Elaboraci\u00f3n de convenios de licencias, trasferencias tecnol\u00f3gicas y de conocimiento.<br \/>\n\u2022 Contratos de confidencialidad y de no competencia<br \/>\n\u2022 Auditor\u00edas y dict\u00e1menes<br \/>\n\u2022 Consultor\u00eda y opiniones<br \/>\n\u2022 An\u00e1lisis e investigaci\u00f3n de infracciones<br \/>\n\u2022 Litigio y pol\u00edticas de protecci\u00f3n de secretos industriales<br \/>\n\u2022 Administraci\u00f3n de portafolios<br \/>\n\u2022 An\u00e1lisis de invasi\u00f3n de derechos de terceros (FTO)<br \/>\n\u2022 An\u00e1lisis de patentabilidad y estado de la t\u00e9cnica<\/p>\n<\/div><\/div><\/div><\/div><\/div><\/div><\/div><style type=\"text\/css\">.fusion-body .fusion-builder-column-0{width:50% !important;margin-top : 0px;margin-bottom : 0px;}.fusion-builder-column-0 > .fusion-column-wrapper {padding-top : 5vh !important;padding-right : 5vw !important;margin-right : 3.84%;padding-bottom : 0px !important;padding-left : 0px !important;margin-left : 3.84%;}@media only screen and (max-width:1024px) {.fusion-body .fusion-builder-column-0{width:50% !important;order : 0;}.fusion-builder-column-0 > .fusion-column-wrapper {padding-top : 8vh !important;margin-right : 3.84%;padding-left : 4vh !important;margin-left : 3.84%;}}@media only screen and (max-width:640px) {.fusion-body .fusion-builder-column-0{width:100% !important;order : 1;}.fusion-builder-column-0 > .fusion-column-wrapper {padding-top : 5vh !important;margin-right : 1.92%;margin-left : 1.92%;}}<\/style><div class=\"fusion-layout-column fusion_builder_column fusion-builder-column-1 fusion_builder_column_1_2 1_2 fusion-flex-column fusion-animated\" data-animationType=\"slideInRight\" data-animationDuration=\"2.5\" data-animationOffset=\"100%\"><div class=\"fusion-column-wrapper fusion-flex-justify-content-flex-start fusion-content-layout-column\" style=\"background-position:left top;background-repeat:no-repeat;-webkit-background-size:cover;-moz-background-size:cover;-o-background-size:cover;background-size:cover;padding: 0px 0px 0px 0px;\"><div ><span class=\" fusion-imageframe imageframe-none imageframe-1 hover-type-zoomin\"><img decoding=\"async\" width=\"806\" height=\"933\" title=\"100\" src=\"https:\/\/bgal.com.mx\/bgal\/wp-content\/uploads\/2021\/03\/100.jpg\" class=\"img-responsive wp-image-1408\" srcset=\"https:\/\/bgal.com.mx\/wp-content\/uploads\/2021\/03\/100-200x232.jpg 200w, https:\/\/bgal.com.mx\/wp-content\/uploads\/2021\/03\/100-400x463.jpg 400w, https:\/\/bgal.com.mx\/wp-content\/uploads\/2021\/03\/100-600x695.jpg 600w, https:\/\/bgal.com.mx\/wp-content\/uploads\/2021\/03\/100-800x926.jpg 800w, https:\/\/bgal.com.mx\/wp-content\/uploads\/2021\/03\/100.jpg 806w\" sizes=\"(max-width: 640px) 100vw, 600px\" \/><\/span><\/div><\/div><\/div><style type=\"text\/css\">.fusion-body .fusion-builder-column-1{width:50% !important;margin-top : 0px;margin-bottom : 0px;}.fusion-builder-column-1 > .fusion-column-wrapper {padding-top : 0px !important;padding-right : 0px !important;margin-right : 3.84%;padding-bottom : 0px !important;padding-left : 0px !important;margin-left : 3.84%;}@media only screen and (max-width:1024px) {.fusion-body .fusion-builder-column-1{width:50% !important;order : 0;margin-top : -40px;}.fusion-builder-column-1 > .fusion-column-wrapper {margin-right : 3.84%;margin-left : 3.84%;}}@media only screen and (max-width:640px) {.fusion-body .fusion-builder-column-1{width:100% !important;order : 0;margin-top : 0;}.fusion-builder-column-1 > .fusion-column-wrapper {padding-top : 6vh !important;margin-right : 1.92%;margin-left : 1.92%;}}<\/style><\/div><style type=\"text\/css\">.fusion-body .fusion-flex-container.fusion-builder-row-1{ padding-top : 0px;margin-top : 0px;padding-right : 0px;padding-bottom : 0px;margin-bottom : 0px;padding-left : 0px;}<\/style><\/div>\n","protected":false},"excerpt":{"rendered":"","protected":false},"author":1,"featured_media":0,"parent":0,"menu_order":19,"comment_status":"closed","ping_status":"closed","template":"100-width.php","meta":{"footnotes":""},"_links":{"self":[{"href":"https:\/\/bgal.com.mx\/index.php?rest_route=\/wp\/v2\/pages\/1168"}],"collection":[{"href":"https:\/\/bgal.com.mx\/index.php?rest_route=\/wp\/v2\/pages"}],"about":[{"href":"https:\/\/bgal.com.mx\/index.php?rest_route=\/wp\/v2\/types\/page"}],"author":[{"embeddable":true,"href":"https:\/\/bgal.com.mx\/index.php?rest_route=\/wp\/v2\/users\/1"}],"replies":[{"embeddable":true,"href":"https:\/\/bgal.com.mx\/index.php?rest_route=%2Fwp%2Fv2%2Fcomments&post=1168"}],"version-history":[{"count":19,"href":"https:\/\/bgal.com.mx\/index.php?rest_route=\/wp\/v2\/pages\/1168\/revisions"}],"predecessor-version":[{"id":2096,"href":"https:\/\/bgal.com.mx\/index.php?rest_route=\/wp\/v2\/pages\/1168\/revisions\/2096"}],"wp:attachment":[{"href":"https:\/\/bgal.com.mx\/index.php?rest_route=%2Fwp%2Fv2%2Fmedia&parent=1168"}],"curies":[{"name":"wp","href":"https:\/\/api.w.org\/{rel}","templated":true}]}}