{"id":1177,"date":"2021-02-25T03:54:06","date_gmt":"2021-02-25T03:54:06","guid":{"rendered":"https:\/\/bgal.com.mx\/bgal\/?page_id=1177"},"modified":"2025-05-02T15:10:33","modified_gmt":"2025-05-02T15:10:33","slug":"inti-alejandro-alva","status":"publish","type":"page","link":"https:\/\/bgal.com.mx\/?page_id=1177","title":{"rendered":"Inti Alejandro Alva"},"content":{"rendered":"<p><div class=\"fusion-fullwidth fullwidth-box fusion-builder-row-1 fusion-flex-container nonhundred-percent-fullwidth non-hundred-percent-height-scrolling\" style=\"background-color: rgba(255,255,255,0);background-position: center center;background-repeat: no-repeat;border-width: 0px 0px 0px 0px;border-color:#e2e2e2;border-style:solid;\" ><div class=\"fusion-builder-row fusion-row fusion-flex-align-items-flex-start\" style=\"max-width:1248px;margin-left: calc(-4% \/ 2 );margin-right: calc(-4% \/ 2 );\"><div class=\"fusion-layout-column fusion_builder_column fusion-builder-column-0 fusion_builder_column_1_2 1_2 fusion-flex-column fusion-animated\" data-animationType=\"slideInRight\" data-animationDuration=\"2.5\" data-animationOffset=\"100%\"><div class=\"fusion-column-wrapper fusion-flex-justify-content-flex-start fusion-content-layout-column\" style=\"background-position:left top;background-repeat:no-repeat;-webkit-background-size:cover;-moz-background-size:cover;-o-background-size:cover;background-size:cover;padding: 0px 0px 0px 0px;\"><div ><span class=\" fusion-imageframe imageframe-none imageframe-1 hover-type-zoomin\"><img decoding=\"async\" width=\"585\" height=\"685\" title=\"1002\" src=\"https:\/\/bgal.com.mx\/wp-content\/uploads\/2025\/05\/1002.jpg\" class=\"img-responsive wp-image-2313\" srcset=\"https:\/\/bgal.com.mx\/wp-content\/uploads\/2025\/05\/1002-200x234.jpg 200w, https:\/\/bgal.com.mx\/wp-content\/uploads\/2025\/05\/1002-400x468.jpg 400w, https:\/\/bgal.com.mx\/wp-content\/uploads\/2025\/05\/1002.jpg 585w\" sizes=\"(max-width: 640px) 100vw, 585px\" \/><\/span><\/div><p>\u00a0<\/p><div class=\"fusion-text fusion-text-1\" style=\"transform:translate3d(0,0,0);\"><p><i class=\"fb-icon-element-1 fb-icon-element fontawesome-icon fa-envelope-open-text fas circle-yes fusion-text-flow\" style=\"font-size:14.08px;line-height:26.16px;height:28.16px;width:28.16px;border-width:1px;margin-right:8px;\"><\/i><style>i.fb-icon-element.fontawesome-icon.fb-icon-element-1{ color: #ffffff; background-color: #4a4e57; border-color: #4a4e57;}i.fb-icon-element.fontawesome-icon.fb-icon-element-1:hover { color: #ffffff; background-color: #ec6733; border-color: #ec6733;}<\/style> <a href=\"#\">inti.alva@bgal.com.mx<\/a><\/p>\n<p><strong>\u00c1REAS DE PR\u00c1CTICA<\/strong><\/p>\n<ul>\n<li aria-level=\"1\">Litigio de Propiedad Intelectual.<\/li>\n<li aria-level=\"1\">Tramitaci\u00f3n y gesti\u00f3n de carteras de marcas, patentes y derechos de autor.<\/li>\n<li aria-level=\"1\">Secretos industriales e informaci\u00f3n confidencial.<\/li>\n<li aria-level=\"1\">Protecci\u00f3n de marcas famosas y notoriamente conocidas.<\/li>\n<li aria-level=\"1\">Procedimientos de recuperaci\u00f3n y disputas de nombres de dominio (UDRP).<\/li>\n<li aria-level=\"1\">Acuerdos de PI (acuerdos de licencia y franquicia, asignaciones, acuerdos de liquidaci\u00f3n, coexistencia, no competencia y acuerdos de no divulgaci\u00f3n).<\/li>\n<li aria-level=\"1\">Auditor\u00edas y adquisici\u00f3n de activos de PI.<\/li>\n<li aria-level=\"1\">Protecci\u00f3n de Datos Personales.<\/li>\n<li aria-level=\"1\">Derecho Corporativo.<\/li>\n<li aria-level=\"1\">Derecho Administrativo y Regulatorio.<\/li>\n<\/ul>\n<p><strong>IDIOMAS<\/strong><\/p>\n<ul>\n<li>Espa\u00f1ol<\/li>\n<li>Ingl\u00e9s<\/li>\n<\/ul>\n<\/div><\/div><\/div><style type=\"text\/css\">.fusion-body .fusion-builder-column-0{width:50% !important;margin-top : 0px;margin-bottom : 0px;}.fusion-builder-column-0 > .fusion-column-wrapper {padding-top : 0px !important;padding-right : 0px !important;margin-right : 3.84%;padding-bottom : 0px !important;padding-left : 0px !important;margin-left : 3.84%;}@media only screen and (max-width:1024px) {.fusion-body .fusion-builder-column-0{width:50% !important;order : 0;margin-top : -40px;}.fusion-builder-column-0 > .fusion-column-wrapper {margin-right : 3.84%;margin-left : 3.84%;}}@media only screen and (max-width:640px) {.fusion-body .fusion-builder-column-0{width:100% !important;order : 0;margin-top : 0;}.fusion-builder-column-0 > .fusion-column-wrapper {padding-top : 6vh !important;margin-right : 1.92%;margin-left : 1.92%;}}<\/style><div class=\"fusion-layout-column fusion_builder_column fusion-builder-column-1 fusion_builder_column_1_2 1_2 fusion-flex-column fusion-animated\" data-animationType=\"slideInLeft\" data-animationDuration=\"2.5\" data-animationOffset=\"100%\"><div class=\"fusion-column-wrapper fusion-flex-justify-content-flex-start fusion-content-layout-column\" style=\"background-position:left top;background-repeat:no-repeat;-webkit-background-size:cover;-moz-background-size:cover;-o-background-size:cover;background-size:cover;padding: 5vh 2vw 0px 0px;\"><div class=\"fusion-text fusion-text-2\" style=\"transform:translate3d(0,0,0);\"><p style=\"text-align: justify;\"><strong>SOCIO DIRECTOR<\/strong><\/p>\n<p style=\"text-align: justify;\">Inti Alva es Socio Director de BGAL Asociados. Tiene m\u00e1s de 25 a\u00f1os de experiencia en asuntos de Propiedad Intelectual (PI). Su pr\u00e1ctica se centra en litigios de marcas, patentes, derechos de autor y competencia desleal. Inti ha sido descrito por los clientes como \u201cexperimentado en la materia, con una fuerte capacidad para analizar y resolver problemas\u201d (Chambers &amp; Partners Latin America, 2018).<\/p>\n<p style=\"text-align: justify;\">Inti ha representado a empresas mexicanas y multinacionales, tales como Bayer M\u00e9xico, AlixPartners, Textron Aviation, PRADA, PROCAPS, Robert Bosch, Buckman Laboratories, Industrias AlEn, ALO Yoga, Y-TEX, Neocell, Lincoln Electric, Popeye&#8217;s Louisiana Kitchen, Moshi-Moshi, Sistema Radi\u00f3polis, entre otros.<\/p>\n<p style=\"text-align: justify;\">Asimismo, posee amplia experiencia en brindar asesor\u00eda en temas transaccionales de PI, entre otros, contratos de transacci\u00f3n, acuerdos de coexistencia, M&amp;A y adquisici\u00f3n de activos de PI, contratos de patrocinio, licencias y franquicias.<\/p>\n<p style=\"text-align: justify;\">Tambi\u00e9n ha proporcionado asesoramiento legal en materia de protecci\u00f3n de datos y litiga disputas de nombres de dominio (UDRP).<\/p>\n<p style=\"text-align: justify;\">En el a\u00f1o 2004, form\u00f3 parte del Comit\u00e9 redactor que reform\u00f3 la Ley de Propiedad Intelectual de M\u00e9xico para permitir declaraciones de fama o notoriedad para marcas famosas y notoriamente conocidas.<\/p>\n<\/div><\/div><\/div><style type=\"text\/css\">.fusion-body .fusion-builder-column-1{width:50% !important;margin-top : 0px;margin-bottom : 0px;}.fusion-builder-column-1 > .fusion-column-wrapper {padding-top : 5vh !important;padding-right : 2vw !important;margin-right : 3.84%;padding-bottom : 0px !important;padding-left : 0px !important;margin-left : 3.84%;}@media only screen and (max-width:1024px) {.fusion-body .fusion-builder-column-1{width:50% !important;order : 0;}.fusion-builder-column-1 > .fusion-column-wrapper {padding-top : 8vh !important;margin-right : 3.84%;padding-left : 4vh !important;margin-left : 3.84%;}}@media only screen and (max-width:640px) {.fusion-body .fusion-builder-column-1{width:100% !important;order : 1;}.fusion-builder-column-1 > .fusion-column-wrapper {padding-top : 5vh !important;margin-right : 1.92%;margin-left : 1.92%;}}<\/style><\/div><style type=\"text\/css\">.fusion-body .fusion-flex-container.fusion-builder-row-1{ padding-top : 0px;margin-top : 0px;padding-right : 0px;padding-bottom : 0px;margin-bottom : 0px;padding-left : 0px;}<\/style><\/div><div class=\"fusion-fullwidth fullwidth-box fusion-builder-row-2 fusion-flex-container nonhundred-percent-fullwidth non-hundred-percent-height-scrolling\" style=\"background-color: rgba(255,255,255,0);background-position: center center;background-repeat: no-repeat;border-width: 0px 0px 0px 0px;border-color:#e2e2e2;border-style:solid;\" ><div class=\"fusion-builder-row fusion-row fusion-flex-align-items-flex-start\" style=\"max-width:1248px;margin-left: calc(-4% \/ 2 );margin-right: calc(-4% \/ 2 );\"><div class=\"fusion-layout-column fusion_builder_column fusion-builder-column-2 fusion_builder_column_1_1 1_1 fusion-flex-column\"><div class=\"fusion-column-wrapper fusion-flex-justify-content-flex-start fusion-content-layout-column\" style=\"background-position:left top;background-repeat:no-repeat;-webkit-background-size:cover;-moz-background-size:cover;-o-background-size:cover;background-size:cover;padding: 0px 0px 0px 0px;\"><br>\n<br><div class=\"fusion-tabs fusion-tabs-1 classic horizontal-tabs icon-position-left\"><style type=\"text\/css\">.fusion-tabs.fusion-tabs-1 .nav-tabs li a.tab-link{border-top-color:#f9f9fb;background-color:#f9f9fb;}.fusion-tabs.fusion-tabs-1 .nav-tabs{background-color:#ffffff;}.fusion-tabs.fusion-tabs-1 .nav-tabs li.active a.tab-link,.fusion-tabs.fusion-tabs-1 .nav-tabs li.active a.tab-link:hover,.fusion-tabs.fusion-tabs-1 .nav-tabs li.active a.tab-link:focus{border-right-color:#ffffff;}.fusion-tabs.fusion-tabs-1 .nav-tabs li.active a.tab-link,.fusion-tabs.fusion-tabs-1 .nav-tabs li.active a.tab-link:hover,.fusion-tabs.fusion-tabs-1 .nav-tabs li.active a.tab-link:focus{background-color:#ffffff;}.fusion-tabs.fusion-tabs-1 .nav-tabs li a:hover{background-color:#ffffff;border-top-color:#ffffff;}.fusion-tabs.fusion-tabs-1 .tab-pane{background-color:#ffffff;}.fusion-tabs.fusion-tabs-1 .nav,.fusion-tabs.fusion-tabs-1 .nav-tabs,.fusion-tabs.fusion-tabs-1 .tab-content .tab-pane{border-color:#e2e2e2;}<\/style><div class=\"nav\"><ul class=\"nav-tabs nav-justified\" role=\"tablist\"><li class=\"active\"><a class=\"tab-link\" data-toggle=\"tab\" role=\"tab\" aria-controls=\"tab-f189c478bdc2bb45434\" aria-selected=\"true\" id=\"fusion-tab-educaci\u00d3n\" href=\"#tab-f189c478bdc2bb45434\"><h4 class=\"fusion-tab-heading\">EDUCACI\u00d3N<\/h4><\/a><\/li><li><a class=\"tab-link\" data-toggle=\"tab\" role=\"tab\" aria-controls=\"tab-75342a175b466ce25e0\" aria-selected=\"false\" tabindex=\"-1\" id=\"fusion-tab-experienciaprofesional\" href=\"#tab-75342a175b466ce25e0\"><h4 class=\"fusion-tab-heading\">EXPERIENCIA PROFESIONAL<\/h4><\/a><\/li><li><a class=\"tab-link\" data-toggle=\"tab\" role=\"tab\" aria-controls=\"tab-e054d5808f63d3c67b4\" aria-selected=\"false\" tabindex=\"-1\" id=\"fusion-tab-asociacionesprofesionales\" href=\"#tab-e054d5808f63d3c67b4\"><h4 class=\"fusion-tab-heading\">ASOCIACIONES PROFESIONALES<\/h4><\/a><\/li><li><a class=\"tab-link\" data-toggle=\"tab\" role=\"tab\" aria-controls=\"tab-800b766db9024e9416f\" aria-selected=\"false\" tabindex=\"-1\" id=\"fusion-tab-publicacionesyactividadesacad\u00c9micas\" href=\"#tab-800b766db9024e9416f\"><h4 class=\"fusion-tab-heading\">PUBLICACIONES y ACTIVIDADES ACAD\u00c9MICAS<\/h4><\/a><\/li><\/ul><\/div><div class=\"tab-content\"><div class=\"nav fusion-mobile-tab-nav\"><ul class=\"nav-tabs nav-justified\"><li class=\"active\"><a class=\"tab-link\" data-toggle=\"tab\" role=\"tab\" aria-controls=\"tab-f189c478bdc2bb45434\" aria-selected=\"true\" id=\"mobile-fusion-tab-educaci\u00d3n\" href=\"#tab-f189c478bdc2bb45434\"><h4 class=\"fusion-tab-heading\">EDUCACI\u00d3N<\/h4><\/a><\/li><\/ul><\/div><div class=\"tab-pane fade fusion-clearfix in active\" role=\"tabpanel\" tabindex=\"0\" aria-labelledby=\"fusion-tab-educaci\u00d3n\" id=\"tab-f189c478bdc2bb45434\">\n<ul>\n<li aria-level=\"1\">Licenciatura en Derecho, Universidad Panamericana (1998).<\/li>\n<li aria-level=\"1\">Diploma de Postgrado en Propiedad Intelectual, Universidad Panamericana (2000).<\/li>\n<li aria-level=\"1\">LL.M. en Propiedad Intelectual y Derecho Internacional, University College London (2003).<\/li>\n<li aria-level=\"1\">Postgrado en Juicio de Amparo (Recursos Constitucionales), Universidad Panamericana (2016).<\/li>\n<\/ul>\n<\/div><div class=\"nav fusion-mobile-tab-nav\"><ul class=\"nav-tabs nav-justified\"><li><a class=\"tab-link\" data-toggle=\"tab\" role=\"tab\" aria-controls=\"tab-75342a175b466ce25e0\" aria-selected=\"false\" tabindex=\"-1\" id=\"mobile-fusion-tab-experienciaprofesional\" href=\"#tab-75342a175b466ce25e0\"><h4 class=\"fusion-tab-heading\">EXPERIENCIA PROFESIONAL<\/h4><\/a><\/li><\/ul><\/div><div class=\"tab-pane fade fusion-clearfix\" role=\"tabpanel\" tabindex=\"0\" aria-labelledby=\"fusion-tab-experienciaprofesional\" id=\"tab-75342a175b466ce25e0\">\n<ul>\n<li aria-level=\"1\">BGAL Asociados, S.C. (Socio Director, 2018 &#8211; Presente).<\/li>\n<li aria-level=\"1\">Mijares, Angoitia, Cort\u00e9s &amp; Fuentes, S.C. (Consejero, Titular de la Pr\u00e1ctica de Propiedad Intelectual)<\/li>\n<li aria-level=\"1\">Grupo Bimbo (Gerente Global de PI 2007-2011).<\/li>\n<li aria-level=\"1\">Arochi, Marroquin &amp; Lindner, S.C. (Asociado, 2005-2007).<\/li>\n<li aria-level=\"1\">Panamericana de Patentes &amp; Marcas, S.C. (Asociado 1997- 2002).<\/li>\n<\/ul>\n<\/div><div class=\"nav fusion-mobile-tab-nav\"><ul class=\"nav-tabs nav-justified\"><li><a class=\"tab-link\" data-toggle=\"tab\" role=\"tab\" aria-controls=\"tab-e054d5808f63d3c67b4\" aria-selected=\"false\" tabindex=\"-1\" id=\"mobile-fusion-tab-asociacionesprofesionales\" href=\"#tab-e054d5808f63d3c67b4\"><h4 class=\"fusion-tab-heading\">ASOCIACIONES PROFESIONALES<\/h4><\/a><\/li><\/ul><\/div><div class=\"tab-pane fade fusion-clearfix\" role=\"tabpanel\" tabindex=\"0\" aria-labelledby=\"fusion-tab-asociacionesprofesionales\" id=\"tab-e054d5808f63d3c67b4\">\n<ul>\n<li aria-level=\"1\">Asociaci\u00f3n Mexicana para la Protecci\u00f3n de la Propiedad Intelectual (AMPPI).<\/li>\n<li aria-level=\"1\">Asociaci\u00f3n Internacional de Marcas (INTA).<\/li>\n<\/ul>\n<\/div><div class=\"nav fusion-mobile-tab-nav\"><ul class=\"nav-tabs nav-justified\"><li><a class=\"tab-link\" data-toggle=\"tab\" role=\"tab\" aria-controls=\"tab-800b766db9024e9416f\" aria-selected=\"false\" tabindex=\"-1\" id=\"mobile-fusion-tab-publicacionesyactividadesacad\u00c9micas\" href=\"#tab-800b766db9024e9416f\"><h4 class=\"fusion-tab-heading\">PUBLICACIONES y ACTIVIDADES ACAD\u00c9MICAS<\/h4><\/a><\/li><\/ul><\/div><div class=\"tab-pane fade fusion-clearfix\" role=\"tabpanel\" tabindex=\"0\" aria-labelledby=\"fusion-tab-publicacionesyactividadesacad\u00c9micas\" id=\"tab-800b766db9024e9416f\">\n<ul>\n<li aria-level=\"1\">\u201cLas Marcas Notorias y Famosas en la Ley de la Propiedad Industrial\u201d, en Ley de la Propiedad Industrial Comentada (Porr\u00faa 2015).<\/li>\n<li aria-level=\"1\">Maestro del Postgrado de Propiedad Intelectual del ITAM (2008- a la fecha).<\/li>\n<\/ul>\n<\/div><\/div><\/div><\/div><\/div><style type=\"text\/css\">.fusion-body .fusion-builder-column-2{width:100% !important;margin-top : 0px;margin-bottom : 20px;}.fusion-builder-column-2 > .fusion-column-wrapper {padding-top : 0px !important;padding-right : 0px !important;margin-right : 1.92%;padding-bottom : 0px !important;padding-left : 0px !important;margin-left : 1.92%;}@media only screen and (max-width:1024px) {.fusion-body .fusion-builder-column-2{width:100% !important;order : 0;}.fusion-builder-column-2 > .fusion-column-wrapper {margin-right : 1.92%;margin-left : 1.92%;}}@media only screen and (max-width:640px) {.fusion-body .fusion-builder-column-2{width:100% !important;order : 0;}.fusion-builder-column-2 > .fusion-column-wrapper {margin-right : 1.92%;margin-left : 1.92%;}}<\/style><\/div><style type=\"text\/css\">.fusion-body .fusion-flex-container.fusion-builder-row-2{ padding-top : 0px;margin-top : 0px;padding-right : 0px;padding-bottom : 0px;margin-bottom : 0px;padding-left : 0px;}<\/style><\/div><\/p>\n","protected":false},"excerpt":{"rendered":"","protected":false},"author":1,"featured_media":0,"parent":0,"menu_order":15,"comment_status":"closed","ping_status":"closed","template":"100-width.php","meta":{"footnotes":""},"_links":{"self":[{"href":"https:\/\/bgal.com.mx\/index.php?rest_route=\/wp\/v2\/pages\/1177"}],"collection":[{"href":"https:\/\/bgal.com.mx\/index.php?rest_route=\/wp\/v2\/pages"}],"about":[{"href":"https:\/\/bgal.com.mx\/index.php?rest_route=\/wp\/v2\/types\/page"}],"author":[{"embeddable":true,"href":"https:\/\/bgal.com.mx\/index.php?rest_route=\/wp\/v2\/users\/1"}],"replies":[{"embeddable":true,"href":"https:\/\/bgal.com.mx\/index.php?rest_route=%2Fwp%2Fv2%2Fcomments&post=1177"}],"version-history":[{"count":50,"href":"https:\/\/bgal.com.mx\/index.php?rest_route=\/wp\/v2\/pages\/1177\/revisions"}],"predecessor-version":[{"id":2333,"href":"https:\/\/bgal.com.mx\/index.php?rest_route=\/wp\/v2\/pages\/1177\/revisions\/2333"}],"wp:attachment":[{"href":"https:\/\/bgal.com.mx\/index.php?rest_route=%2Fwp%2Fv2%2Fmedia&parent=1177"}],"curies":[{"name":"wp","href":"https:\/\/api.w.org\/{rel}","templated":true}]}}