{"id":1208,"date":"2021-02-26T02:30:26","date_gmt":"2021-02-26T02:30:26","guid":{"rendered":"https:\/\/bgal.com.mx\/bgal\/?page_id=1208"},"modified":"2025-05-02T15:11:09","modified_gmt":"2025-05-02T15:11:09","slug":"flor-marina-bermudez-trejo","status":"publish","type":"page","link":"https:\/\/bgal.com.mx\/?page_id=1208","title":{"rendered":"Flor Berm\u00fadez Trejo"},"content":{"rendered":"<p><div class=\"fusion-fullwidth fullwidth-box fusion-builder-row-1 fusion-flex-container nonhundred-percent-fullwidth non-hundred-percent-height-scrolling\" style=\"background-color: rgba(255,255,255,0);background-position: center center;background-repeat: no-repeat;border-width: 0px 0px 0px 0px;border-color:#e2e2e2;border-style:solid;\" ><div class=\"fusion-builder-row fusion-row fusion-flex-align-items-flex-start\" style=\"max-width:1248px;margin-left: calc(-4% \/ 2 );margin-right: calc(-4% \/ 2 );\"><div class=\"fusion-layout-column fusion_builder_column fusion-builder-column-0 fusion_builder_column_1_2 1_2 fusion-flex-column fusion-animated\" data-animationType=\"slideInRight\" data-animationDuration=\"2.5\" data-animationOffset=\"100%\"><div class=\"fusion-column-wrapper fusion-flex-justify-content-flex-start fusion-content-layout-column\" style=\"background-position:left top;background-repeat:no-repeat;-webkit-background-size:cover;-moz-background-size:cover;-o-background-size:cover;background-size:cover;padding: 0px 0px 0px 0px;\"><div ><span class=\" fusion-imageframe imageframe-none imageframe-1 hover-type-zoomin\"><img decoding=\"async\" width=\"585\" height=\"685\" title=\"1001\" src=\"https:\/\/bgal.com.mx\/wp-content\/uploads\/2025\/05\/1001.jpg\" class=\"img-responsive wp-image-2311\" srcset=\"https:\/\/bgal.com.mx\/wp-content\/uploads\/2025\/05\/1001-200x234.jpg 200w, https:\/\/bgal.com.mx\/wp-content\/uploads\/2025\/05\/1001-400x468.jpg 400w, https:\/\/bgal.com.mx\/wp-content\/uploads\/2025\/05\/1001.jpg 585w\" sizes=\"(max-width: 640px) 100vw, 585px\" \/><\/span><\/div><p>\u00a0<\/p><div class=\"fusion-text fusion-text-1\" style=\"transform:translate3d(0,0,0);\"><p><i class=\"fb-icon-element-1 fb-icon-element fontawesome-icon fa-envelope-open-text fas circle-yes fusion-text-flow\" style=\"font-size:14.08px;line-height:26.16px;height:28.16px;width:28.16px;border-width:1px;margin-right:8px;\"><\/i><style>i.fb-icon-element.fontawesome-icon.fb-icon-element-1{ color: #ffffff; background-color: #4a4e57; border-color: #4a4e57;}i.fb-icon-element.fontawesome-icon.fb-icon-element-1:hover { color: #ffffff; background-color: #ec6733; border-color: #ec6733;}<\/style> <a href=\"flor.bermudez@bgal.com.mx\">flor.bermudez@bgal.com.mx<\/a><\/p>\n<p><strong>\u00c1REAS DE PR\u00c1CTICA<\/strong><\/p>\n<ul>\n<li>Tramitaci\u00f3n, mantenimiento y gesti\u00f3n de cartera de marcas y derechos de autor.<\/li>\n<li>Contratos de PI (acuerdos de licencia, cesi\u00f3n, franquicia, coexistencia y liquidaci\u00f3n).<\/li>\n<li>Protecci\u00f3n de Datos.<\/li>\n<li>Auditor\u00eda y Adquisici\u00f3n de activos de PI.<\/li>\n<\/ul>\n<p><strong>IDIOMAS<\/strong><\/p>\n<ul>\n<li>Espa\u00f1ol<\/li>\n<li>Ingl\u00e9s<\/li>\n<li>Franc\u00e9s<\/li>\n<\/ul>\n<\/div><\/div><\/div><style type=\"text\/css\">.fusion-body .fusion-builder-column-0{width:50% !important;margin-top : 0px;margin-bottom : 0px;}.fusion-builder-column-0 > .fusion-column-wrapper {padding-top : 0px !important;padding-right : 0px !important;margin-right : 3.84%;padding-bottom : 0px !important;padding-left : 0px !important;margin-left : 3.84%;}@media only screen and (max-width:1024px) {.fusion-body .fusion-builder-column-0{width:50% !important;order : 0;margin-top : -40px;}.fusion-builder-column-0 > .fusion-column-wrapper {margin-right : 3.84%;margin-left : 3.84%;}}@media only screen and (max-width:640px) {.fusion-body .fusion-builder-column-0{width:100% !important;order : 0;margin-top : 0;}.fusion-builder-column-0 > .fusion-column-wrapper {padding-top : 6vh !important;margin-right : 1.92%;margin-left : 1.92%;}}<\/style><div class=\"fusion-layout-column fusion_builder_column fusion-builder-column-1 fusion_builder_column_1_2 1_2 fusion-flex-column fusion-animated\" data-animationType=\"slideInLeft\" data-animationDuration=\"2.5\" data-animationOffset=\"100%\"><div class=\"fusion-column-wrapper fusion-flex-justify-content-flex-start fusion-content-layout-column\" style=\"background-position:left top;background-repeat:no-repeat;-webkit-background-size:cover;-moz-background-size:cover;-o-background-size:cover;background-size:cover;padding: 5vh 2vw 0px 0px;\"><div class=\"fusion-text fusion-text-2\" style=\"transform:translate3d(0,0,0);\"><p style=\"text-align: justify;\"><strong>SOCIA<\/strong><\/p>\n<p style=\"text-align: justify;\">Flor tiene m\u00e1s de 23 a\u00f1os de experiencia en asuntos de Propiedad Intelectual, particularmente en las \u00e1reas de marcas, imagen comercial, derechos de autor, contratos de Propiedad Intelectual (PI), protecci\u00f3n de datos y dise\u00f1os industriales. Flor dirige la pr\u00e1ctica de marcas nacionales y extranjeras de BGAL Asociados.<\/p>\n<p style=\"text-align: justify;\">La pr\u00e1ctica de Flor se enfoca, principalmente, en la protecci\u00f3n y mantenimiento de marcas, administraci\u00f3n de portafolios de PI en M\u00e9xico y en el extranjero, y tambi\u00e9n en la redacci\u00f3n e inscripci\u00f3n de licencias, acuerdos de coexistencia, franquicias, patrocinios, entre otros. Asimismo cuenta con una amplia experiencia en realizar auditor\u00edas de activos de PI en apoyo a acuerdos de M&amp;A y transacciones de financiaci\u00f3n.<\/p>\n<p style=\"text-align: justify;\">Flor, ha representado a clientes en varias industrias, que incluyen tecnolog\u00eda y servicios inform\u00e1ticos, moda y art\u00edculos de lujo, alimentos y bebidas, juegos y telecomunicaciones, incluidos Apple, Grupo Modelo, Tequila Cuervo, Grupo PI MABE, Kidzania, Federal Mogul, Cooper Industries, Tory Burch, Aldi, Buckman Laboratories, Industrias AlEn,\u00a0 Popeye&#8217;s Louisiana Kitchen, Shopify, Moshi-Moshi, Grupo Expansi\u00f3n, Alo Yoga y PRADA.<\/p>\n<p style=\"text-align: justify;\">WIPR Leaders clasifica a Flor en su nivel m\u00e1s alto de la categor\u00eda: Marcas registradas en M\u00e9xico (2016-presente). WTR la ha reconocido como una \u201cRising Star\u201d en su \u00e1rea de pr\u00e1ctica (2016).<\/p>\n<p style=\"text-align: justify;\">Desde 2013, Flor ha organizado por varios a\u00f1os el evento conocido como \u201cWomen\u2019s IP Lunch\u201d que actualmente re\u00fane a m\u00e1s de 100 abogadas de Latinoam\u00e9rica y otras jurisdicciones, para compartir experiencias y establecer contactos.<\/p>\n<\/div><\/div><\/div><style type=\"text\/css\">.fusion-body .fusion-builder-column-1{width:50% !important;margin-top : 0px;margin-bottom : 0px;}.fusion-builder-column-1 > .fusion-column-wrapper {padding-top : 5vh !important;padding-right : 2vw !important;margin-right : 3.84%;padding-bottom : 0px !important;padding-left : 0px !important;margin-left : 3.84%;}@media only screen and (max-width:1024px) {.fusion-body .fusion-builder-column-1{width:50% !important;order : 0;}.fusion-builder-column-1 > .fusion-column-wrapper {padding-top : 8vh !important;margin-right : 3.84%;padding-left : 4vh !important;margin-left : 3.84%;}}@media only screen and (max-width:640px) {.fusion-body .fusion-builder-column-1{width:100% !important;order : 1;}.fusion-builder-column-1 > .fusion-column-wrapper {padding-top : 5vh !important;margin-right : 1.92%;margin-left : 1.92%;}}<\/style><\/div><style type=\"text\/css\">.fusion-body .fusion-flex-container.fusion-builder-row-1{ padding-top : 0px;margin-top : 0px;padding-right : 0px;padding-bottom : 0px;margin-bottom : 0px;padding-left : 0px;}<\/style><\/div><div class=\"fusion-fullwidth fullwidth-box fusion-builder-row-2 fusion-flex-container nonhundred-percent-fullwidth non-hundred-percent-height-scrolling\" style=\"background-color: rgba(255,255,255,0);background-position: center center;background-repeat: no-repeat;border-width: 0px 0px 0px 0px;border-color:#e2e2e2;border-style:solid;\" ><div class=\"fusion-builder-row fusion-row fusion-flex-align-items-flex-start\" style=\"max-width:1248px;margin-left: calc(-4% \/ 2 );margin-right: calc(-4% \/ 2 );\"><div class=\"fusion-layout-column fusion_builder_column fusion-builder-column-2 fusion_builder_column_1_1 1_1 fusion-flex-column\"><div class=\"fusion-column-wrapper fusion-flex-justify-content-flex-start fusion-content-layout-column\" style=\"background-position:left top;background-repeat:no-repeat;-webkit-background-size:cover;-moz-background-size:cover;-o-background-size:cover;background-size:cover;padding: 0px 0px 0px 0px;\"><br>\n<br><div class=\"fusion-tabs fusion-tabs-1 classic horizontal-tabs icon-position-left\"><style type=\"text\/css\">.fusion-tabs.fusion-tabs-1 .nav-tabs li a.tab-link{border-top-color:#f9f9fb;background-color:#f9f9fb;}.fusion-tabs.fusion-tabs-1 .nav-tabs{background-color:#ffffff;}.fusion-tabs.fusion-tabs-1 .nav-tabs li.active a.tab-link,.fusion-tabs.fusion-tabs-1 .nav-tabs li.active a.tab-link:hover,.fusion-tabs.fusion-tabs-1 .nav-tabs li.active a.tab-link:focus{border-right-color:#ffffff;}.fusion-tabs.fusion-tabs-1 .nav-tabs li.active a.tab-link,.fusion-tabs.fusion-tabs-1 .nav-tabs li.active a.tab-link:hover,.fusion-tabs.fusion-tabs-1 .nav-tabs li.active a.tab-link:focus{background-color:#ffffff;}.fusion-tabs.fusion-tabs-1 .nav-tabs li a:hover{background-color:#ffffff;border-top-color:#ffffff;}.fusion-tabs.fusion-tabs-1 .tab-pane{background-color:#ffffff;}.fusion-tabs.fusion-tabs-1 .nav,.fusion-tabs.fusion-tabs-1 .nav-tabs,.fusion-tabs.fusion-tabs-1 .tab-content .tab-pane{border-color:#e2e2e2;}<\/style><div class=\"nav\"><ul class=\"nav-tabs nav-justified\" role=\"tablist\"><li class=\"active\"><a class=\"tab-link\" data-toggle=\"tab\" role=\"tab\" aria-controls=\"tab-8e3b1ac3c6737fc15d4\" aria-selected=\"true\" id=\"fusion-tab-educaci\u00d3n\" href=\"#tab-8e3b1ac3c6737fc15d4\"><h4 class=\"fusion-tab-heading\">EDUCACI\u00d3N<\/h4><\/a><\/li><li><a class=\"tab-link\" data-toggle=\"tab\" role=\"tab\" aria-controls=\"tab-971c6674d3fcb4fdfd0\" aria-selected=\"false\" tabindex=\"-1\" id=\"fusion-tab-experienciaprofesional\" href=\"#tab-971c6674d3fcb4fdfd0\"><h4 class=\"fusion-tab-heading\">EXPERIENCIA PROFESIONAL<\/h4><\/a><\/li><li><a class=\"tab-link\" data-toggle=\"tab\" role=\"tab\" aria-controls=\"tab-595fff9c36546c28d03\" aria-selected=\"false\" tabindex=\"-1\" id=\"fusion-tab-asociaciones\" href=\"#tab-595fff9c36546c28d03\"><h4 class=\"fusion-tab-heading\">ASOCIACIONES<\/h4><\/a><\/li><\/ul><\/div><div class=\"tab-content\"><div class=\"nav fusion-mobile-tab-nav\"><ul class=\"nav-tabs nav-justified\"><li class=\"active\"><a class=\"tab-link\" data-toggle=\"tab\" role=\"tab\" aria-controls=\"tab-8e3b1ac3c6737fc15d4\" aria-selected=\"true\" id=\"mobile-fusion-tab-educaci\u00d3n\" href=\"#tab-8e3b1ac3c6737fc15d4\"><h4 class=\"fusion-tab-heading\">EDUCACI\u00d3N<\/h4><\/a><\/li><\/ul><\/div><div class=\"tab-pane fade fusion-clearfix in active\" role=\"tabpanel\" tabindex=\"0\" aria-labelledby=\"fusion-tab-educaci\u00d3n\" id=\"tab-8e3b1ac3c6737fc15d4\">\n<ul>\n<li>Licenciatura en Derecho. Universidad Panamericana (2001).<\/li>\n<li>Diplomado en Propiedad Intelectual, Asociaci\u00f3n Mexicana para la Protecci\u00f3n de la Propiedad Intelectual (AMPPI) (2004).<\/li>\n<li>Maestr\u00eda en Propiedad Intelectual, Universidad Nacional Aut\u00f3noma de M\u00e9xico (UNAM) (2005).<\/li>\n<\/ul>\n<\/div><div class=\"nav fusion-mobile-tab-nav\"><ul class=\"nav-tabs nav-justified\"><li><a class=\"tab-link\" data-toggle=\"tab\" role=\"tab\" aria-controls=\"tab-971c6674d3fcb4fdfd0\" aria-selected=\"false\" tabindex=\"-1\" id=\"mobile-fusion-tab-experienciaprofesional\" href=\"#tab-971c6674d3fcb4fdfd0\"><h4 class=\"fusion-tab-heading\">EXPERIENCIA PROFESIONAL<\/h4><\/a><\/li><\/ul><\/div><div class=\"tab-pane fade fusion-clearfix\" role=\"tabpanel\" tabindex=\"0\" aria-labelledby=\"fusion-tab-experienciaprofesional\" id=\"tab-971c6674d3fcb4fdfd0\">\n<ul>\n<li>BGAL Asociados (Socia, 2018-presente)<\/li>\n<li>Mijares, Angoitia, Cort\u00e9s &amp; Fuentes, S.C. (Asociada, 2017-2018).<\/li>\n<li>Arochi &amp; Lindner, S.C. (Asociada, Jefe de Pr\u00e1ctica de Marcas Extranjeras, 2006- 2016).<\/li>\n<li>Grupo Televisa (Gerente de Derechos de Autor, 2006).<\/li>\n<li>Uhthoff, Gomez-Vega &amp; Uhthoff, S.C. (Asociada, 2003- 2006).<\/li>\n<li>Panamericana de Patentes &amp; Marcas, S.C. (Asociada, 2000- 2002).<\/li>\n<\/ul>\n<\/div><div class=\"nav fusion-mobile-tab-nav\"><ul class=\"nav-tabs nav-justified\"><li><a class=\"tab-link\" data-toggle=\"tab\" role=\"tab\" aria-controls=\"tab-595fff9c36546c28d03\" aria-selected=\"false\" tabindex=\"-1\" id=\"mobile-fusion-tab-asociaciones\" href=\"#tab-595fff9c36546c28d03\"><h4 class=\"fusion-tab-heading\">ASOCIACIONES<\/h4><\/a><\/li><\/ul><\/div><div class=\"tab-pane fade fusion-clearfix\" role=\"tabpanel\" tabindex=\"0\" aria-labelledby=\"fusion-tab-asociaciones\" id=\"tab-595fff9c36546c28d03\">\n<ul>\n<li>Asociaci\u00f3n Mexicana para la Protecci\u00f3n de la Propiedad Intelectual (AMPPI).<\/li>\n<li>Asociaci\u00f3n Interamericana de la Propiedad Intelectual (ASIPI).<\/li>\n<li>Asociaci\u00f3n Internacional de Marcas (INTA).<\/li>\n<\/ul>\n<\/div><\/div><\/div><\/div><\/div><style type=\"text\/css\">.fusion-body .fusion-builder-column-2{width:100% !important;margin-top : 0px;margin-bottom : 20px;}.fusion-builder-column-2 > .fusion-column-wrapper {padding-top : 0px !important;padding-right : 0px !important;margin-right : 1.92%;padding-bottom : 0px !important;padding-left : 0px !important;margin-left : 1.92%;}@media only screen and (max-width:1024px) {.fusion-body .fusion-builder-column-2{width:100% !important;order : 0;}.fusion-builder-column-2 > .fusion-column-wrapper {margin-right : 1.92%;margin-left : 1.92%;}}@media only screen and (max-width:640px) {.fusion-body .fusion-builder-column-2{width:100% !important;order : 0;}.fusion-builder-column-2 > .fusion-column-wrapper {margin-right : 1.92%;margin-left : 1.92%;}}<\/style><\/div><style type=\"text\/css\">.fusion-body .fusion-flex-container.fusion-builder-row-2{ padding-top : 0px;margin-top : 0px;padding-right : 0px;padding-bottom : 0px;margin-bottom : 0px;padding-left : 0px;}<\/style><\/div><\/p>\n","protected":false},"excerpt":{"rendered":"","protected":false},"author":1,"featured_media":0,"parent":0,"menu_order":13,"comment_status":"closed","ping_status":"closed","template":"100-width.php","meta":{"footnotes":""},"_links":{"self":[{"href":"https:\/\/bgal.com.mx\/index.php?rest_route=\/wp\/v2\/pages\/1208"}],"collection":[{"href":"https:\/\/bgal.com.mx\/index.php?rest_route=\/wp\/v2\/pages"}],"about":[{"href":"https:\/\/bgal.com.mx\/index.php?rest_route=\/wp\/v2\/types\/page"}],"author":[{"embeddable":true,"href":"https:\/\/bgal.com.mx\/index.php?rest_route=\/wp\/v2\/users\/1"}],"replies":[{"embeddable":true,"href":"https:\/\/bgal.com.mx\/index.php?rest_route=%2Fwp%2Fv2%2Fcomments&post=1208"}],"version-history":[{"count":18,"href":"https:\/\/bgal.com.mx\/index.php?rest_route=\/wp\/v2\/pages\/1208\/revisions"}],"predecessor-version":[{"id":2334,"href":"https:\/\/bgal.com.mx\/index.php?rest_route=\/wp\/v2\/pages\/1208\/revisions\/2334"}],"wp:attachment":[{"href":"https:\/\/bgal.com.mx\/index.php?rest_route=%2Fwp%2Fv2%2Fmedia&parent=1208"}],"curies":[{"name":"wp","href":"https:\/\/api.w.org\/{rel}","templated":true}]}}