{"id":1225,"date":"2021-02-26T03:12:15","date_gmt":"2021-02-26T03:12:15","guid":{"rendered":"https:\/\/bgal.com.mx\/bgal\/?page_id=1225"},"modified":"2025-05-01T05:27:00","modified_gmt":"2025-05-01T05:27:00","slug":"oscar-flores-vazquez","status":"publish","type":"page","link":"https:\/\/bgal.com.mx\/?page_id=1225","title":{"rendered":"Oscar Flores V\u00e1zquez"},"content":{"rendered":"<p><div class=\"fusion-fullwidth fullwidth-box fusion-builder-row-1 fusion-flex-container nonhundred-percent-fullwidth non-hundred-percent-height-scrolling\" style=\"background-color: rgba(255,255,255,0);background-position: center center;background-repeat: no-repeat;border-width: 0px 0px 0px 0px;border-color:#e2e2e2;border-style:solid;\" ><div class=\"fusion-builder-row fusion-row fusion-flex-align-items-flex-start\" style=\"max-width:1248px;margin-left: calc(-4% \/ 2 );margin-right: calc(-4% \/ 2 );\"><div class=\"fusion-layout-column fusion_builder_column fusion-builder-column-0 fusion_builder_column_1_2 1_2 fusion-flex-column fusion-animated\" data-animationType=\"slideInRight\" data-animationDuration=\"2.5\" data-animationOffset=\"100%\"><div class=\"fusion-column-wrapper fusion-flex-justify-content-flex-start fusion-content-layout-column\" style=\"background-position:left top;background-repeat:no-repeat;-webkit-background-size:cover;-moz-background-size:cover;-o-background-size:cover;background-size:cover;padding: 0px 0px 0px 0px;\"><div ><span class=\" fusion-imageframe imageframe-none imageframe-1 hover-type-zoomin\"><img decoding=\"async\" width=\"585\" height=\"685\" title=\"20\" src=\"https:\/\/bgal.com.mx\/wp-content\/uploads\/2025\/04\/20.jpg\" class=\"img-responsive wp-image-2225\" srcset=\"https:\/\/bgal.com.mx\/wp-content\/uploads\/2025\/04\/20-200x234.jpg 200w, https:\/\/bgal.com.mx\/wp-content\/uploads\/2025\/04\/20-400x468.jpg 400w, https:\/\/bgal.com.mx\/wp-content\/uploads\/2025\/04\/20.jpg 585w\" sizes=\"(max-width: 640px) 100vw, 585px\" \/><\/span><\/div><p>\u00a0<\/p><div class=\"fusion-text fusion-text-1\" style=\"transform:translate3d(0,0,0);\"><p><i class=\"fb-icon-element-1 fb-icon-element fontawesome-icon fa-envelope-open-text fas circle-yes fusion-text-flow\" style=\"font-size:14.08px;line-height:26.16px;height:28.16px;width:28.16px;border-width:1px;margin-right:8px;\"><\/i><style>i.fb-icon-element.fontawesome-icon.fb-icon-element-1{ color: #ffffff; background-color: #4a4e57; border-color: #4a4e57;}i.fb-icon-element.fontawesome-icon.fb-icon-element-1:hover { color: #ffffff; background-color: #ec6733; border-color: #ec6733;}<\/style> <a href=\"#\">oscar.flores@bgal.com.mx<\/a><\/p>\n<p><strong>\u00c1REAS DE PR\u00c1CTICA<\/strong><\/p>\n<ul>\n<li>Asesor\u00eda y litigio en materia de PI.<\/li>\n<li>Registro, administraci\u00f3n y protecci\u00f3n de marcas, patentes y derechos de autor en M\u00e9xico y en el extranjero.<\/li>\n<li>Opiniones y estrategias legales relacionadas con la Protecci\u00f3n de Derechos de PI.<\/li>\n<li>Elaboraci\u00f3n de convenios sobre derechos de PI (transmisi\u00f3n de derechos, obras por encargo, licencias de uso, convenios de transacci\u00f3n, coexistencias,\u00a0 entre otros.)<\/li>\n<li>Auditor\u00edas y dictamen de activos de PI<\/li>\n<\/ul>\n<p><strong>IDIOMAS<\/strong><\/p>\n<ul>\n<li>Espa\u00f1ol<\/li>\n<li>Ingl\u00e9s<\/li>\n<\/ul>\n<\/div><\/div><\/div><style type=\"text\/css\">.fusion-body .fusion-builder-column-0{width:50% !important;margin-top : 0px;margin-bottom : 0px;}.fusion-builder-column-0 > .fusion-column-wrapper {padding-top : 0px !important;padding-right : 0px !important;margin-right : 3.84%;padding-bottom : 0px !important;padding-left : 0px !important;margin-left : 3.84%;}@media only screen and (max-width:1024px) {.fusion-body .fusion-builder-column-0{width:50% !important;order : 0;margin-top : -40px;}.fusion-builder-column-0 > .fusion-column-wrapper {margin-right : 3.84%;margin-left : 3.84%;}}@media only screen and (max-width:640px) {.fusion-body .fusion-builder-column-0{width:100% !important;order : 0;margin-top : 0;}.fusion-builder-column-0 > .fusion-column-wrapper {padding-top : 6vh !important;margin-right : 1.92%;margin-left : 1.92%;}}<\/style><div class=\"fusion-layout-column fusion_builder_column fusion-builder-column-1 fusion_builder_column_1_2 1_2 fusion-flex-column fusion-animated\" data-animationType=\"slideInLeft\" data-animationDuration=\"2.5\" data-animationOffset=\"100%\"><div class=\"fusion-column-wrapper fusion-flex-justify-content-flex-start fusion-content-layout-column\" style=\"background-position:left top;background-repeat:no-repeat;-webkit-background-size:cover;-moz-background-size:cover;-o-background-size:cover;background-size:cover;padding: 5vh 2vw 0px 0px;\"><div class=\"fusion-text fusion-text-2\" style=\"transform:translate3d(0,0,0);\"><p style=\"text-align: justify;\">Oscar es Asociado Senior en BGAL Asociados y cuenta con m\u00e1s de 5 a\u00f1os de experiencia en asuntos de Propiedad Intelectual, con un enfoque especial en litigio y procedimientos contenciosos.<\/p>\n<p style=\"text-align: justify;\">La pr\u00e1ctica de Oscar se centra en la asesor\u00eda, tramitaci\u00f3n y seguimiento de procedimientos de nulidad, caducidad, oposici\u00f3n e infracci\u00f3n ante el Instituto Mexicano de la Propiedad Industrial (IMPI) as\u00ed como en la tramitaci\u00f3n de Juicios Contencioso Administrativos y Juicios de Amparo en materia de Propiedad Intelectual (PI).<\/p>\n<p style=\"text-align: justify;\">Tambi\u00e9n cuenta con una s\u00f3lida trayectoria en el registro, administraci\u00f3n y protecci\u00f3n de marcas en M\u00e9xico y en el extranjero, as\u00ed como en la emisi\u00f3n de opiniones legales relacionadas con derecho de la publicidad y en estudios <em>Freedom to Operate<\/em> (FOT) en PI.<\/p>\n<p style=\"text-align: justify;\">De la misma forma, tiene amplia experiencia en la administraci\u00f3n de derechos de autor y su protecci\u00f3n ante escenarios de litigio. Adem\u00e1s, ha participado en la auditor\u00eda de activos de PI en diversos procesos de M&amp;A y proyectos de financiamiento.<\/p>\n<p style=\"text-align: justify;\">Asimismo, ha representado a empresas mexicanas y multinacionales, tales como BAYER M\u00c9XICO, AIRBNB, INC, PRADA, TEXTRON AVIATION, PROCAPS, ROBERT BOSCH, BUCKMAN LABORATORIES, INDUSTRIAS ALEN, ALO, LLC, Y-TEX, LINCOLN ELECTRIC, POPEYE\u2019S LOUISIANA KITCHEN, MOSHI-MOSHI, SISTEMA RADI\u00d3POLIS, entre otros.<\/p>\n<\/div><\/div><\/div><style type=\"text\/css\">.fusion-body .fusion-builder-column-1{width:50% !important;margin-top : 0px;margin-bottom : 0px;}.fusion-builder-column-1 > .fusion-column-wrapper {padding-top : 5vh !important;padding-right : 2vw !important;margin-right : 3.84%;padding-bottom : 0px !important;padding-left : 0px !important;margin-left : 3.84%;}@media only screen and (max-width:1024px) {.fusion-body .fusion-builder-column-1{width:50% !important;order : 0;}.fusion-builder-column-1 > .fusion-column-wrapper {padding-top : 8vh !important;margin-right : 3.84%;padding-left : 4vh !important;margin-left : 3.84%;}}@media only screen and (max-width:640px) {.fusion-body .fusion-builder-column-1{width:100% !important;order : 1;}.fusion-builder-column-1 > .fusion-column-wrapper {padding-top : 5vh !important;margin-right : 1.92%;margin-left : 1.92%;}}<\/style><\/div><style type=\"text\/css\">.fusion-body .fusion-flex-container.fusion-builder-row-1{ padding-top : 0px;margin-top : 0px;padding-right : 0px;padding-bottom : 0px;margin-bottom : 0px;padding-left : 0px;}<\/style><\/div><div class=\"fusion-fullwidth fullwidth-box fusion-builder-row-2 fusion-flex-container nonhundred-percent-fullwidth non-hundred-percent-height-scrolling\" style=\"background-color: rgba(255,255,255,0);background-position: center center;background-repeat: no-repeat;border-width: 0px 0px 0px 0px;border-color:#e2e2e2;border-style:solid;\" ><div class=\"fusion-builder-row fusion-row fusion-flex-align-items-flex-start\" style=\"max-width:1248px;margin-left: calc(-4% \/ 2 );margin-right: calc(-4% \/ 2 );\"><div class=\"fusion-layout-column fusion_builder_column fusion-builder-column-2 fusion_builder_column_1_1 1_1 fusion-flex-column\"><div class=\"fusion-column-wrapper fusion-flex-justify-content-flex-start fusion-content-layout-column\" style=\"background-position:left top;background-repeat:no-repeat;-webkit-background-size:cover;-moz-background-size:cover;-o-background-size:cover;background-size:cover;padding: 0px 0px 0px 0px;\"><br>\n<br><div class=\"fusion-tabs fusion-tabs-1 classic horizontal-tabs icon-position-left\"><style type=\"text\/css\">.fusion-tabs.fusion-tabs-1 .nav-tabs li a.tab-link{border-top-color:#f9f9fb;background-color:#f9f9fb;}.fusion-tabs.fusion-tabs-1 .nav-tabs{background-color:#ffffff;}.fusion-tabs.fusion-tabs-1 .nav-tabs li.active a.tab-link,.fusion-tabs.fusion-tabs-1 .nav-tabs li.active a.tab-link:hover,.fusion-tabs.fusion-tabs-1 .nav-tabs li.active a.tab-link:focus{border-right-color:#ffffff;}.fusion-tabs.fusion-tabs-1 .nav-tabs li.active a.tab-link,.fusion-tabs.fusion-tabs-1 .nav-tabs li.active a.tab-link:hover,.fusion-tabs.fusion-tabs-1 .nav-tabs li.active a.tab-link:focus{background-color:#ffffff;}.fusion-tabs.fusion-tabs-1 .nav-tabs li a:hover{background-color:#ffffff;border-top-color:#ffffff;}.fusion-tabs.fusion-tabs-1 .tab-pane{background-color:#ffffff;}.fusion-tabs.fusion-tabs-1 .nav,.fusion-tabs.fusion-tabs-1 .nav-tabs,.fusion-tabs.fusion-tabs-1 .tab-content .tab-pane{border-color:#e2e2e2;}<\/style><div class=\"nav\"><ul class=\"nav-tabs nav-justified\" role=\"tablist\"><li class=\"active\"><a class=\"tab-link\" data-toggle=\"tab\" role=\"tab\" aria-controls=\"tab-6a450d8656a1aa9754a\" aria-selected=\"true\" id=\"fusion-tab-educaci\u00d3n\" href=\"#tab-6a450d8656a1aa9754a\"><h4 class=\"fusion-tab-heading\">EDUCACI\u00d3N<\/h4><\/a><\/li><li><a class=\"tab-link\" data-toggle=\"tab\" role=\"tab\" aria-controls=\"tab-59c0a13a743947cda6f\" aria-selected=\"false\" tabindex=\"-1\" id=\"fusion-tab-asociaciones\" href=\"#tab-59c0a13a743947cda6f\"><h4 class=\"fusion-tab-heading\">ASOCIACIONES<\/h4><\/a><\/li><li><a class=\"tab-link\" data-toggle=\"tab\" role=\"tab\" aria-controls=\"tab-46a7c0a214a3f12bc72\" aria-selected=\"false\" tabindex=\"-1\" id=\"fusion-tab-publicaciones\" href=\"#tab-46a7c0a214a3f12bc72\"><h4 class=\"fusion-tab-heading\">PUBLICACIONES<\/h4><\/a><\/li><\/ul><\/div><div class=\"tab-content\"><div class=\"nav fusion-mobile-tab-nav\"><ul class=\"nav-tabs nav-justified\"><li class=\"active\"><a class=\"tab-link\" data-toggle=\"tab\" role=\"tab\" aria-controls=\"tab-6a450d8656a1aa9754a\" aria-selected=\"true\" id=\"mobile-fusion-tab-educaci\u00d3n\" href=\"#tab-6a450d8656a1aa9754a\"><h4 class=\"fusion-tab-heading\">EDUCACI\u00d3N<\/h4><\/a><\/li><\/ul><\/div><div class=\"tab-pane fade fusion-clearfix in active\" role=\"tabpanel\" tabindex=\"0\" aria-labelledby=\"fusion-tab-educaci\u00d3n\" id=\"tab-6a450d8656a1aa9754a\">\n<ul>\n<li>Licenciatura en Derecho &#8211; Universidad Nacional Aut\u00f3noma de M\u00e9xico (2015-2020)<\/li>\n<li>Maestr\u00eda en Propiedad Industrial, Derechos de Autor y Nuevas Tecnolog\u00edas -Universidad Panamericana (2023 -2025)<\/li>\n<\/ul>\n<\/div><div class=\"nav fusion-mobile-tab-nav\"><ul class=\"nav-tabs nav-justified\"><li><a class=\"tab-link\" data-toggle=\"tab\" role=\"tab\" aria-controls=\"tab-59c0a13a743947cda6f\" aria-selected=\"false\" tabindex=\"-1\" id=\"mobile-fusion-tab-asociaciones\" href=\"#tab-59c0a13a743947cda6f\"><h4 class=\"fusion-tab-heading\">ASOCIACIONES<\/h4><\/a><\/li><\/ul><\/div><div class=\"tab-pane fade fusion-clearfix\" role=\"tabpanel\" tabindex=\"0\" aria-labelledby=\"fusion-tab-asociaciones\" id=\"tab-59c0a13a743947cda6f\">\n<ul>\n<li>Asociaci\u00f3n Mexicana para la Protecci\u00f3n de la Propiedad Intelectual (AMPPI).<\/li>\n<li>Sociedad de Autores y Compositores de M\u00e9xico (SACM)<\/li>\n<\/ul>\n<\/div><div class=\"nav fusion-mobile-tab-nav\"><ul class=\"nav-tabs nav-justified\"><li><a class=\"tab-link\" data-toggle=\"tab\" role=\"tab\" aria-controls=\"tab-46a7c0a214a3f12bc72\" aria-selected=\"false\" tabindex=\"-1\" id=\"mobile-fusion-tab-publicaciones\" href=\"#tab-46a7c0a214a3f12bc72\"><h4 class=\"fusion-tab-heading\">PUBLICACIONES<\/h4><\/a><\/li><\/ul><\/div><div class=\"tab-pane fade fusion-clearfix\" role=\"tabpanel\" tabindex=\"0\" aria-labelledby=\"fusion-tab-publicaciones\" id=\"tab-46a7c0a214a3f12bc72\">\n<ul>\n<li>Pluralidad de conceptos y par\u00e1metros para evaluar el uso de marca en M\u00e9xico \u2013 C\u00edrculo PI<\/li>\n<li>Reivindicando el derecho de \u201cmaternidad de las autoras sobre sus obras\u201d \u2013 Blog AMPPI.<\/li>\n<li>El caso Thaler y la autor\u00eda de obras creadas por inteligencia artificial \u2013 Foro jur\u00eddico.<\/li>\n<\/ul>\n<\/div><\/div><\/div><\/div><\/div><style type=\"text\/css\">.fusion-body .fusion-builder-column-2{width:100% !important;margin-top : 0px;margin-bottom : 20px;}.fusion-builder-column-2 > .fusion-column-wrapper {padding-top : 0px !important;padding-right : 0px !important;margin-right : 1.92%;padding-bottom : 0px !important;padding-left : 0px !important;margin-left : 1.92%;}@media only screen and (max-width:1024px) {.fusion-body .fusion-builder-column-2{width:100% !important;order : 0;}.fusion-builder-column-2 > .fusion-column-wrapper {margin-right : 1.92%;margin-left : 1.92%;}}@media only screen and (max-width:640px) {.fusion-body .fusion-builder-column-2{width:100% !important;order : 0;}.fusion-builder-column-2 > .fusion-column-wrapper {margin-right : 1.92%;margin-left : 1.92%;}}<\/style><\/div><style type=\"text\/css\">.fusion-body .fusion-flex-container.fusion-builder-row-2{ padding-top : 0px;margin-top : 0px;padding-right : 0px;padding-bottom : 0px;margin-bottom : 0px;padding-left : 0px;}<\/style><\/div><\/p>\n","protected":false},"excerpt":{"rendered":"","protected":false},"author":1,"featured_media":0,"parent":0,"menu_order":10,"comment_status":"closed","ping_status":"closed","template":"100-width.php","meta":{"footnotes":""},"_links":{"self":[{"href":"https:\/\/bgal.com.mx\/index.php?rest_route=\/wp\/v2\/pages\/1225"}],"collection":[{"href":"https:\/\/bgal.com.mx\/index.php?rest_route=\/wp\/v2\/pages"}],"about":[{"href":"https:\/\/bgal.com.mx\/index.php?rest_route=\/wp\/v2\/types\/page"}],"author":[{"embeddable":true,"href":"https:\/\/bgal.com.mx\/index.php?rest_route=\/wp\/v2\/users\/1"}],"replies":[{"embeddable":true,"href":"https:\/\/bgal.com.mx\/index.php?rest_route=%2Fwp%2Fv2%2Fcomments&post=1225"}],"version-history":[{"count":18,"href":"https:\/\/bgal.com.mx\/index.php?rest_route=\/wp\/v2\/pages\/1225\/revisions"}],"predecessor-version":[{"id":2308,"href":"https:\/\/bgal.com.mx\/index.php?rest_route=\/wp\/v2\/pages\/1225\/revisions\/2308"}],"wp:attachment":[{"href":"https:\/\/bgal.com.mx\/index.php?rest_route=%2Fwp%2Fv2%2Fmedia&parent=1225"}],"curies":[{"name":"wp","href":"https:\/\/api.w.org\/{rel}","templated":true}]}}