{"id":2123,"date":"2024-03-01T03:50:00","date_gmt":"2024-03-01T03:50:00","guid":{"rendered":"https:\/\/bgal.com.mx\/?page_id=2123"},"modified":"2024-10-09T06:03:47","modified_gmt":"2024-10-09T06:03:47","slug":"veronica-garcia","status":"publish","type":"page","link":"https:\/\/bgal.com.mx\/?page_id=2123","title":{"rendered":"Ver\u00f3nica Garc\u00eda"},"content":{"rendered":"<p><div class=\"fusion-fullwidth fullwidth-box fusion-builder-row-1 fusion-flex-container nonhundred-percent-fullwidth non-hundred-percent-height-scrolling\" style=\"background-color: rgba(255,255,255,0);background-position: center center;background-repeat: no-repeat;border-width: 0px 0px 0px 0px;border-color:#e2e2e2;border-style:solid;\" ><div class=\"fusion-builder-row fusion-row fusion-flex-align-items-flex-start\" style=\"max-width:1248px;margin-left: calc(-4% \/ 2 );margin-right: calc(-4% \/ 2 );\"><div class=\"fusion-layout-column fusion_builder_column fusion-builder-column-0 fusion_builder_column_1_2 1_2 fusion-flex-column fusion-animated\" data-animationType=\"slideInRight\" data-animationDuration=\"2.5\" data-animationOffset=\"100%\"><div class=\"fusion-column-wrapper fusion-flex-justify-content-flex-start fusion-content-layout-column\" style=\"background-position:left top;background-repeat:no-repeat;-webkit-background-size:cover;-moz-background-size:cover;-o-background-size:cover;background-size:cover;padding: 0px 0px 0px 0px;\"><div ><span class=\" fusion-imageframe imageframe-none imageframe-1 hover-type-zoomin\"><img decoding=\"async\" width=\"400\" height=\"468\" title=\"veronica\" src=\"https:\/\/bgal.com.mx\/wp-content\/uploads\/2024\/03\/veronica-400x468.jpg\" class=\"img-responsive wp-image-2120\" srcset=\"https:\/\/bgal.com.mx\/wp-content\/uploads\/2024\/03\/veronica-200x234.jpg 200w, https:\/\/bgal.com.mx\/wp-content\/uploads\/2024\/03\/veronica-400x468.jpg 400w, https:\/\/bgal.com.mx\/wp-content\/uploads\/2024\/03\/veronica.jpg 585w\" sizes=\"(max-width: 640px) 100vw, 400px\" \/><\/span><\/div><p>\u00a0<\/p><div class=\"fusion-text fusion-text-1\" style=\"transform:translate3d(0,0,0);\"><p><i class=\"fb-icon-element-1 fb-icon-element fontawesome-icon fa-envelope-open-text fas circle-yes fusion-text-flow\" style=\"font-size:14.08px;line-height:26.16px;height:28.16px;width:28.16px;border-width:1px;margin-right:8px;\"><\/i><style>i.fb-icon-element.fontawesome-icon.fb-icon-element-1{ color: #ffffff; background-color: #4a4e57; border-color: #4a4e57;}i.fb-icon-element.fontawesome-icon.fb-icon-element-1:hover { color: #ffffff; background-color: #ec6733; border-color: #ec6733;}<\/style> <a href=\"#\">veronica.garcia@bgal.com.mx<\/a><\/p>\n<p><strong>\u00c1REAS DE PR\u00c1CTICA<\/strong><\/p>\n<ul>\n<li>Estrategias de protecci\u00f3n de invenciones.<\/li>\n<li>Administraci\u00f3n y gesti\u00f3n de portafolios de patentes.<\/li>\n<li>Asesor\u00eda sobre riesgos de infracci\u00f3n de patentes.<\/li>\n<li>Dise\u00f1os industriales.<\/li>\n<li>Modelos de utilidad.<\/li>\n<li>Variedades vegetales.<\/li>\n<li>Litigio de patentes.<\/li>\n<\/ul>\n<p><strong>IDIOMAS<\/strong><\/p>\n<ul>\n<li>Espa\u00f1ol<\/li>\n<li>Ingl\u00e9s<\/li>\n<\/ul>\n<\/div><\/div><\/div><style type=\"text\/css\">.fusion-body .fusion-builder-column-0{width:50% !important;margin-top : 0px;margin-bottom : 0px;}.fusion-builder-column-0 > .fusion-column-wrapper {padding-top : 0px !important;padding-right : 0px !important;margin-right : 3.84%;padding-bottom : 0px !important;padding-left : 0px !important;margin-left : 3.84%;}@media only screen and (max-width:1024px) {.fusion-body .fusion-builder-column-0{width:50% !important;order : 0;margin-top : -40px;}.fusion-builder-column-0 > .fusion-column-wrapper {margin-right : 3.84%;margin-left : 3.84%;}}@media only screen and (max-width:640px) {.fusion-body .fusion-builder-column-0{width:100% !important;order : 0;margin-top : 0;}.fusion-builder-column-0 > .fusion-column-wrapper {padding-top : 6vh !important;margin-right : 1.92%;margin-left : 1.92%;}}<\/style><div class=\"fusion-layout-column fusion_builder_column fusion-builder-column-1 fusion_builder_column_1_2 1_2 fusion-flex-column fusion-animated\" data-animationType=\"slideInLeft\" data-animationDuration=\"2.5\" data-animationOffset=\"100%\"><div class=\"fusion-column-wrapper fusion-flex-justify-content-flex-start fusion-content-layout-column\" style=\"background-position:left top;background-repeat:no-repeat;-webkit-background-size:cover;-moz-background-size:cover;-o-background-size:cover;background-size:cover;padding: 5vh 2vw 0px 0px;\"><div class=\"fusion-text fusion-text-2\" style=\"transform:translate3d(0,0,0);\"><p style=\"text-align: justify;\">Ver\u00f3nica Garc\u00eda es Maestra en Ciencias y en Administraci\u00f3n, con especialidad en Propiedad Intelectual. Cuenta con una trayectoria profesional de m\u00e1s de dos d\u00e9cadas de experiencia en la consultor\u00eda de patentes, abarcando diversas \u00e1reas, entre las que se incluyen farmac\u00e9utica, biotecnol\u00f3gica, mec\u00e1nica y el\u00e9ctrica, as\u00ed como dise\u00f1os industriales.<\/p>\n<p style=\"text-align: justify;\">Su enfoque principal se centra en la tramitaci\u00f3n de patentes, litigios relacionados con la infracci\u00f3n y nulidad de patentes, as\u00ed como la creaci\u00f3n de estrategias s\u00f3lidas para la protecci\u00f3n de invenciones. A lo largo de su carrera, Ver\u00f3nica ha representado con \u00e9xito a una amplia gama de clientes, tanto nacionales como transnacionales, entre los que se incluyen empresas como Buckman Laboratories, Nanocoating Technologies y CSP Technologies, entre otros.<\/p>\n<\/div><\/div><\/div><style type=\"text\/css\">.fusion-body .fusion-builder-column-1{width:50% !important;margin-top : 0px;margin-bottom : 0px;}.fusion-builder-column-1 > .fusion-column-wrapper {padding-top : 5vh !important;padding-right : 2vw !important;margin-right : 3.84%;padding-bottom : 0px !important;padding-left : 0px !important;margin-left : 3.84%;}@media only screen and (max-width:1024px) {.fusion-body .fusion-builder-column-1{width:50% !important;order : 0;}.fusion-builder-column-1 > .fusion-column-wrapper {padding-top : 8vh !important;margin-right : 3.84%;padding-left : 4vh !important;margin-left : 3.84%;}}@media only screen and (max-width:640px) {.fusion-body .fusion-builder-column-1{width:100% !important;order : 1;}.fusion-builder-column-1 > .fusion-column-wrapper {padding-top : 5vh !important;margin-right : 1.92%;margin-left : 1.92%;}}<\/style><\/div><style type=\"text\/css\">.fusion-body .fusion-flex-container.fusion-builder-row-1{ padding-top : 0px;margin-top : 0px;padding-right : 0px;padding-bottom : 0px;margin-bottom : 0px;padding-left : 0px;}<\/style><\/div><div class=\"fusion-fullwidth fullwidth-box fusion-builder-row-2 fusion-flex-container nonhundred-percent-fullwidth non-hundred-percent-height-scrolling\" style=\"background-color: rgba(255,255,255,0);background-position: center center;background-repeat: no-repeat;border-width: 0px 0px 0px 0px;border-color:#e2e2e2;border-style:solid;\" ><div class=\"fusion-builder-row fusion-row fusion-flex-align-items-flex-start\" style=\"max-width:1248px;margin-left: calc(-4% \/ 2 );margin-right: calc(-4% \/ 2 );\"><div class=\"fusion-layout-column fusion_builder_column fusion-builder-column-2 fusion_builder_column_1_1 1_1 fusion-flex-column\"><div class=\"fusion-column-wrapper fusion-flex-justify-content-flex-start fusion-content-layout-column\" style=\"background-position:left top;background-repeat:no-repeat;-webkit-background-size:cover;-moz-background-size:cover;-o-background-size:cover;background-size:cover;padding: 0px 0px 0px 0px;\"><br>\n<br><div class=\"fusion-tabs fusion-tabs-1 classic horizontal-tabs icon-position-left\"><style type=\"text\/css\">.fusion-tabs.fusion-tabs-1 .nav-tabs li a.tab-link{border-top-color:#f9f9fb;background-color:#f9f9fb;}.fusion-tabs.fusion-tabs-1 .nav-tabs{background-color:#ffffff;}.fusion-tabs.fusion-tabs-1 .nav-tabs li.active a.tab-link,.fusion-tabs.fusion-tabs-1 .nav-tabs li.active a.tab-link:hover,.fusion-tabs.fusion-tabs-1 .nav-tabs li.active a.tab-link:focus{border-right-color:#ffffff;}.fusion-tabs.fusion-tabs-1 .nav-tabs li.active a.tab-link,.fusion-tabs.fusion-tabs-1 .nav-tabs li.active a.tab-link:hover,.fusion-tabs.fusion-tabs-1 .nav-tabs li.active a.tab-link:focus{background-color:#ffffff;}.fusion-tabs.fusion-tabs-1 .nav-tabs li a:hover{background-color:#ffffff;border-top-color:#ffffff;}.fusion-tabs.fusion-tabs-1 .tab-pane{background-color:#ffffff;}.fusion-tabs.fusion-tabs-1 .nav,.fusion-tabs.fusion-tabs-1 .nav-tabs,.fusion-tabs.fusion-tabs-1 .tab-content .tab-pane{border-color:#e2e2e2;}<\/style><div class=\"nav\"><ul class=\"nav-tabs nav-justified\" role=\"tablist\"><li class=\"active\"><a class=\"tab-link\" data-toggle=\"tab\" role=\"tab\" aria-controls=\"tab-cf77da891cb8a85c0b8\" aria-selected=\"true\" id=\"fusion-tab-formaci\u00d3nacad\u00c9mica\" href=\"#tab-cf77da891cb8a85c0b8\"><h4 class=\"fusion-tab-heading\">FORMACI\u00d3N ACAD\u00c9MICA<\/h4><\/a><\/li><li><a class=\"tab-link\" data-toggle=\"tab\" role=\"tab\" aria-controls=\"tab-3c14acc7561e6b4d90e\" aria-selected=\"false\" tabindex=\"-1\" id=\"fusion-tab-experienciaprofesional\" href=\"#tab-3c14acc7561e6b4d90e\"><h4 class=\"fusion-tab-heading\">EXPERIENCIA PROFESIONAL<\/h4><\/a><\/li><\/ul><\/div><div class=\"tab-content\"><div class=\"nav fusion-mobile-tab-nav\"><ul class=\"nav-tabs nav-justified\"><li class=\"active\"><a class=\"tab-link\" data-toggle=\"tab\" role=\"tab\" aria-controls=\"tab-cf77da891cb8a85c0b8\" aria-selected=\"true\" id=\"mobile-fusion-tab-formaci\u00d3nacad\u00c9mica\" href=\"#tab-cf77da891cb8a85c0b8\"><h4 class=\"fusion-tab-heading\">FORMACI\u00d3N ACAD\u00c9MICA<\/h4><\/a><\/li><\/ul><\/div><div class=\"tab-pane fade fusion-clearfix in active\" role=\"tabpanel\" tabindex=\"0\" aria-labelledby=\"fusion-tab-formaci\u00d3nacad\u00c9mica\" id=\"tab-cf77da891cb8a85c0b8\">\n<p>\u2022 Maestr\u00eda en Ciencia de Datos, Universidad Tecnol\u00f3gica Latinoamericana en L\u00ednea (UTEL), 2023.<br \/>\n\u2022 Maestr\u00eda en Administraci\u00f3n, Instituto Tecnol\u00f3gico Aut\u00f3nomo de M\u00e9xico (ITAM), 2010.<br \/>\n\u2022 Especialidad en Propiedad Intelectual, Universidad Panamericana (UP), 2005.<br \/>\n\u2022 Maestr\u00eda en Ciencias con especialidad en Biomedicina Molecula, Centro de Investigaci\u00f3n y estudios Avanzados del I.P.N. (CINVESTAV), 2001.<br \/>\n\u2022 Licenciatura en Qu\u00edmica Farmac\u00e9utico Biol\u00f3gica, Universidad Nacional Aut\u00f3noma de M\u00e9xico (UNAM), 1999.<\/p>\n<\/div><div class=\"nav fusion-mobile-tab-nav\"><ul class=\"nav-tabs nav-justified\"><li><a class=\"tab-link\" data-toggle=\"tab\" role=\"tab\" aria-controls=\"tab-3c14acc7561e6b4d90e\" aria-selected=\"false\" tabindex=\"-1\" id=\"mobile-fusion-tab-experienciaprofesional\" href=\"#tab-3c14acc7561e6b4d90e\"><h4 class=\"fusion-tab-heading\">EXPERIENCIA PROFESIONAL<\/h4><\/a><\/li><\/ul><\/div><div class=\"tab-pane fade fusion-clearfix\" role=\"tabpanel\" tabindex=\"0\" aria-labelledby=\"fusion-tab-experienciaprofesional\" id=\"tab-3c14acc7561e6b4d90e\">\n<ul>\n<li>BGAL Asociados, S.C. (Consejera, presente)<\/li>\n<li>Mijares, Angoitia, Cort\u00e9s y Fuentes, S.C. (Asociada\/Responsable del\u00a0Area\u00a0de\u00a0Patentes, 2012-2018)<\/li>\n<li>Teva Pharmaceuticals Mexico, S.A. (Coordinadora de Patentes y Jefe de Proyectos de Investigaci\u00f3n y Desarrollo, 2009-2012)<\/li>\n<li>Ladr\u00f3n de Guevara, Garc\u00eda, Fuentes y Asociados, S.C. (Asociada, 2002-2009).<\/li>\n<\/ul>\n<\/div><\/div><\/div><\/div><\/div><style type=\"text\/css\">.fusion-body .fusion-builder-column-2{width:100% !important;margin-top : 0px;margin-bottom : 20px;}.fusion-builder-column-2 > .fusion-column-wrapper {padding-top : 0px !important;padding-right : 0px !important;margin-right : 1.92%;padding-bottom : 0px !important;padding-left : 0px !important;margin-left : 1.92%;}@media only screen and (max-width:1024px) {.fusion-body .fusion-builder-column-2{width:100% !important;order : 0;}.fusion-builder-column-2 > .fusion-column-wrapper {margin-right : 1.92%;margin-left : 1.92%;}}@media only screen and (max-width:640px) {.fusion-body .fusion-builder-column-2{width:100% !important;order : 0;}.fusion-builder-column-2 > .fusion-column-wrapper {margin-right : 1.92%;margin-left : 1.92%;}}<\/style><\/div><style type=\"text\/css\">.fusion-body .fusion-flex-container.fusion-builder-row-2{ padding-top : 0px;margin-top : 0px;padding-right : 0px;padding-bottom : 0px;margin-bottom : 0px;padding-left : 0px;}<\/style><\/div><\/p>\n","protected":false},"excerpt":{"rendered":"","protected":false},"author":1,"featured_media":0,"parent":0,"menu_order":16,"comment_status":"closed","ping_status":"closed","template":"100-width.php","meta":{"footnotes":""},"_links":{"self":[{"href":"https:\/\/bgal.com.mx\/index.php?rest_route=\/wp\/v2\/pages\/2123"}],"collection":[{"href":"https:\/\/bgal.com.mx\/index.php?rest_route=\/wp\/v2\/pages"}],"about":[{"href":"https:\/\/bgal.com.mx\/index.php?rest_route=\/wp\/v2\/types\/page"}],"author":[{"embeddable":true,"href":"https:\/\/bgal.com.mx\/index.php?rest_route=\/wp\/v2\/users\/1"}],"replies":[{"embeddable":true,"href":"https:\/\/bgal.com.mx\/index.php?rest_route=%2Fwp%2Fv2%2Fcomments&post=2123"}],"version-history":[{"count":2,"href":"https:\/\/bgal.com.mx\/index.php?rest_route=\/wp\/v2\/pages\/2123\/revisions"}],"predecessor-version":[{"id":2161,"href":"https:\/\/bgal.com.mx\/index.php?rest_route=\/wp\/v2\/pages\/2123\/revisions\/2161"}],"wp:attachment":[{"href":"https:\/\/bgal.com.mx\/index.php?rest_route=%2Fwp%2Fv2%2Fmedia&parent=2123"}],"curies":[{"name":"wp","href":"https:\/\/api.w.org\/{rel}","templated":true}]}}