{"id":2130,"date":"2024-03-01T04:10:16","date_gmt":"2024-03-01T04:10:16","guid":{"rendered":"https:\/\/bgal.com.mx\/?page_id=2130"},"modified":"2024-03-01T04:10:59","modified_gmt":"2024-03-01T04:10:59","slug":"reconocimientos-2023","status":"publish","type":"page","link":"https:\/\/bgal.com.mx\/?page_id=2130","title":{"rendered":"Reconocimientos &#8211; 2023"},"content":{"rendered":"<p><div class=\"fusion-fullwidth fullwidth-box fusion-builder-row-1 fusion-flex-container nonhundred-percent-fullwidth non-hundred-percent-height-scrolling\" style=\"background-color: rgba(255,255,255,0);background-position: center center;background-repeat: no-repeat;border-width: 0px 0px 0px 0px;border-color:#e2e2e2;border-style:solid;\" ><div class=\"fusion-builder-row fusion-row fusion-flex-align-items-flex-start\" style=\"max-width:1248px;margin-left: calc(-4% \/ 2 );margin-right: calc(-4% \/ 2 );\"><div class=\"fusion-layout-column fusion_builder_column fusion-builder-column-0 fusion_builder_column_1_1 1_1 fusion-flex-column\"><div class=\"fusion-column-wrapper fusion-flex-justify-content-flex-start fusion-content-layout-column\" style=\"background-position:left top;background-repeat:no-repeat;-webkit-background-size:cover;-moz-background-size:cover;-o-background-size:cover;background-size:cover;padding: 0px 0px 0px 0px;\"><style type='text\/css'>.reading-box-container-1 .element-bottomshadow:before,.reading-box-container-1 .element-bottomshadow:after{opacity:0.7;}<\/style><div class=\"fusion-reading-box-container reading-box-container-1 fusion-animated\" data-animationType=\"slideInRight\" data-animationDuration=\"3.0\" data-animationOffset=\"50%\" style=\"margin-top:0px;margin-bottom:20px;\"><div class=\"reading-box element-bottomshadow\" style=\"background-color:#f9f9fb;border-width:1px;border-color:rgba(226,226,226,0);border-left-width:3px;border-left-color:var(--primary_color);border-style:solid;\"><h2>Legal 500<\/h2><div class=\"reading-box-additional fusion-reading-box-additional\">\n<p style=\"text-align: justify;\">Este a\u00f1o 2024, Bgal Asociados ha sido considerada una vez m\u00e1s como una de las firmas de propiedad intelectual m\u00e1s destacadas en el mercado legal mexicano por The Legal 500 (Legalease).<\/p>\n<p style=\"text-align: justify;\">Orgullosos de contar con abogados de primer nivel, comprometidos y enfocados en la excelencia.<\/p>\n<\/div><div class=\"fusion-clearfix\"><\/div><\/div><\/div><p>\u00a0<\/p><style type='text\/css'>.reading-box-container-2 .element-bottomshadow:before,.reading-box-container-2 .element-bottomshadow:after{opacity:0.7;}<\/style><div class=\"fusion-reading-box-container reading-box-container-2 fusion-animated\" data-animationType=\"slideInRight\" data-animationDuration=\"3.0\" data-animationOffset=\"50%\" style=\"margin-top:0px;margin-bottom:20px;\"><div class=\"reading-box element-bottomshadow\" style=\"background-color:#f9f9fb;border-width:1px;border-color:rgba(226,226,226,0);border-left-width:3px;border-left-color:var(--primary_color);border-style:solid;\"><h2>WTR1000<\/h2><div class=\"reading-box-additional fusion-reading-box-additional\">\n<p style=\"text-align: justify;\">Gracias a nuestros clientes, colegas y al equipo de investigaci\u00f3n de Chambers and Partners por el reconocimiento a nuestra firma y socios: Inti Alva Espinoza, \u00abInti Alejandro Alva es un abogado muy pr\u00e1ctico y profesional que entiende nuestro negocio, y proporciona asesoramiento jur\u00eddico que considera nuestros objetivos comerciales, presupuesto y estrategia\u00bb; Flor Berm\u00fadez, \u00abFlor Berm\u00fadez es muy receptiva y siempre est\u00e1 al tanto de todo. Es una abogada de confianza que proporciona un excelente asesoramiento en materia de marcas.\u00bb<\/p>\n<\/div><div class=\"fusion-clearfix\"><\/div><\/div><\/div><p>\u00a0<\/p><style type='text\/css'>.reading-box-container-3 .element-bottomshadow:before,.reading-box-container-3 .element-bottomshadow:after{opacity:0.7;}<\/style><div class=\"fusion-reading-box-container reading-box-container-3 fusion-animated\" data-animationType=\"slideInRight\" data-animationDuration=\"3.0\" data-animationOffset=\"50%\" style=\"margin-top:0px;margin-bottom:20px;\"><div class=\"reading-box element-bottomshadow\" style=\"background-color:#f9f9fb;border-width:1px;border-color:rgba(226,226,226,0);border-left-width:3px;border-left-color:var(--primary_color);border-style:solid;\"><h2>Latin Lawyer 250<\/h2><div class=\"reading-box-additional fusion-reading-box-additional\">\n<p>Orgullosos de ser reconocidos por \u00abLatin Lawyer 250\u00bb como \u00abFirma Recomendada 2024\u00bb.<\/p>\n<p>Gracias a nuestros clientes por su confianza, y a la profesionalidad de cada miembro de Bgal Asociados.<\/p>\n<\/div><div class=\"fusion-clearfix\"><\/div><\/div><\/div><p>\u00a0<\/p><style type='text\/css'>.reading-box-container-4 .element-bottomshadow:before,.reading-box-container-4 .element-bottomshadow:after{opacity:0.7;}<\/style><div class=\"fusion-reading-box-container reading-box-container-4 fusion-animated\" data-animationType=\"slideInRight\" data-animationDuration=\"3.0\" data-animationOffset=\"50%\" style=\"margin-top:0px;margin-bottom:20px;\"><div class=\"reading-box element-bottomshadow\" style=\"background-color:#f9f9fb;border-width:1px;border-color:rgba(226,226,226,0);border-left-width:3px;border-left-color:var(--primary_color);border-style:solid;\"><h2>WIPR Influencial Women in IP<\/h2><div class=\"reading-box-additional fusion-reading-box-additional\">\n<p>Felicitaciones a nuestra socia Flor Berm\u00fadez por ser reconocida por WIPR como \u00abMujeres Influyentes en PI 2023\u00bb.<\/p>\n<\/div><div class=\"fusion-clearfix\"><\/div><\/div><\/div><p>\u00a0<\/p><style type='text\/css'>.reading-box-container-5 .element-bottomshadow:before,.reading-box-container-5 .element-bottomshadow:after{opacity:0.7;}<\/style><div class=\"fusion-reading-box-container reading-box-container-5 fusion-animated\" data-animationType=\"slideInRight\" data-animationDuration=\"3.0\" data-animationOffset=\"50%\" style=\"margin-top:0px;margin-bottom:20px;\"><div class=\"reading-box element-bottomshadow\" style=\"background-color:#f9f9fb;border-width:1px;border-color:rgba(226,226,226,0);border-left-width:3px;border-left-color:var(--primary_color);border-style:solid;\"><h2>WIPR <\/h2><div class=\"reading-box-additional fusion-reading-box-additional\">\n<p>Orgullosos de ser reconocidos como firma de PI y l\u00edderes en PI en la edici\u00f3n 2023 del Directorio de L\u00edderes del WIPR, y nuestras socias Inti Alva y Flor Berm\u00fadez como l\u00edderes reconocidas.<\/p>\n<\/div><div class=\"fusion-clearfix\"><\/div><\/div><\/div><p>\u00a0<\/p><style type='text\/css'>.reading-box-container-6 .element-bottomshadow:before,.reading-box-container-6 .element-bottomshadow:after{opacity:0.7;}<\/style><div class=\"fusion-reading-box-container reading-box-container-6 fusion-animated\" data-animationType=\"slideInRight\" data-animationDuration=\"3.0\" data-animationOffset=\"50%\" style=\"margin-top:0px;margin-bottom:20px;\"><div class=\"reading-box element-bottomshadow\" style=\"background-color:#f9f9fb;border-width:1px;border-color:rgba(226,226,226,0);border-left-width:3px;border-left-color:var(--primary_color);border-style:solid;\"><h2>IAM<\/h2><div class=\"reading-box-additional fusion-reading-box-additional\">\n<p>Nuestro socio Inti Alva Espinoza ha sido reconocido en la edici\u00f3n 2023 del directorio IAM, como abogado recomendado en las \u00e1reas de litigios y enjuiciamiento.<\/p>\n<\/div><div class=\"fusion-clearfix\"><\/div><\/div><\/div><p>\u00a0<\/p><style type='text\/css'>.reading-box-container-7 .element-bottomshadow:before,.reading-box-container-7 .element-bottomshadow:after{opacity:0.7;}<\/style><div class=\"fusion-reading-box-container reading-box-container-7 fusion-animated\" data-animationType=\"slideInRight\" data-animationDuration=\"3.0\" data-animationOffset=\"50%\" style=\"margin-top:0px;margin-bottom:20px;\"><div class=\"reading-box element-bottomshadow\" style=\"background-color:#f9f9fb;border-width:1px;border-color:rgba(226,226,226,0);border-left-width:3px;border-left-color:var(--primary_color);border-style:solid;\"><h2>World Trademark Review<\/h2><div class=\"reading-box-additional fusion-reading-box-additional\">\n<p style=\"text-align: justify;\">Nuestra firma ha sido clasificada en la categor\u00eda de bronce gracias a \u00absus servicios personalizados y de alta calidad\u00bb.<\/p>\n<p style=\"text-align: justify;\">Flor Berm\u00fadez ha sido descrita por los clientes como \u00abuna extraordinaria abogada de marcas con amplios conocimientos del derecho y la pr\u00e1ctica de marcas &#8211; no s\u00f3lo en M\u00e9xico sino en muchas jurisdicciones extranjeras.\u00bb<\/p>\n<p style=\"text-align: justify;\">Inti Alva ha sido descrito por los clientes como \u00abexperto l\u00edder en marcas, derecho de autor y litigios de PI con una habilidad excepcional para entender y resolver asuntos complejos. Es pragm\u00e1tico, estrat\u00e9gico y altamente comercial\u00bb.<\/p>\n<\/div><div class=\"fusion-clearfix\"><\/div><\/div><\/div><\/div><\/div><style type=\"text\/css\">.fusion-body .fusion-builder-column-0{width:100% !important;margin-top : 0px;margin-bottom : 20px;}.fusion-builder-column-0 > .fusion-column-wrapper {padding-top : 0px !important;padding-right : 0px !important;margin-right : 1.92%;padding-bottom : 0px !important;padding-left : 0px !important;margin-left : 1.92%;}@media only screen and (max-width:1024px) {.fusion-body .fusion-builder-column-0{width:100% !important;order : 0;}.fusion-builder-column-0 > .fusion-column-wrapper {margin-right : 1.92%;margin-left : 1.92%;}}@media only screen and (max-width:640px) {.fusion-body .fusion-builder-column-0{width:100% !important;order : 0;}.fusion-builder-column-0 > .fusion-column-wrapper {margin-right : 1.92%;margin-left : 1.92%;}}<\/style><\/div><style type=\"text\/css\">.fusion-body .fusion-flex-container.fusion-builder-row-1{ padding-top : 0px;margin-top : 0px;padding-right : 0px;padding-bottom : 0px;margin-bottom : 0px;padding-left : 0px;}<\/style><\/div><div class=\"fusion-fullwidth fullwidth-box fusion-builder-row-2 fusion-flex-container nonhundred-percent-fullwidth non-hundred-percent-height-scrolling fusion-animated\" style=\"background-color: rgba(255,255,255,0);background-position: center center;background-repeat: no-repeat;border-width: 0px 0px 0px 0px;border-color:#e2e2e2;border-style:solid;\" data-animationType=\"slideInUp\" data-animationDuration=\"3.0\" data-animationOffset=\"100%\" ><div class=\"fusion-builder-row fusion-row fusion-flex-align-items-flex-start\" style=\"max-width:1248px;margin-left: calc(-4% \/ 2 );margin-right: calc(-4% \/ 2 );\"><\/div><style type=\"text\/css\">.fusion-body .fusion-flex-container.fusion-builder-row-2{ padding-top : 0px;margin-top : 0px;padding-right : 0px;padding-bottom : 0px;margin-bottom : 0px;padding-left : 0px;}<\/style><\/div><\/p>\n","protected":false},"excerpt":{"rendered":"","protected":false},"author":1,"featured_media":0,"parent":0,"menu_order":18,"comment_status":"closed","ping_status":"closed","template":"100-width.php","meta":{"footnotes":""},"_links":{"self":[{"href":"https:\/\/bgal.com.mx\/index.php?rest_route=\/wp\/v2\/pages\/2130"}],"collection":[{"href":"https:\/\/bgal.com.mx\/index.php?rest_route=\/wp\/v2\/pages"}],"about":[{"href":"https:\/\/bgal.com.mx\/index.php?rest_route=\/wp\/v2\/types\/page"}],"author":[{"embeddable":true,"href":"https:\/\/bgal.com.mx\/index.php?rest_route=\/wp\/v2\/users\/1"}],"replies":[{"embeddable":true,"href":"https:\/\/bgal.com.mx\/index.php?rest_route=%2Fwp%2Fv2%2Fcomments&post=2130"}],"version-history":[{"count":2,"href":"https:\/\/bgal.com.mx\/index.php?rest_route=\/wp\/v2\/pages\/2130\/revisions"}],"predecessor-version":[{"id":2132,"href":"https:\/\/bgal.com.mx\/index.php?rest_route=\/wp\/v2\/pages\/2130\/revisions\/2132"}],"wp:attachment":[{"href":"https:\/\/bgal.com.mx\/index.php?rest_route=%2Fwp%2Fv2%2Fmedia&parent=2130"}],"curies":[{"name":"wp","href":"https:\/\/api.w.org\/{rel}","templated":true}]}}