{"id":2134,"date":"2024-03-01T04:14:58","date_gmt":"2024-03-01T04:14:58","guid":{"rendered":"https:\/\/bgal.com.mx\/?page_id=2134"},"modified":"2025-04-16T12:57:03","modified_gmt":"2025-04-16T12:57:03","slug":"reconocimientos-2024","status":"publish","type":"page","link":"https:\/\/bgal.com.mx\/?page_id=2134","title":{"rendered":"Reconocimientos &#8211; 2024"},"content":{"rendered":"<p><div class=\"fusion-fullwidth fullwidth-box fusion-builder-row-1 fusion-flex-container nonhundred-percent-fullwidth non-hundred-percent-height-scrolling\" style=\"background-color: rgba(255,255,255,0);background-position: center center;background-repeat: no-repeat;border-width: 0px 0px 0px 0px;border-color:#e2e2e2;border-style:solid;\" ><div class=\"fusion-builder-row fusion-row fusion-flex-align-items-flex-start\" style=\"max-width:1248px;margin-left: calc(-4% \/ 2 );margin-right: calc(-4% \/ 2 );\"><div class=\"fusion-layout-column fusion_builder_column fusion-builder-column-0 fusion_builder_column_1_1 1_1 fusion-flex-column\"><div class=\"fusion-column-wrapper fusion-flex-justify-content-flex-start fusion-content-layout-column\" style=\"background-position:left top;background-repeat:no-repeat;-webkit-background-size:cover;-moz-background-size:cover;-o-background-size:cover;background-size:cover;padding: 0px 0px 0px 0px;\"><style type='text\/css'>.reading-box-container-1 .element-bottomshadow:before,.reading-box-container-1 .element-bottomshadow:after{opacity:0.7;}<\/style><div class=\"fusion-reading-box-container reading-box-container-1 fusion-animated\" data-animationType=\"slideInRight\" data-animationDuration=\"3.0\" data-animationOffset=\"50%\" style=\"margin-top:0px;margin-bottom:20px;\"><div class=\"reading-box element-bottomshadow\" style=\"background-color:#f9f9fb;border-width:1px;border-color:rgba(226,226,226,0);border-left-width:3px;border-left-color:var(--primary_color);border-style:solid;\"><h2>Who\u2019s Who Legal<\/h2><div class=\"reading-box-additional fusion-reading-box-additional\">\n<p style=\"text-align: justify;\"><span style=\"font-weight: 400;\">Nos enorgullece anunciar que nuestra socia Flor Berm\u00fadez ha sido reconocida como abogada destacada en Propiedad Intelectual por Who\u2019s Who Legal, en su Informe 2024.<\/span><\/p>\n<\/div><div class=\"fusion-clearfix\"><\/div><\/div><\/div><p>\u00a0<\/p><style type='text\/css'>.reading-box-container-2 .element-bottomshadow:before,.reading-box-container-2 .element-bottomshadow:after{opacity:0.7;}<\/style><div class=\"fusion-reading-box-container reading-box-container-2 fusion-animated\" data-animationType=\"slideInRight\" data-animationDuration=\"3.0\" data-animationOffset=\"50%\" style=\"margin-top:0px;margin-bottom:20px;\"><div class=\"reading-box element-bottomshadow\" style=\"background-color:#f9f9fb;border-width:1px;border-color:rgba(226,226,226,0);border-left-width:3px;border-left-color:var(--primary_color);border-style:solid;\"><h2>WTR1000<\/h2><div class=\"reading-box-additional fusion-reading-box-additional\">\n<p><span style=\"font-weight: 400;\">Nuestra firma ha sido reconocida en la categor\u00eda PLATA por WTR 1000: \u00abBGAL Asociados cuenta con un equipo de abogados j\u00f3venes pero experimentados, que son receptivos y pueden manejar todo tipo de asuntos de propiedad intelectual.\u00bb\u00a0\u00a0<\/span><\/p>\n<p><span style=\"font-weight: 400;\">Flor Berm\u00fadez ha sido reconocida como abogada l\u00edder en el \u00e1rea de marcas, galardonada por la publicaci\u00f3n internacional WTR1000.\u00a0\u00a0<\/span><\/p>\n<p><span style=\"font-weight: 400;\">\u00abInti es un experto en derecho de marcas, derechos de autor y litigios de propiedad intelectual, y posee una habilidad innata para comprender y resolver asuntos complejos de propiedad intelectual.\u00bb<\/span><\/p>\n<\/div><div class=\"fusion-clearfix\"><\/div><\/div><\/div><p>\u00a0<\/p><style type='text\/css'>.reading-box-container-3 .element-bottomshadow:before,.reading-box-container-3 .element-bottomshadow:after{opacity:0.7;}<\/style><div class=\"fusion-reading-box-container reading-box-container-3 fusion-animated\" data-animationType=\"slideInRight\" data-animationDuration=\"3.0\" data-animationOffset=\"50%\" style=\"margin-top:0px;margin-bottom:20px;\"><div class=\"reading-box element-bottomshadow\" style=\"background-color:#f9f9fb;border-width:1px;border-color:rgba(226,226,226,0);border-left-width:3px;border-left-color:var(--primary_color);border-style:solid;\"><h2>Chambers and Partners<\/h2><div class=\"reading-box-additional fusion-reading-box-additional\">\n<p><span style=\"font-weight: 400;\">Gracias a nuestro constante compromiso con la pr\u00e1ctica legal y, sobre todo, a la confianza de nuestros clientes, colegas y amigos, este a\u00f1o BGAL Asociados y nuestros socios Flor Berm\u00fadez e Inti Alva Espinoza han sido reconocidos por el ranking global de Chambers and Partners, destacando su impecable trabajo en el campo de la Propiedad Intelectual.<\/span><\/p>\n<\/div><div class=\"fusion-clearfix\"><\/div><\/div><\/div><p>\u00a0<\/p><style type='text\/css'>.reading-box-container-4 .element-bottomshadow:before,.reading-box-container-4 .element-bottomshadow:after{opacity:0.7;}<\/style><div class=\"fusion-reading-box-container reading-box-container-4 fusion-animated\" data-animationType=\"slideInRight\" data-animationDuration=\"3.0\" data-animationOffset=\"50%\" style=\"margin-top:0px;margin-bottom:20px;\"><div class=\"reading-box element-bottomshadow\" style=\"background-color:#f9f9fb;border-width:1px;border-color:rgba(226,226,226,0);border-left-width:3px;border-left-color:var(--primary_color);border-style:solid;\"><h2>Media Law International<\/h2><div class=\"reading-box-additional fusion-reading-box-additional\">\n<p><span style=\"font-weight: 400;\">Nos enorgullece que nuestro equipo haya sido reconocido como una Firma de Derecho de Medios en la Categor\u00eda 1. Este logro refleja el arduo trabajo y la dedicaci\u00f3n que hemos invertido en nuestra pr\u00e1ctica. Ser parte de un ranking tan prestigioso no solo resalta nuestra experiencia, sino que tambi\u00e9n mejora nuestra reputaci\u00f3n en la industria.<\/span><\/p>\n<\/div><div class=\"fusion-clearfix\"><\/div><\/div><\/div><p>\u00a0<\/p><style type='text\/css'>.reading-box-container-5 .element-bottomshadow:before,.reading-box-container-5 .element-bottomshadow:after{opacity:0.7;}<\/style><div class=\"fusion-reading-box-container reading-box-container-5 fusion-animated\" data-animationType=\"slideInRight\" data-animationDuration=\"3.0\" data-animationOffset=\"50%\" style=\"margin-top:0px;margin-bottom:20px;\"><div class=\"reading-box element-bottomshadow\" style=\"background-color:#f9f9fb;border-width:1px;border-color:rgba(226,226,226,0);border-left-width:3px;border-left-color:var(--primary_color);border-style:solid;\"><h2>Leaders League<\/h2><div class=\"reading-box-additional fusion-reading-box-additional\">\n<p><span style=\"font-weight: 400;\">Este a\u00f1o, nuestro equipo ha sido reconocido como una Firma Recomendada por el prestigioso ranking internacional Leaders League. Este reconocimiento subraya nuestro compromiso con la prestaci\u00f3n de servicios de primer nivel. Estamos agradecidos por esta distinci\u00f3n y motivados para continuar nuestra b\u00fasqueda de la excelencia en todo lo que hacemos.<\/span><\/p>\n<\/div><div class=\"fusion-clearfix\"><\/div><\/div><\/div><p>\u00a0<\/p><style type='text\/css'>.reading-box-container-6 .element-bottomshadow:before,.reading-box-container-6 .element-bottomshadow:after{opacity:0.7;}<\/style><div class=\"fusion-reading-box-container reading-box-container-6 fusion-animated\" data-animationType=\"slideInRight\" data-animationDuration=\"3.0\" data-animationOffset=\"50%\" style=\"margin-top:0px;margin-bottom:20px;\"><div class=\"reading-box element-bottomshadow\" style=\"background-color:#f9f9fb;border-width:1px;border-color:rgba(226,226,226,0);border-left-width:3px;border-left-color:var(--primary_color);border-style:solid;\"><h2>WIPR Leaders 2024<\/h2><div class=\"reading-box-additional fusion-reading-box-additional\">\n<p><span style=\"font-weight: 400;\">Nos enorgullece que BGAL Asociados haya sido reconocida como L\u00edderes en Propiedad Intelectual por WIPR Leaders 2024. Esta distinci\u00f3n destaca nuestra experiencia y dedicaci\u00f3n en el \u00e1mbito de la propiedad intelectual. Nos sentimos honrados de recibir este reconocimiento y seguimos comprometidos a ofrecer un servicio excepcional y soluciones innovadoras para nuestros clientes.<\/span><\/p>\n<\/div><div class=\"fusion-clearfix\"><\/div><\/div><\/div><\/div><\/div><style type=\"text\/css\">.fusion-body .fusion-builder-column-0{width:100% !important;margin-top : 0px;margin-bottom : 20px;}.fusion-builder-column-0 > .fusion-column-wrapper {padding-top : 0px !important;padding-right : 0px !important;margin-right : 1.92%;padding-bottom : 0px !important;padding-left : 0px !important;margin-left : 1.92%;}@media only screen and (max-width:1024px) {.fusion-body .fusion-builder-column-0{width:100% !important;order : 0;}.fusion-builder-column-0 > .fusion-column-wrapper {margin-right : 1.92%;margin-left : 1.92%;}}@media only screen and (max-width:640px) {.fusion-body .fusion-builder-column-0{width:100% !important;order : 0;}.fusion-builder-column-0 > .fusion-column-wrapper {margin-right : 1.92%;margin-left : 1.92%;}}<\/style><\/div><style type=\"text\/css\">.fusion-body .fusion-flex-container.fusion-builder-row-1{ padding-top : 0px;margin-top : 0px;padding-right : 0px;padding-bottom : 0px;margin-bottom : 0px;padding-left : 0px;}<\/style><\/div><div class=\"fusion-fullwidth fullwidth-box fusion-builder-row-2 fusion-flex-container nonhundred-percent-fullwidth non-hundred-percent-height-scrolling fusion-animated\" style=\"background-color: rgba(255,255,255,0);background-position: center center;background-repeat: no-repeat;border-width: 0px 0px 0px 0px;border-color:#e2e2e2;border-style:solid;\" data-animationType=\"slideInUp\" data-animationDuration=\"3.0\" data-animationOffset=\"100%\" ><div class=\"fusion-builder-row fusion-row fusion-flex-align-items-flex-start\" style=\"max-width:1248px;margin-left: calc(-4% \/ 2 );margin-right: calc(-4% \/ 2 );\"><\/div><style type=\"text\/css\">.fusion-body .fusion-flex-container.fusion-builder-row-2{ padding-top : 0px;margin-top : 0px;padding-right : 0px;padding-bottom : 0px;margin-bottom : 0px;padding-left : 0px;}<\/style><\/div><\/p>\n","protected":false},"excerpt":{"rendered":"","protected":false},"author":1,"featured_media":0,"parent":0,"menu_order":18,"comment_status":"closed","ping_status":"closed","template":"100-width.php","meta":{"footnotes":""},"_links":{"self":[{"href":"https:\/\/bgal.com.mx\/index.php?rest_route=\/wp\/v2\/pages\/2134"}],"collection":[{"href":"https:\/\/bgal.com.mx\/index.php?rest_route=\/wp\/v2\/pages"}],"about":[{"href":"https:\/\/bgal.com.mx\/index.php?rest_route=\/wp\/v2\/types\/page"}],"author":[{"embeddable":true,"href":"https:\/\/bgal.com.mx\/index.php?rest_route=\/wp\/v2\/users\/1"}],"replies":[{"embeddable":true,"href":"https:\/\/bgal.com.mx\/index.php?rest_route=%2Fwp%2Fv2%2Fcomments&post=2134"}],"version-history":[{"count":2,"href":"https:\/\/bgal.com.mx\/index.php?rest_route=\/wp\/v2\/pages\/2134\/revisions"}],"predecessor-version":[{"id":2270,"href":"https:\/\/bgal.com.mx\/index.php?rest_route=\/wp\/v2\/pages\/2134\/revisions\/2270"}],"wp:attachment":[{"href":"https:\/\/bgal.com.mx\/index.php?rest_route=%2Fwp%2Fv2%2Fmedia&parent=2134"}],"curies":[{"name":"wp","href":"https:\/\/api.w.org\/{rel}","templated":true}]}}