{"id":2263,"date":"2025-04-15T07:22:11","date_gmt":"2025-04-15T07:22:11","guid":{"rendered":"https:\/\/bgal.com.mx\/?page_id=2263"},"modified":"2025-04-15T07:22:11","modified_gmt":"2025-04-15T07:22:11","slug":"sara-cuevas-cerezo","status":"publish","type":"page","link":"https:\/\/bgal.com.mx\/?page_id=2263","title":{"rendered":"Sara Cuevas Cerezo"},"content":{"rendered":"<p><div class=\"fusion-fullwidth fullwidth-box fusion-builder-row-1 fusion-flex-container nonhundred-percent-fullwidth non-hundred-percent-height-scrolling\" style=\"background-color: rgba(255,255,255,0);background-position: center center;background-repeat: no-repeat;border-width: 0px 0px 0px 0px;border-color:#e2e2e2;border-style:solid;\" ><div class=\"fusion-builder-row fusion-row fusion-flex-align-items-flex-start\" style=\"max-width:1248px;margin-left: calc(-4% \/ 2 );margin-right: calc(-4% \/ 2 );\"><div class=\"fusion-layout-column fusion_builder_column fusion-builder-column-0 fusion_builder_column_1_2 1_2 fusion-flex-column fusion-animated\" data-animationType=\"slideInRight\" data-animationDuration=\"2.5\" data-animationOffset=\"100%\"><div class=\"fusion-column-wrapper fusion-flex-justify-content-flex-start fusion-content-layout-column\" style=\"background-position:left top;background-repeat:no-repeat;-webkit-background-size:cover;-moz-background-size:cover;-o-background-size:cover;background-size:cover;padding: 0px 0px 0px 0px;\"><div ><span class=\" fusion-imageframe imageframe-none imageframe-1 hover-type-zoomin\"><img decoding=\"async\" width=\"585\" height=\"685\" title=\"102\" src=\"https:\/\/bgal.com.mx\/wp-content\/uploads\/2025\/04\/102.jpg\" class=\"img-responsive wp-image-2259\" srcset=\"https:\/\/bgal.com.mx\/wp-content\/uploads\/2025\/04\/102-200x234.jpg 200w, https:\/\/bgal.com.mx\/wp-content\/uploads\/2025\/04\/102-400x468.jpg 400w, https:\/\/bgal.com.mx\/wp-content\/uploads\/2025\/04\/102.jpg 585w\" sizes=\"(max-width: 640px) 100vw, 585px\" \/><\/span><\/div><p>\u00a0<\/p><div class=\"fusion-text fusion-text-1\" style=\"transform:translate3d(0,0,0);\"><p><i class=\"fb-icon-element-1 fb-icon-element fontawesome-icon fa-envelope-open-text fas circle-yes fusion-text-flow\" style=\"font-size:14.08px;line-height:26.16px;height:28.16px;width:28.16px;border-width:1px;margin-right:8px;\"><\/i><style>i.fb-icon-element.fontawesome-icon.fb-icon-element-1{ color: #ffffff; background-color: #4a4e57; border-color: #4a4e57;}i.fb-icon-element.fontawesome-icon.fb-icon-element-1:hover { color: #ffffff; background-color: #ec6733; border-color: #ec6733;}<\/style> <a href=\"#\">sara@bgal.com.mx<\/a><\/p>\n<p><strong>\u00c1REAS DE PR\u00c1CTICA<\/strong><\/p>\n<ul>\n<li>Compliance fiscal, contable y laboral para diversas empresas<\/li>\n<li>Auditor\u00edas fiscales a diversos contribuyentes<\/li>\n<li>Administraci\u00f3n, gesti\u00f3n y control de presupuesto, recursos humanos y materiales.<\/li>\n<li>Revisi\u00f3n de controles contables, fiscales y financieros para Casas de Bolsa, Bancos, factoraje y almacenadoras en el exterior y en M\u00e9xico.<\/li>\n<li>Supervisi\u00f3n de normas de cumplimiento emitidos por Comisi\u00f3n Nacional Bancaria y de Valores para Grupos Financieros<\/li>\n<\/ul>\n<p><strong>IDIOMAS<\/strong><\/p>\n<ul>\n<li>Espa\u00f1ol<\/li>\n<li>Ingl\u00e9s<\/li>\n<\/ul>\n<\/div><\/div><\/div><style type=\"text\/css\">.fusion-body .fusion-builder-column-0{width:50% !important;margin-top : 0px;margin-bottom : 0px;}.fusion-builder-column-0 > .fusion-column-wrapper {padding-top : 0px !important;padding-right : 0px !important;margin-right : 3.84%;padding-bottom : 0px !important;padding-left : 0px !important;margin-left : 3.84%;}@media only screen and (max-width:1024px) {.fusion-body .fusion-builder-column-0{width:50% !important;order : 0;margin-top : -40px;}.fusion-builder-column-0 > .fusion-column-wrapper {margin-right : 3.84%;margin-left : 3.84%;}}@media only screen and (max-width:640px) {.fusion-body .fusion-builder-column-0{width:100% !important;order : 0;margin-top : 0;}.fusion-builder-column-0 > .fusion-column-wrapper {padding-top : 6vh !important;margin-right : 1.92%;margin-left : 1.92%;}}<\/style><div class=\"fusion-layout-column fusion_builder_column fusion-builder-column-1 fusion_builder_column_1_2 1_2 fusion-flex-column fusion-animated\" data-animationType=\"slideInLeft\" data-animationDuration=\"2.5\" data-animationOffset=\"100%\"><div class=\"fusion-column-wrapper fusion-flex-justify-content-flex-start fusion-content-layout-column\" style=\"background-position:left top;background-repeat:no-repeat;-webkit-background-size:cover;-moz-background-size:cover;-o-background-size:cover;background-size:cover;padding: 5vh 2vw 0px 0px;\"><div class=\"fusion-text fusion-text-2\" style=\"transform:translate3d(0,0,0);\"><p style=\"text-align: justify;\">Sara posee m\u00e1s de 20 a\u00f1os de experiencia en contabilidad, finanzas, auditor\u00eda. A lo largo de su carrera, ha trabajado en auditor\u00edas de alto nivel, as\u00ed como en la gesti\u00f3n y administraci\u00f3n de instituciones gubernamentales. Adem\u00e1s, ha liderado revisiones de cumplimiento en programas de control interno para las sociedades integrantes de Grupos Financieros tanto en el exterior como dentro de la Rep\u00fablica Mexicana.<\/p>\n<p style=\"text-align: justify;\">Actualmente funge como catedr\u00e1tica en la Unidad de Posgrado de la Facultad de Derecho de la UNAM impartiendo la materia de Personas f\u00edsicas y las contribuciones.<\/p>\n<p style=\"text-align: justify;\">Su amplia trayectoria le ha permitido desarrollar una profunda comprensi\u00f3n de los procesos y normativas tanto del sector p\u00fablico como privado le ha permitido adquirir un s\u00f3lido conocimiento en la optimizaci\u00f3n de recursos, la gesti\u00f3n de riesgos y programas de cumplimiento laboral y contable de las empresas.<\/p>\n<\/div><\/div><\/div><style type=\"text\/css\">.fusion-body .fusion-builder-column-1{width:50% !important;margin-top : 0px;margin-bottom : 0px;}.fusion-builder-column-1 > .fusion-column-wrapper {padding-top : 5vh !important;padding-right : 2vw !important;margin-right : 3.84%;padding-bottom : 0px !important;padding-left : 0px !important;margin-left : 3.84%;}@media only screen and (max-width:1024px) {.fusion-body .fusion-builder-column-1{width:50% !important;order : 0;}.fusion-builder-column-1 > .fusion-column-wrapper {padding-top : 8vh !important;margin-right : 3.84%;padding-left : 4vh !important;margin-left : 3.84%;}}@media only screen and (max-width:640px) {.fusion-body .fusion-builder-column-1{width:100% !important;order : 1;}.fusion-builder-column-1 > .fusion-column-wrapper {padding-top : 5vh !important;margin-right : 1.92%;margin-left : 1.92%;}}<\/style><\/div><style type=\"text\/css\">.fusion-body .fusion-flex-container.fusion-builder-row-1{ padding-top : 0px;margin-top : 0px;padding-right : 0px;padding-bottom : 0px;margin-bottom : 0px;padding-left : 0px;}<\/style><\/div><div class=\"fusion-fullwidth fullwidth-box fusion-builder-row-2 fusion-flex-container nonhundred-percent-fullwidth non-hundred-percent-height-scrolling\" style=\"background-color: rgba(255,255,255,0);background-position: center center;background-repeat: no-repeat;border-width: 0px 0px 0px 0px;border-color:#e2e2e2;border-style:solid;\" ><div class=\"fusion-builder-row fusion-row fusion-flex-align-items-flex-start\" style=\"max-width:1248px;margin-left: calc(-4% \/ 2 );margin-right: calc(-4% \/ 2 );\"><div class=\"fusion-layout-column fusion_builder_column fusion-builder-column-2 fusion_builder_column_1_1 1_1 fusion-flex-column\"><div class=\"fusion-column-wrapper fusion-flex-justify-content-flex-start fusion-content-layout-column\" style=\"background-position:left top;background-repeat:no-repeat;-webkit-background-size:cover;-moz-background-size:cover;-o-background-size:cover;background-size:cover;padding: 0px 0px 0px 0px;\"><br>\n<br><div class=\"fusion-tabs fusion-tabs-1 classic horizontal-tabs icon-position-left\"><style type=\"text\/css\">.fusion-tabs.fusion-tabs-1 .nav-tabs li a.tab-link{border-top-color:#f9f9fb;background-color:#f9f9fb;}.fusion-tabs.fusion-tabs-1 .nav-tabs{background-color:#ffffff;}.fusion-tabs.fusion-tabs-1 .nav-tabs li.active a.tab-link,.fusion-tabs.fusion-tabs-1 .nav-tabs li.active a.tab-link:hover,.fusion-tabs.fusion-tabs-1 .nav-tabs li.active a.tab-link:focus{border-right-color:#ffffff;}.fusion-tabs.fusion-tabs-1 .nav-tabs li.active a.tab-link,.fusion-tabs.fusion-tabs-1 .nav-tabs li.active a.tab-link:hover,.fusion-tabs.fusion-tabs-1 .nav-tabs li.active a.tab-link:focus{background-color:#ffffff;}.fusion-tabs.fusion-tabs-1 .nav-tabs li a:hover{background-color:#ffffff;border-top-color:#ffffff;}.fusion-tabs.fusion-tabs-1 .tab-pane{background-color:#ffffff;}.fusion-tabs.fusion-tabs-1 .nav,.fusion-tabs.fusion-tabs-1 .nav-tabs,.fusion-tabs.fusion-tabs-1 .tab-content .tab-pane{border-color:#e2e2e2;}<\/style><div class=\"nav\"><ul class=\"nav-tabs nav-justified\" role=\"tablist\"><li class=\"active\"><a class=\"tab-link\" data-toggle=\"tab\" role=\"tab\" aria-controls=\"tab-4f7ee05281b277a2415\" aria-selected=\"true\" id=\"fusion-tab-formaci\u00d3nacad\u00c9mica\" href=\"#tab-4f7ee05281b277a2415\"><h4 class=\"fusion-tab-heading\">FORMACI\u00d3N ACAD\u00c9MICA<\/h4><\/a><\/li><li><a class=\"tab-link\" data-toggle=\"tab\" role=\"tab\" aria-controls=\"tab-88ab88b7f0880f48955\" aria-selected=\"false\" tabindex=\"-1\" id=\"fusion-tab-experienciaprofesional\" href=\"#tab-88ab88b7f0880f48955\"><h4 class=\"fusion-tab-heading\">EXPERIENCIA PROFESIONAL<\/h4><\/a><\/li><\/ul><\/div><div class=\"tab-content\"><div class=\"nav fusion-mobile-tab-nav\"><ul class=\"nav-tabs nav-justified\"><li class=\"active\"><a class=\"tab-link\" data-toggle=\"tab\" role=\"tab\" aria-controls=\"tab-4f7ee05281b277a2415\" aria-selected=\"true\" id=\"mobile-fusion-tab-formaci\u00d3nacad\u00c9mica\" href=\"#tab-4f7ee05281b277a2415\"><h4 class=\"fusion-tab-heading\">FORMACI\u00d3N ACAD\u00c9MICA<\/h4><\/a><\/li><\/ul><\/div><div class=\"tab-pane fade fusion-clearfix in active\" role=\"tabpanel\" tabindex=\"0\" aria-labelledby=\"fusion-tab-formaci\u00d3nacad\u00c9mica\" id=\"tab-4f7ee05281b277a2415\">\n<ul>\n<li>Licenciatura en Contadur\u00eda \u2013 FCA UNAM (1985-1992)<\/li>\n<li>Maestr\u00eda en Finanzas \u2013 Unidad Posgrado FCA UNAM (1999-2000)<\/li>\n<li>Maestr\u00eda en Administraci\u00f3n de Contribuciones- Unidad de Posgrado FCA UNAM (2018-2020)<\/li>\n<li>Licenciatura en Teolog\u00eda B\u00edblica \u2013 Instituto Internacional B\u00edblico de Massachusetts (2016-2018)<\/li>\n<\/ul>\n<\/div><div class=\"nav fusion-mobile-tab-nav\"><ul class=\"nav-tabs nav-justified\"><li><a class=\"tab-link\" data-toggle=\"tab\" role=\"tab\" aria-controls=\"tab-88ab88b7f0880f48955\" aria-selected=\"false\" tabindex=\"-1\" id=\"mobile-fusion-tab-experienciaprofesional\" href=\"#tab-88ab88b7f0880f48955\"><h4 class=\"fusion-tab-heading\">EXPERIENCIA PROFESIONAL<\/h4><\/a><\/li><\/ul><\/div><div class=\"tab-pane fade fusion-clearfix\" role=\"tabpanel\" tabindex=\"0\" aria-labelledby=\"fusion-tab-experienciaprofesional\" id=\"tab-88ab88b7f0880f48955\">\n<ul>\n<li>Constructora Arcotecho Geoplast (2023)<\/li>\n<li>Constructora e Inmobiliaria Liroga (2020)<\/li>\n<li>SAT Sistema de Administraci\u00f3n tributaria (2018)<\/li>\n<li>Multidisciplina Aplicada AC (2015)<\/li>\n<li>DIF Casa Cuna Tlalpan (1998)<\/li>\n<li>Grupo Financiero BBVA (1991-1996)<\/li>\n<li>Banco Bital &#8211; HSBC (1990)<\/li>\n<\/ul>\n<\/div><\/div><\/div><\/div><\/div><style type=\"text\/css\">.fusion-body .fusion-builder-column-2{width:100% !important;margin-top : 0px;margin-bottom : 20px;}.fusion-builder-column-2 > .fusion-column-wrapper {padding-top : 0px !important;padding-right : 0px !important;margin-right : 1.92%;padding-bottom : 0px !important;padding-left : 0px !important;margin-left : 1.92%;}@media only screen and (max-width:1024px) {.fusion-body .fusion-builder-column-2{width:100% !important;order : 0;}.fusion-builder-column-2 > .fusion-column-wrapper {margin-right : 1.92%;margin-left : 1.92%;}}@media only screen and (max-width:640px) {.fusion-body .fusion-builder-column-2{width:100% !important;order : 0;}.fusion-builder-column-2 > .fusion-column-wrapper {margin-right : 1.92%;margin-left : 1.92%;}}<\/style><\/div><style type=\"text\/css\">.fusion-body .fusion-flex-container.fusion-builder-row-2{ padding-top : 0px;margin-top : 0px;padding-right : 0px;padding-bottom : 0px;margin-bottom : 0px;padding-left : 0px;}<\/style><\/div><\/p>\n","protected":false},"excerpt":{"rendered":"","protected":false},"author":1,"featured_media":0,"parent":0,"menu_order":16,"comment_status":"closed","ping_status":"closed","template":"100-width.php","meta":{"footnotes":""},"_links":{"self":[{"href":"https:\/\/bgal.com.mx\/index.php?rest_route=\/wp\/v2\/pages\/2263"}],"collection":[{"href":"https:\/\/bgal.com.mx\/index.php?rest_route=\/wp\/v2\/pages"}],"about":[{"href":"https:\/\/bgal.com.mx\/index.php?rest_route=\/wp\/v2\/types\/page"}],"author":[{"embeddable":true,"href":"https:\/\/bgal.com.mx\/index.php?rest_route=\/wp\/v2\/users\/1"}],"replies":[{"embeddable":true,"href":"https:\/\/bgal.com.mx\/index.php?rest_route=%2Fwp%2Fv2%2Fcomments&post=2263"}],"version-history":[{"count":1,"href":"https:\/\/bgal.com.mx\/index.php?rest_route=\/wp\/v2\/pages\/2263\/revisions"}],"predecessor-version":[{"id":2264,"href":"https:\/\/bgal.com.mx\/index.php?rest_route=\/wp\/v2\/pages\/2263\/revisions\/2264"}],"wp:attachment":[{"href":"https:\/\/bgal.com.mx\/index.php?rest_route=%2Fwp%2Fv2%2Fmedia&parent=2263"}],"curies":[{"name":"wp","href":"https:\/\/api.w.org\/{rel}","templated":true}]}}