{"id":2271,"date":"2025-04-16T12:59:27","date_gmt":"2025-04-16T12:59:27","guid":{"rendered":"https:\/\/bgal.com.mx\/?page_id=2271"},"modified":"2025-04-16T13:04:42","modified_gmt":"2025-04-16T13:04:42","slug":"reconocimientos-2025","status":"publish","type":"page","link":"https:\/\/bgal.com.mx\/?page_id=2271","title":{"rendered":"Reconocimientos &#8211; 2025"},"content":{"rendered":"<p><div class=\"fusion-fullwidth fullwidth-box fusion-builder-row-1 fusion-flex-container nonhundred-percent-fullwidth non-hundred-percent-height-scrolling\" style=\"background-color: rgba(255,255,255,0);background-position: center center;background-repeat: no-repeat;border-width: 0px 0px 0px 0px;border-color:#e2e2e2;border-style:solid;\" ><div class=\"fusion-builder-row fusion-row fusion-flex-align-items-flex-start\" style=\"max-width:1248px;margin-left: calc(-4% \/ 2 );margin-right: calc(-4% \/ 2 );\"><div class=\"fusion-layout-column fusion_builder_column fusion-builder-column-0 fusion_builder_column_1_1 1_1 fusion-flex-column\"><div class=\"fusion-column-wrapper fusion-flex-justify-content-flex-start fusion-content-layout-column\" style=\"background-position:left top;background-repeat:no-repeat;-webkit-background-size:cover;-moz-background-size:cover;-o-background-size:cover;background-size:cover;padding: 0px 0px 0px 0px;\"><style type='text\/css'>.reading-box-container-1 .element-bottomshadow:before,.reading-box-container-1 .element-bottomshadow:after{opacity:0.7;}<\/style><div class=\"fusion-reading-box-container reading-box-container-1 fusion-animated\" data-animationType=\"slideInRight\" data-animationDuration=\"3.0\" data-animationOffset=\"50%\" style=\"margin-top:0px;margin-bottom:20px;\"><div class=\"reading-box element-bottomshadow\" style=\"background-color:#f9f9fb;border-width:1px;border-color:rgba(226,226,226,0);border-left-width:3px;border-left-color:var(--primary_color);border-style:solid;\"><h2>Chambers and Partners<\/h2><div class=\"reading-box-additional fusion-reading-box-additional\">\n<p><span style=\"font-weight: 400;\">\u201cLos servicios de BGAL Asociados siempre se proporcionan con calidad, prontitud y eficiencia. El equipo legal est\u00e1 bien consolidado y se esfuerza por aportar valor a\u00f1adido en cada uno de sus servicios.\u201d\u00a0\u00a0<\/span><\/p>\n<p><span style=\"font-weight: 400;\">\u201cInti Alejandro Alva es un abogado muy intelectual e inteligente, que siempre est\u00e1 dispuesto a ayudar cuando es necesario.\u201d\u00a0\u00a0<\/span><\/p>\n<p><span style=\"font-weight: 400;\">\u201cFlor Berm\u00fadez es una socia muy comprometida, que siempre est\u00e1 dispuesta a apoyarnos y proporcionarnos servicios.\u201d<\/span><\/p>\n<\/div><div class=\"fusion-clearfix\"><\/div><\/div><\/div><p>\u00a0<\/p><style type='text\/css'>.reading-box-container-2 .element-bottomshadow:before,.reading-box-container-2 .element-bottomshadow:after{opacity:0.7;}<\/style><div class=\"fusion-reading-box-container reading-box-container-2 fusion-animated\" data-animationType=\"slideInRight\" data-animationDuration=\"3.0\" data-animationOffset=\"50%\" style=\"margin-top:0px;margin-bottom:20px;\"><div class=\"reading-box element-bottomshadow\" style=\"background-color:#f9f9fb;border-width:1px;border-color:rgba(226,226,226,0);border-left-width:3px;border-left-color:var(--primary_color);border-style:solid;\"><h2>LATIN LAWYER 250\/ 26th Edition<\/h2><div class=\"reading-box-additional fusion-reading-box-additional\">\n<p><span style=\"font-weight: 400;\">BGAL Asociados ha sido reconocida por Latin Lawyer 250 como una firma l\u00edder en Propiedad Intelectual, destac\u00e1ndose en un campo altamente competitivo y especializado. Este reconocimiento refleja la excelencia y el compromiso de la firma en proporcionar servicios legales de alta calidad en el \u00e1mbito de la propiedad intelectual, que incluye la protecci\u00f3n de marcas, derechos de autor, patentes y secretos comerciales.<\/span><\/p>\n<\/div><div class=\"fusion-clearfix\"><\/div><\/div><\/div><p>\u00a0<\/p><style type='text\/css'>.reading-box-container-3 .element-bottomshadow:before,.reading-box-container-3 .element-bottomshadow:after{opacity:0.7;}<\/style><div class=\"fusion-reading-box-container reading-box-container-3 fusion-animated\" data-animationType=\"slideInRight\" data-animationDuration=\"3.0\" data-animationOffset=\"50%\" style=\"margin-top:0px;margin-bottom:20px;\"><div class=\"reading-box element-bottomshadow\" style=\"background-color:#f9f9fb;border-width:1px;border-color:rgba(226,226,226,0);border-left-width:3px;border-left-color:var(--primary_color);border-style:solid;\"><h2>LACCA APPROVED 2025 <\/h2><div class=\"reading-box-additional fusion-reading-box-additional\">\n<p><span style=\"font-weight: 400;\">Nuestros socios han sido reconocidos por LACCA APPROVED 2025 como los principales profesionales de Am\u00e9rica Latina en el campo de la Propiedad Intelectual. El equipo de BGAL Asociados est\u00e1 compuesto por profesionales altamente capacitados con amplia experiencia en derecho de propiedad intelectual, lo que les permite ofrecer asesor\u00eda estrat\u00e9gica a sus clientes en la creaci\u00f3n, gesti\u00f3n y defensa de sus activos intangibles.<\/span><\/p>\n<\/div><div class=\"fusion-clearfix\"><\/div><\/div><\/div><p>\u00a0<\/p><style type='text\/css'>.reading-box-container-4 .element-bottomshadow:before,.reading-box-container-4 .element-bottomshadow:after{opacity:0.7;}<\/style><div class=\"fusion-reading-box-container reading-box-container-4 fusion-animated\" data-animationType=\"slideInRight\" data-animationDuration=\"3.0\" data-animationOffset=\"50%\" style=\"margin-top:0px;margin-bottom:20px;\"><div class=\"reading-box element-bottomshadow\" style=\"background-color:#f9f9fb;border-width:1px;border-color:rgba(226,226,226,0);border-left-width:3px;border-left-color:var(--primary_color);border-style:solid;\"><h2>LEGAL 500 LATIN AMERICA <\/h2><div class=\"reading-box-additional fusion-reading-box-additional\">\n<p><span style=\"font-weight: 400;\">El servicio de propiedad intelectual \u00abaltamente eficaz\u00bb en la firma BGAL Asociados recibe la aprobaci\u00f3n de los clientes por su \u00abatenci\u00f3n personalizada y la especializaci\u00f3n de cada uno de sus abogados\u00bb.\u00a0\u00a0<\/span><\/p>\n<p><span style=\"font-weight: 400;\">El equipo tiene una amplia experiencia en la redacci\u00f3n de asuntos transaccionales de propiedad intelectual, desde acuerdos de conciliaci\u00f3n, patrocinio o coexistencia, hasta la adquisici\u00f3n de activos de propiedad intelectual, licencias y franquicias.<\/span><\/p>\n<\/div><div class=\"fusion-clearfix\"><\/div><\/div><\/div><p>\u00a0<\/p><style type='text\/css'>.reading-box-container-5 .element-bottomshadow:before,.reading-box-container-5 .element-bottomshadow:after{opacity:0.7;}<\/style><div class=\"fusion-reading-box-container reading-box-container-5 fusion-animated\" data-animationType=\"slideInRight\" data-animationDuration=\"3.0\" data-animationOffset=\"50%\" style=\"margin-top:0px;margin-bottom:20px;\"><div class=\"reading-box element-bottomshadow\" style=\"background-color:#f9f9fb;border-width:1px;border-color:rgba(226,226,226,0);border-left-width:3px;border-left-color:var(--primary_color);border-style:solid;\"><h2>IAM 1000 <\/h2><div class=\"reading-box-additional fusion-reading-box-additional\">\n<p><span style=\"font-weight: 400;\">IAM 1000 ha reconocido a nuestro socio Inti Alva por su trabajo en el campo de la propiedad intelectual. \u201cInti Alva se esfuerza por ofrecer soluciones efectivas y personalizadas que se adaptan a las necesidades espec\u00edficas de cada cliente, asegurando as\u00ed su \u00e9xito en un entorno competitivo.\u201d<\/span><\/p>\n<\/div><div class=\"fusion-clearfix\"><\/div><\/div><\/div><p>\u00a0<\/p><style type='text\/css'>.reading-box-container-6 .element-bottomshadow:before,.reading-box-container-6 .element-bottomshadow:after{opacity:0.7;}<\/style><div class=\"fusion-reading-box-container reading-box-container-6 fusion-animated\" data-animationType=\"slideInRight\" data-animationDuration=\"3.0\" data-animationOffset=\"50%\" style=\"margin-top:0px;margin-bottom:20px;\"><div class=\"reading-box element-bottomshadow\" style=\"background-color:#f9f9fb;border-width:1px;border-color:rgba(226,226,226,0);border-left-width:3px;border-left-color:var(--primary_color);border-style:solid;\"><h2>BEST LAWYERS <\/h2><div class=\"reading-box-additional fusion-reading-box-additional\">\n<p><span style=\"font-weight: 400;\">Nuestros socios se esfuerzan continuamente por mantener los m\u00e1s altos est\u00e1ndares de profesionalidad e integridad, asegurando que permanecen a la vanguardia del panorama jur\u00eddico. Este reconocimiento es un testimonio del trabajo duro, la pasi\u00f3n y la dedicaci\u00f3n que nuestros socios aportan a su pr\u00e1ctica todos los d\u00edas. Estamos muy contentos de celebrar este logro y esperamos seguir prestando servicios jur\u00eddicos excepcionales que superen las expectativas de nuestros clientes.<\/span><\/p>\n<\/div><div class=\"fusion-clearfix\"><\/div><\/div><\/div><p>\u00a0<\/p><style type='text\/css'>.reading-box-container-7 .element-bottomshadow:before,.reading-box-container-7 .element-bottomshadow:after{opacity:0.7;}<\/style><div class=\"fusion-reading-box-container reading-box-container-7 fusion-animated\" data-animationType=\"slideInRight\" data-animationDuration=\"3.0\" data-animationOffset=\"50%\" style=\"margin-top:0px;margin-bottom:20px;\"><div class=\"reading-box element-bottomshadow\" style=\"background-color:#f9f9fb;border-width:1px;border-color:rgba(226,226,226,0);border-left-width:3px;border-left-color:var(--primary_color);border-style:solid;\"><h2>WTR 1000<\/h2><div class=\"reading-box-additional fusion-reading-box-additional\">\n<p><span style=\"font-weight: 400;\">Fundada en 2018, la firma alberga un equipo excepcional de asociados que poseen m\u00e1s de 25 a\u00f1os de experiencia combinada en propiedad intelectual, derecho corporativo y derecho regulatorio.\u00a0\u00a0<\/span><\/p>\n<p><span style=\"font-weight: 400;\">Valorando la excelencia por encima de todo, el equipo ofrece asesor\u00eda legal integral, rentable y orientada a los negocios.\u00a0\u00a0<\/span><\/p>\n<p><span style=\"font-weight: 400;\">\u00abFlor es una abogada de marcas confiable y altamente experimentada, h\u00e1bil en la gesti\u00f3n de m\u00faltiples solicitudes de marcas tanto en M\u00e9xico como a nivel internacional. Reconocida por su r\u00e1pida capacidad de respuesta y su enfoque proactivo, se mantiene constantemente por delante de los plazos establecidos.\u00bb<\/span><\/p>\n<p><span style=\"font-weight: 400;\">\u00abInti es un l\u00edder en el campo de la propiedad intelectual a nivel mundial. Su profundo entendimiento de la protecci\u00f3n de marcas, combinado con su talento para navegar por los complejos paisajes legales de Am\u00e9rica Latina, lo posiciona como un socio estrat\u00e9gico invaluable para las empresas que buscan salvaguardar y expandir sus activos intelectuales.\u00bb<\/span><\/p>\n<\/div><div class=\"fusion-clearfix\"><\/div><\/div><\/div><p>\u00a0<\/p><style type='text\/css'>.reading-box-container-8 .element-bottomshadow:before,.reading-box-container-8 .element-bottomshadow:after{opacity:0.7;}<\/style><div class=\"fusion-reading-box-container reading-box-container-8 fusion-animated\" data-animationType=\"slideInRight\" data-animationDuration=\"3.0\" data-animationOffset=\"50%\" style=\"margin-top:0px;margin-bottom:20px;\"><div class=\"reading-box element-bottomshadow\" style=\"background-color:#f9f9fb;border-width:1px;border-color:rgba(226,226,226,0);border-left-width:3px;border-left-color:var(--primary_color);border-style:solid;\"><h2>Global Guide Chambers and Partners <\/h2><div class=\"reading-box-additional fusion-reading-box-additional\">\n<p><span style=\"font-weight: 400;\">La inclusi\u00f3n en esta gu\u00eda refleja no solo la calidad de nuestros servicios, sino tambi\u00e9n la habilidad y dedicaci\u00f3n de nuestro talentoso equipo de profesionales, quienes trabajan incansablemente para ofrecer soluciones estrat\u00e9gicas y personalizadas a nuestros clientes. En BGAL Asociados, entendemos que la protecci\u00f3n de los activos intelectuales es fundamental para el \u00e9xito de las empresas en un entorno comercial cada vez m\u00e1s competitivo.<\/span><\/p>\n<p><span style=\"font-weight: 400;\">Agradecemos la confianza de nuestros clientes y la colaboraci\u00f3n de nuestros colegas, que han sido esenciales para alcanzar este logro.<\/span><\/p>\n<\/div><div class=\"fusion-clearfix\"><\/div><\/div><\/div><p>\u00a0<\/p><style type='text\/css'>.reading-box-container-9 .element-bottomshadow:before,.reading-box-container-9 .element-bottomshadow:after{opacity:0.7;}<\/style><div class=\"fusion-reading-box-container reading-box-container-9 fusion-animated\" data-animationType=\"slideInRight\" data-animationDuration=\"3.0\" data-animationOffset=\"50%\" style=\"margin-top:0px;margin-bottom:20px;\"><div class=\"reading-box element-bottomshadow\" style=\"background-color:#f9f9fb;border-width:1px;border-color:rgba(226,226,226,0);border-left-width:3px;border-left-color:var(--primary_color);border-style:solid;\"><h2>Media Law International Ranked Firm<\/h2><div class=\"reading-box-additional fusion-reading-box-additional\">\n<p><span style=\"font-weight: 400;\">Es un honor compartir que BGAL Asociados ha sido clasificada en la Categor\u00eda 1 en la \u00faltima edici\u00f3n de Media Law International como una firma de abogados destacada en 2025. Tambi\u00e9n nos enorgullece anunciar que nuestro socio Inti Alva ha recibido una menci\u00f3n especial como abogado l\u00edder en esta edici\u00f3n.\u00a0\u00a0<\/span><\/p>\n<p><span style=\"font-weight: 400;\">Este reconocimiento refleja la confianza que nuestros clientes depositan en nosotros, as\u00ed como la excepcional dedicaci\u00f3n, talento e integridad de nuestro equipo legal.<\/span><\/p>\n<\/div><div class=\"fusion-clearfix\"><\/div><\/div><\/div><\/div><\/div><style type=\"text\/css\">.fusion-body .fusion-builder-column-0{width:100% !important;margin-top : 0px;margin-bottom : 20px;}.fusion-builder-column-0 > .fusion-column-wrapper {padding-top : 0px !important;padding-right : 0px !important;margin-right : 1.92%;padding-bottom : 0px !important;padding-left : 0px !important;margin-left : 1.92%;}@media only screen and (max-width:1024px) {.fusion-body .fusion-builder-column-0{width:100% !important;order : 0;}.fusion-builder-column-0 > .fusion-column-wrapper {margin-right : 1.92%;margin-left : 1.92%;}}@media only screen and (max-width:640px) {.fusion-body .fusion-builder-column-0{width:100% !important;order : 0;}.fusion-builder-column-0 > .fusion-column-wrapper {margin-right : 1.92%;margin-left : 1.92%;}}<\/style><\/div><style type=\"text\/css\">.fusion-body .fusion-flex-container.fusion-builder-row-1{ padding-top : 0px;margin-top : 0px;padding-right : 0px;padding-bottom : 0px;margin-bottom : 0px;padding-left : 0px;}<\/style><\/div><div class=\"fusion-fullwidth fullwidth-box fusion-builder-row-2 fusion-flex-container nonhundred-percent-fullwidth non-hundred-percent-height-scrolling fusion-animated\" style=\"background-color: rgba(255,255,255,0);background-position: center center;background-repeat: no-repeat;border-width: 0px 0px 0px 0px;border-color:#e2e2e2;border-style:solid;\" data-animationType=\"slideInUp\" data-animationDuration=\"3.0\" data-animationOffset=\"100%\" ><div class=\"fusion-builder-row fusion-row fusion-flex-align-items-flex-start\" style=\"max-width:1248px;margin-left: calc(-4% \/ 2 );margin-right: calc(-4% \/ 2 );\"><\/div><style type=\"text\/css\">.fusion-body .fusion-flex-container.fusion-builder-row-2{ padding-top : 0px;margin-top : 0px;padding-right : 0px;padding-bottom : 0px;margin-bottom : 0px;padding-left : 0px;}<\/style><\/div><\/p>\n","protected":false},"excerpt":{"rendered":"","protected":false},"author":1,"featured_media":0,"parent":0,"menu_order":18,"comment_status":"closed","ping_status":"closed","template":"100-width.php","meta":{"footnotes":""},"_links":{"self":[{"href":"https:\/\/bgal.com.mx\/index.php?rest_route=\/wp\/v2\/pages\/2271"}],"collection":[{"href":"https:\/\/bgal.com.mx\/index.php?rest_route=\/wp\/v2\/pages"}],"about":[{"href":"https:\/\/bgal.com.mx\/index.php?rest_route=\/wp\/v2\/types\/page"}],"author":[{"embeddable":true,"href":"https:\/\/bgal.com.mx\/index.php?rest_route=\/wp\/v2\/users\/1"}],"replies":[{"embeddable":true,"href":"https:\/\/bgal.com.mx\/index.php?rest_route=%2Fwp%2Fv2%2Fcomments&post=2271"}],"version-history":[{"count":2,"href":"https:\/\/bgal.com.mx\/index.php?rest_route=\/wp\/v2\/pages\/2271\/revisions"}],"predecessor-version":[{"id":2273,"href":"https:\/\/bgal.com.mx\/index.php?rest_route=\/wp\/v2\/pages\/2271\/revisions\/2273"}],"wp:attachment":[{"href":"https:\/\/bgal.com.mx\/index.php?rest_route=%2Fwp%2Fv2%2Fmedia&parent=2271"}],"curies":[{"name":"wp","href":"https:\/\/api.w.org\/{rel}","templated":true}]}}